{"id":878,"date":"2016-03-30T09:27:08","date_gmt":"2016-03-30T09:27:08","guid":{"rendered":"https:\/\/www.kayakingcostabrava.com\/fr\/?page_id=878"},"modified":"2019-08-09T15:14:10","modified_gmt":"2019-08-09T15:14:10","slug":"qui-sommes-nous","status":"publish","type":"page","link":"https:\/\/kayakingcostabrava.com\/fr\/qui-sommes-nous\/","title":{"rendered":"Qui sommes-nous?"},"content":{"rendered":"<p>[et_pb_section bb_built=\u00a0\u00bb1&Prime; fullwidth=\u00a0\u00bbon\u00a0\u00bb specialty=\u00a0\u00bboff\u00a0\u00bb transparent_background=\u00a0\u00bboff\u00a0\u00bb allow_player_pause=\u00a0\u00bboff\u00a0\u00bb inner_shadow=\u00a0\u00bboff\u00a0\u00bb parallax=\u00a0\u00bboff\u00a0\u00bb parallax_method=\u00a0\u00bboff\u00a0\u00bb padding_mobile=\u00a0\u00bboff\u00a0\u00bb make_fullwidth=\u00a0\u00bboff\u00a0\u00bb use_custom_width=\u00a0\u00bboff\u00a0\u00bb width_unit=\u00a0\u00bbon\u00a0\u00bb make_equal=\u00a0\u00bboff\u00a0\u00bb use_custom_gutter=\u00a0\u00bboff\u00a0\u00bb module_class=\u00a0\u00bbheader_page\u00a0\u00bb custom_padding_tablet=\u00a0\u00bb50px|0|50px|0&Prime; custom_padding_last_edited=\u00a0\u00bbon|desktop\u00a0\u00bb prev_background_color=\u00a0\u00bb#000000&Prime; next_background_color=\u00a0\u00bb#f3d778&Prime;][et_pb_fullwidth_header title=\u00a0\u00bbQui sommes-nous?\u00a0\u00bb background_layout=\u00a0\u00bblight\u00a0\u00bb background_color=\u00a0\u00bbrgba(255, 255, 255, 0)\u00a0\u00bb _builder_version=\u00a0\u00bb3.6&Prime; max_width_tablet=\u00a0\u00bb50px\u00a0\u00bb button_one_text_size__hover_enabled=\u00a0\u00bboff\u00a0\u00bb button_one_text_size__hover=\u00a0\u00bbnull\u00a0\u00bb button_two_text_size__hover_enabled=\u00a0\u00bboff\u00a0\u00bb button_two_text_size__hover=\u00a0\u00bbnull\u00a0\u00bb button_one_text_color__hover_enabled=\u00a0\u00bboff\u00a0\u00bb button_one_text_color__hover=\u00a0\u00bbnull\u00a0\u00bb button_two_text_color__hover_enabled=\u00a0\u00bboff\u00a0\u00bb button_two_text_color__hover=\u00a0\u00bbnull\u00a0\u00bb button_one_border_width__hover_enabled=\u00a0\u00bboff\u00a0\u00bb button_one_border_width__hover=\u00a0\u00bbnull\u00a0\u00bb button_two_border_width__hover_enabled=\u00a0\u00bboff\u00a0\u00bb button_two_border_width__hover=\u00a0\u00bbnull\u00a0\u00bb button_one_border_color__hover_enabled=\u00a0\u00bboff\u00a0\u00bb button_one_border_color__hover=\u00a0\u00bbnull\u00a0\u00bb button_two_border_color__hover_enabled=\u00a0\u00bboff\u00a0\u00bb button_two_border_color__hover=\u00a0\u00bbnull\u00a0\u00bb button_one_border_radius__hover_enabled=\u00a0\u00bboff\u00a0\u00bb button_one_border_radius__hover=\u00a0\u00bbnull\u00a0\u00bb button_two_border_radius__hover_enabled=\u00a0\u00bboff\u00a0\u00bb button_two_border_radius__hover=\u00a0\u00bbnull\u00a0\u00bb button_one_letter_spacing__hover_enabled=\u00a0\u00bboff\u00a0\u00bb button_one_letter_spacing__hover=\u00a0\u00bbnull\u00a0\u00bb button_two_letter_spacing__hover_enabled=\u00a0\u00bboff\u00a0\u00bb button_two_letter_spacing__hover=\u00a0\u00bbnull\u00a0\u00bb button_one_bg_color__hover_enabled=\u00a0\u00bboff\u00a0\u00bb button_one_bg_color__hover=\u00a0\u00bbnull\u00a0\u00bb button_two_bg_color__hover_enabled=\u00a0\u00bboff\u00a0\u00bb button_two_bg_color__hover=\u00a0\u00bbnull\u00a0\u00bb \/][\/et_pb_section][et_pb_section bb_built=\u00a0\u00bb1&Prime; fullwidth=\u00a0\u00bboff\u00a0\u00bb specialty=\u00a0\u00bboff\u00a0\u00bb background_image=\u00a0\u00bbhttps:\/\/www.kayakingcostabrava.com\/wp-content\/uploads\/2016\/03\/bg_qui_som.png\u00a0\u00bb transparent_background=\u00a0\u00bboff\u00a0\u00bb background_color=\u00a0\u00bb#f3d778&Prime; allow_player_pause=\u00a0\u00bboff\u00a0\u00bb inner_shadow=\u00a0\u00bboff\u00a0\u00bb parallax=\u00a0\u00bboff\u00a0\u00bb parallax_method=\u00a0\u00bboff\u00a0\u00bb padding_mobile=\u00a0\u00bboff\u00a0\u00bb make_fullwidth=\u00a0\u00bboff\u00a0\u00bb use_custom_width=\u00a0\u00bboff\u00a0\u00bb width_unit=\u00a0\u00bbon\u00a0\u00bb make_equal=\u00a0\u00bboff\u00a0\u00bb use_custom_gutter=\u00a0\u00bboff\u00a0\u00bb module_class=\u00a0\u00bbintro_who\u00a0\u00bb custom_padding_tablet=\u00a0\u00bb50px|0|50px|0&Prime; custom_padding_last_edited=\u00a0\u00bbon|desktop\u00a0\u00bb prev_background_color=\u00a0\u00bb#ffffff\u00a0\u00bb next_background_color=\u00a0\u00bb#fffcdb\u00a0\u00bb][et_pb_row background_position=\u00a0\u00bbtop_left\u00a0\u00bb background_repeat=\u00a0\u00bbrepeat\u00a0\u00bb background_size=\u00a0\u00bbinitial\u00a0\u00bb][et_pb_column type=\u00a0\u00bb1_2&Prime;][et_pb_divider color=\u00a0\u00bb#ffffff\u00a0\u00bb show_divider=\u00a0\u00bboff\u00a0\u00bb divider_style=\u00a0\u00bbsolid\u00a0\u00bb divider_position=\u00a0\u00bbtop\u00a0\u00bb hide_on_mobile=\u00a0\u00bbon\u00a0\u00bb disabled_on=\u00a0\u00bbon|on|off\u00a0\u00bb _builder_version=\u00a0\u00bb3.11&Prime;]<\/p>\n<p>\n&nbsp;<\/p>\n<p>[\/et_pb_divider][\/et_pb_column][et_pb_column type=\u00a0\u00bb1_2&Prime;][et_pb_text use_border_color=\u00a0\u00bboff\u00a0\u00bb background_position=\u00a0\u00bbtop_left\u00a0\u00bb background_repeat=\u00a0\u00bbrepeat\u00a0\u00bb background_size=\u00a0\u00bbinitial\u00a0\u00bb _builder_version=\u00a0\u00bb3.6&Prime;]<\/p>\n<h2>Kayaking Costa Brava<\/h2>\n<p>Nous sommes une entreprise exclusivement d\u00e9di\u00e9e \u00e0 la promotion du kayak de mer.<\/p>\n<p>Pr\u00e9sents sur toute la Costa Brava, nous proposons des excursions guid\u00e9es en kayak de mer dans les recoins les plus captivants et embl\u00e9matiques de la c\u00f4te de l&rsquo;Empord\u00e0.<\/p>\n<p>[\/et_pb_text][\/et_pb_column][\/et_pb_row][\/et_pb_section][et_pb_section bb_built=\u00a0\u00bb1&Prime; fullwidth=\u00a0\u00bboff\u00a0\u00bb specialty=\u00a0\u00bboff\u00a0\u00bb transparent_background=\u00a0\u00bboff\u00a0\u00bb background_color=\u00a0\u00bb#fffcdb\u00a0\u00bb allow_player_pause=\u00a0\u00bboff\u00a0\u00bb inner_shadow=\u00a0\u00bboff\u00a0\u00bb parallax=\u00a0\u00bboff\u00a0\u00bb parallax_method=\u00a0\u00bboff\u00a0\u00bb padding_mobile=\u00a0\u00bboff\u00a0\u00bb make_fullwidth=\u00a0\u00bboff\u00a0\u00bb use_custom_width=\u00a0\u00bboff\u00a0\u00bb width_unit=\u00a0\u00bbon\u00a0\u00bb make_equal=\u00a0\u00bboff\u00a0\u00bb use_custom_gutter=\u00a0\u00bboff\u00a0\u00bb module_class=\u00a0\u00bbbox_who_2&Prime; custom_padding_tablet=\u00a0\u00bb50px|0|50px|0&Prime; custom_padding_last_edited=\u00a0\u00bbon|desktop\u00a0\u00bb prev_background_color=\u00a0\u00bb#f3d778&Prime; next_background_color=\u00a0\u00bb#fbf0bd\u00a0\u00bb][et_pb_row background_position=\u00a0\u00bbtop_left\u00a0\u00bb background_repeat=\u00a0\u00bbrepeat\u00a0\u00bb background_size=\u00a0\u00bbinitial\u00a0\u00bb][et_pb_column type=\u00a0\u00bb1_2&Prime;][et_pb_blurb admin_label=\u00a0\u00bbtexto tienda\u00a0\u00bb icon_placement=\u00a0\u00bbleft\u00a0\u00bb animation=\u00a0\u00bboff\u00a0\u00bb use_icon_font_size=\u00a0\u00bbon\u00a0\u00bb use_border_color=\u00a0\u00bboff\u00a0\u00bb image=\u00a0\u00bbhttps:\/\/www.kayakingcostabrava.com\/wp-content\/uploads\/2016\/03\/ico_shop.png\u00a0\u00bb alt=\u00a0\u00bbBotiga\u00a0\u00bb icon_font_size=\u00a0\u00bb120px\u00a0\u00bb url=\u00a0\u00bbhttps:\/\/www.kayakingcostabrava.com\/fr\/magasin\/\u00a0\u00bb background_position=\u00a0\u00bbtop_left\u00a0\u00bb background_repeat=\u00a0\u00bbrepeat\u00a0\u00bb background_size=\u00a0\u00bbinitial\u00a0\u00bb _builder_version=\u00a0\u00bb3.6&Prime; max_width_tablet=\u00a0\u00bb50px\u00a0\u00bb]<\/p>\n<p>\nSi vous souhaitez vous \u00e9quiper, vous trouverez dans <strong>notre magasin <\/strong>tout le mat\u00e9riel sp\u00e9cialis\u00e9 n\u00e9cessaire. En plus des <strong>excursions guid\u00e9es<\/strong>, sur les plages de Castell, Tamariu, Montg\u00f3 et Portlligat vous pourrez \u00e9galement louer tout le mat\u00e9riel n\u00e9cessaire pour organiser une sortie par vos propres moyens.<\/p>\n<p>[\/et_pb_blurb][\/et_pb_column][et_pb_column type=\u00a0\u00bb1_2&Prime;][et_pb_blurb admin_label=\u00a0\u00bbtexto actividades\u00a0\u00bb icon_placement=\u00a0\u00bbleft\u00a0\u00bb animation=\u00a0\u00bboff\u00a0\u00bb use_icon_font_size=\u00a0\u00bbon\u00a0\u00bb use_border_color=\u00a0\u00bboff\u00a0\u00bb image=\u00a0\u00bbhttps:\/\/www.kayakingcostabrava.com\/wp-content\/uploads\/2016\/03\/ico_curso-1.png\u00a0\u00bb alt=\u00a0\u00bbCursos\u00a0\u00bb icon_font_size=\u00a0\u00bb120px\u00a0\u00bb url=\u00a0\u00bbhttps:\/\/www.kayakingcostabrava.com\/fr\/activites\/\u00a0\u00bb background_position=\u00a0\u00bbtop_left\u00a0\u00bb background_repeat=\u00a0\u00bbrepeat\u00a0\u00bb background_size=\u00a0\u00bbinitial\u00a0\u00bb _builder_version=\u00a0\u00bb3.6&Prime; max_width_tablet=\u00a0\u00bb50px\u00a0\u00bb]<\/p>\n<p>\nNous offrons \u00e9galement un large \u00e9ventail d&rsquo;<strong>activit\u00e9s personnalis\u00e9es<\/strong> et la possibilit\u00e9 de d\u00e9couvrir le kayak de A \u00e0 Z avec nos cours d&rsquo;initiation, de perfectionnement, esquimautage, British Canoe Union (BCU)\u2026<\/p>\n<p>[\/et_pb_blurb][\/et_pb_column][\/et_pb_row][et_pb_row background_position=\u00a0\u00bbtop_left\u00a0\u00bb background_repeat=\u00a0\u00bbrepeat\u00a0\u00bb background_size=\u00a0\u00bbinitial\u00a0\u00bb][et_pb_column type=\u00a0\u00bb4_4&Prime;][et_pb_text admin_label=\u00a0\u00bbTexto historia\u00a0\u00bb use_border_color=\u00a0\u00bboff\u00a0\u00bb border_color=\u00a0\u00bb#ffffff\u00a0\u00bb border_style=\u00a0\u00bbsolid\u00a0\u00bb background_position=\u00a0\u00bbtop_left\u00a0\u00bb background_repeat=\u00a0\u00bbrepeat\u00a0\u00bb background_size=\u00a0\u00bbinitial\u00a0\u00bb _builder_version=\u00a0\u00bb3.20.1&Prime;]<\/p>\n<h2>Histoire<\/h2>\n<p>Kayaking Costa Brava a \u00e9t\u00e9 fond\u00e9 en 1993 lorsque le kayak \u00e9tait encore un sport totalement inconnu sur nos c\u00f4tes. V\u00e9ritable pionni\u00e8re du kayak de mer, notre entreprise est le fruit de passionn\u00e9s de cano\u00eb et de nature. D\u00e8s le d\u00e9but, notre objectif a \u00e9t\u00e9 de promouvoir le kayak comme un moyen de d\u00e9couvrir la mer autrement et de faire conna\u00eetre le patrimoine naturel de la Costa Brava. La qualit\u00e9 de nos services et la s\u00e9curit\u00e9 des kayakistes ont toujours \u00e9t\u00e9 notre marque de fabrique.<\/p>\n<p>Depuis toujours, nous avons s\u00e9lectionn\u00e9 des sites dont l&rsquo;int\u00e9r\u00eat paysager et naturel offrent un cadre idyllique pour la pratique du kayak. Nous avons commenc\u00e9 par installer nos premiers postes sur la c\u00f4te du Massif du Montgr\u00ed et de Tamariu (1993), puis \u00e0 Platja Castell (1997) et enfin \u00e0 Port Lligat (2000).<\/p>\n<p>En 1997, nous avons inaugur\u00e9 notre magasin \u00e0 L&rsquo;escala, o\u00f9 nous offrons du mat\u00e9riel sp\u00e9cialis\u00e9 ainsi que des conseils d&rsquo;expert.<\/p>\n<p>Consciente de la valeur des espaces naturels qui nous entourent, toute l&rsquo;\u00e9quipe de Kayaking Costa Brava est particuli\u00e8rement sensible \u00e0 leur pr\u00e9servation. Nos activit\u00e9s sont donc men\u00e9es avec le plus grand respect pour l&rsquo;environnement et le milieu social.\u00a0 C&rsquo;est avec cet objectif en t\u00eate qu&rsquo;en 2013, nous avons mis en place un Syst\u00e8me Int\u00e9gral de Gestion conform\u00e9ment aux normes ISO 9001:2015 et ISO 14001:2015, sur les cabanes o\u00f9 nous d\u00e9veloppons nos activit\u00e9s: Portlligat, Montg\u00f3, Tamariu et Castell. En 2015, toujours dans ce m\u00eame objectif, nous avons obtenu la reconnaissance Engagement de Qualit\u00e9 Touristique <a href=\"http:\/\/www.calidadendestino.es\/Contenidos\/InformacionGeneral.aspx\" target=\"_blank\" rel=\"noopener noreferrer\">SICTED<\/a>.<\/p>\n<p>La connaissance approfondie de ces espaces naturels est le meilleur garant de leur pr\u00e9servation. \u00c0 Kayaking Costa Brava, nous sommes des experts de la nature : les guides-moniteurs de l&rsquo;entreprise sont \u00e9galement accr\u00e9dit\u00e9s par le <strong>Parc Naturel de Cap de Creus<\/strong>\u00a0(PNCP) et le\u00a0<strong>Parc Naturel du Massif du Montgr\u00ed, des \u00eeles Medes et Baix Ter\u00a0<\/strong>(PNMMBT).<\/p>\n<p>Et surtout, nous offrons un service de qualit\u00e9 fourni par un personnel dipl\u00f4m\u00e9 et qualifi\u00e9. Nous disposons de mat\u00e9riel sp\u00e9cialis\u00e9 qui s&rsquo;adapte aux diff\u00e9rents types de services et de public, afin que le kayak soit un privil\u00e8ge accessible \u00e0 tous.<\/p>\n<p>[\/et_pb_text][\/et_pb_column][\/et_pb_row][\/et_pb_section][et_pb_section bb_built=\u00a0\u00bb1&Prime; fullwidth=\u00a0\u00bboff\u00a0\u00bb specialty=\u00a0\u00bboff\u00a0\u00bb transparent_background=\u00a0\u00bboff\u00a0\u00bb background_color=\u00a0\u00bb#fbf0bd\u00a0\u00bb allow_player_pause=\u00a0\u00bboff\u00a0\u00bb inner_shadow=\u00a0\u00bboff\u00a0\u00bb parallax=\u00a0\u00bboff\u00a0\u00bb parallax_method=\u00a0\u00bboff\u00a0\u00bb padding_mobile=\u00a0\u00bboff\u00a0\u00bb make_fullwidth=\u00a0\u00bboff\u00a0\u00bb use_custom_width=\u00a0\u00bboff\u00a0\u00bb width_unit=\u00a0\u00bbon\u00a0\u00bb make_equal=\u00a0\u00bboff\u00a0\u00bb use_custom_gutter=\u00a0\u00bboff\u00a0\u00bb module_class=\u00a0\u00bbbox_who_3&Prime; custom_padding_tablet=\u00a0\u00bb50px|0|50px|0&Prime; custom_padding_last_edited=\u00a0\u00bbon|desktop\u00a0\u00bb prev_background_color=\u00a0\u00bb#fffcdb\u00a0\u00bb][et_pb_row background_position=\u00a0\u00bbtop_left\u00a0\u00bb background_repeat=\u00a0\u00bbrepeat\u00a0\u00bb background_size=\u00a0\u00bbinitial\u00a0\u00bb][et_pb_column type=\u00a0\u00bb4_4&Prime;][et_pb_text admin_label=\u00a0\u00bbT\u00edtulo galer\u00eda\u00a0\u00bb use_border_color=\u00a0\u00bboff\u00a0\u00bb background_position=\u00a0\u00bbtop_left\u00a0\u00bb background_repeat=\u00a0\u00bbrepeat\u00a0\u00bb background_size=\u00a0\u00bbinitial\u00a0\u00bb _builder_version=\u00a0\u00bb3.6&Prime;]<\/p>\n<h3>Galerie d&rsquo;images<\/h3>\n<p>[\/et_pb_text][et_pb_gallery gallery_ids=\u00a0\u00bb2222,2231,2218,2361&Prime; show_title_and_caption=\u00a0\u00bboff\u00a0\u00bb show_pagination=\u00a0\u00bboff\u00a0\u00bb hover_overlay_color=\u00a0\u00bbrgba(255,255,255,0.9)\u00a0\u00bb use_border_color=\u00a0\u00bboff\u00a0\u00bb _builder_version=\u00a0\u00bb3.11&Prime; zoom_icon_color=\u00a0\u00bb#0095a7&Prime;]<\/p>\n<p>\n&nbsp;<\/p>\n<p>[\/et_pb_gallery][\/et_pb_column][\/et_pb_row][\/et_pb_section]<\/p>\n","protected":false},"excerpt":{"rendered":"<p>&nbsp; Kayaking Costa Brava Nous sommes une entreprise exclusivement d\u00e9di\u00e9e \u00e0 la promotion du kayak de mer. Pr\u00e9sents sur toute la Costa Brava, nous proposons des excursions guid\u00e9es en kayak de mer dans les recoins les plus captivants et embl\u00e9matiques de la c\u00f4te de l&rsquo;Empord\u00e0. Si vous souhaitez vous \u00e9quiper, vous trouverez dans notre magasin [&hellip;]<\/p>\n","protected":false},"author":3,"featured_media":0,"parent":0,"menu_order":0,"comment_status":"closed","ping_status":"closed","template":"","meta":{"_et_pb_use_builder":"on","_et_pb_old_content":"","_et_gb_content_width":"","inline_featured_image":false,"footnotes":""},"class_list":["post-878","page","type-page","status-publish","hentry"],"yoast_head":"<!-- This site is optimized with the Yoast SEO plugin v27.1.1 - https:\/\/yoast.com\/product\/yoast-seo-wordpress\/ -->\n<title>Qui sommes-nous? - Kayaking Costa Brava<\/title>\n<meta name=\"robots\" content=\"index, follow, max-snippet:-1, max-image-preview:large, max-video-preview:-1\" \/>\n<link rel=\"canonical\" href=\"https:\/\/kayakingcostabrava.com\/fr\/qui-sommes-nous\/\" \/>\n<meta property=\"og:locale\" content=\"fr_FR\" \/>\n<meta property=\"og:type\" content=\"article\" \/>\n<meta property=\"og:title\" content=\"Qui sommes-nous? - Kayaking Costa Brava\" \/>\n<meta property=\"og:description\" content=\"&nbsp; Kayaking Costa Brava Nous sommes une entreprise exclusivement d\u00e9di\u00e9e \u00e0 la promotion du kayak de mer. Pr\u00e9sents sur toute la Costa Brava, nous proposons des excursions guid\u00e9es en kayak de mer dans les recoins les plus captivants et embl\u00e9matiques de la c\u00f4te de l&#039;Empord\u00e0. Si vous souhaitez vous \u00e9quiper, vous trouverez dans notre magasin [&hellip;]\" \/>\n<meta property=\"og:url\" content=\"https:\/\/kayakingcostabrava.com\/fr\/qui-sommes-nous\/\" \/>\n<meta property=\"og:site_name\" content=\"Kayaking Costa Brava\" \/>\n<meta property=\"article:publisher\" content=\"https:\/\/www.facebook.com\/kayakingcostabrava\/\" \/>\n<meta property=\"article:modified_time\" content=\"2019-08-09T15:14:10+00:00\" \/>\n<meta name=\"twitter:card\" content=\"summary_large_image\" \/>\n<meta name=\"twitter:label1\" content=\"Dur\u00e9e de lecture estim\u00e9e\" \/>\n\t<meta name=\"twitter:data1\" content=\"7 minutes\" \/>\n<script type=\"application\/ld+json\" class=\"yoast-schema-graph\">{\"@context\":\"https:\/\/schema.org\",\"@graph\":[{\"@type\":\"WebPage\",\"@id\":\"https:\/\/kayakingcostabrava.com\/fr\/qui-sommes-nous\/\",\"url\":\"https:\/\/kayakingcostabrava.com\/fr\/qui-sommes-nous\/\",\"name\":\"Qui sommes-nous? - Kayaking Costa Brava\",\"isPartOf\":{\"@id\":\"https:\/\/kayakingcostabrava.com\/#website\"},\"datePublished\":\"2016-03-30T09:27:08+00:00\",\"dateModified\":\"2019-08-09T15:14:10+00:00\",\"breadcrumb\":{\"@id\":\"https:\/\/kayakingcostabrava.com\/fr\/qui-sommes-nous\/#breadcrumb\"},\"inLanguage\":\"fr-FR\",\"potentialAction\":[{\"@type\":\"ReadAction\",\"target\":[\"https:\/\/kayakingcostabrava.com\/fr\/qui-sommes-nous\/\"]}]},{\"@type\":\"BreadcrumbList\",\"@id\":\"https:\/\/kayakingcostabrava.com\/fr\/qui-sommes-nous\/#breadcrumb\",\"itemListElement\":[{\"@type\":\"ListItem\",\"position\":1,\"name\":\"Inici\",\"item\":\"https:\/\/kayakingcostabrava.com\/fr\/\"},{\"@type\":\"ListItem\",\"position\":2,\"name\":\"Qui sommes-nous?\"}]},{\"@type\":\"WebSite\",\"@id\":\"https:\/\/kayakingcostabrava.com\/#website\",\"url\":\"https:\/\/kayakingcostabrava.com\/\",\"name\":\"Kayaking Costa Brava\",\"description\":\"Lloguer de caiacs, excursions, cursos, tenda online.\",\"potentialAction\":[{\"@type\":\"SearchAction\",\"target\":{\"@type\":\"EntryPoint\",\"urlTemplate\":\"https:\/\/kayakingcostabrava.com\/?s={search_term_string}\"},\"query-input\":{\"@type\":\"PropertyValueSpecification\",\"valueRequired\":true,\"valueName\":\"search_term_string\"}}],\"inLanguage\":\"fr-FR\"}]}<\/script>\n<!-- \/ Yoast SEO plugin. -->","yoast_head_json":{"title":"Qui sommes-nous? - Kayaking Costa Brava","robots":{"index":"index","follow":"follow","max-snippet":"max-snippet:-1","max-image-preview":"max-image-preview:large","max-video-preview":"max-video-preview:-1"},"canonical":"https:\/\/kayakingcostabrava.com\/fr\/qui-sommes-nous\/","og_locale":"fr_FR","og_type":"article","og_title":"Qui sommes-nous? - Kayaking Costa Brava","og_description":"&nbsp; Kayaking Costa Brava Nous sommes une entreprise exclusivement d\u00e9di\u00e9e \u00e0 la promotion du kayak de mer. Pr\u00e9sents sur toute la Costa Brava, nous proposons des excursions guid\u00e9es en kayak de mer dans les recoins les plus captivants et embl\u00e9matiques de la c\u00f4te de l'Empord\u00e0. Si vous souhaitez vous \u00e9quiper, vous trouverez dans notre magasin [&hellip;]","og_url":"https:\/\/kayakingcostabrava.com\/fr\/qui-sommes-nous\/","og_site_name":"Kayaking Costa Brava","article_publisher":"https:\/\/www.facebook.com\/kayakingcostabrava\/","article_modified_time":"2019-08-09T15:14:10+00:00","twitter_card":"summary_large_image","twitter_misc":{"Dur\u00e9e de lecture estim\u00e9e":"7 minutes"},"schema":{"@context":"https:\/\/schema.org","@graph":[{"@type":"WebPage","@id":"https:\/\/kayakingcostabrava.com\/fr\/qui-sommes-nous\/","url":"https:\/\/kayakingcostabrava.com\/fr\/qui-sommes-nous\/","name":"Qui sommes-nous? - Kayaking Costa Brava","isPartOf":{"@id":"https:\/\/kayakingcostabrava.com\/#website"},"datePublished":"2016-03-30T09:27:08+00:00","dateModified":"2019-08-09T15:14:10+00:00","breadcrumb":{"@id":"https:\/\/kayakingcostabrava.com\/fr\/qui-sommes-nous\/#breadcrumb"},"inLanguage":"fr-FR","potentialAction":[{"@type":"ReadAction","target":["https:\/\/kayakingcostabrava.com\/fr\/qui-sommes-nous\/"]}]},{"@type":"BreadcrumbList","@id":"https:\/\/kayakingcostabrava.com\/fr\/qui-sommes-nous\/#breadcrumb","itemListElement":[{"@type":"ListItem","position":1,"name":"Inici","item":"https:\/\/kayakingcostabrava.com\/fr\/"},{"@type":"ListItem","position":2,"name":"Qui sommes-nous?"}]},{"@type":"WebSite","@id":"https:\/\/kayakingcostabrava.com\/#website","url":"https:\/\/kayakingcostabrava.com\/","name":"Kayaking Costa Brava","description":"Lloguer de caiacs, excursions, cursos, tenda online.","potentialAction":[{"@type":"SearchAction","target":{"@type":"EntryPoint","urlTemplate":"https:\/\/kayakingcostabrava.com\/?s={search_term_string}"},"query-input":{"@type":"PropertyValueSpecification","valueRequired":true,"valueName":"search_term_string"}}],"inLanguage":"fr-FR"}]}},"_links":{"self":[{"href":"https:\/\/kayakingcostabrava.com\/fr\/wp-json\/wp\/v2\/pages\/878","targetHints":{"allow":["GET"]}}],"collection":[{"href":"https:\/\/kayakingcostabrava.com\/fr\/wp-json\/wp\/v2\/pages"}],"about":[{"href":"https:\/\/kayakingcostabrava.com\/fr\/wp-json\/wp\/v2\/types\/page"}],"author":[{"embeddable":true,"href":"https:\/\/kayakingcostabrava.com\/fr\/wp-json\/wp\/v2\/users\/3"}],"replies":[{"embeddable":true,"href":"https:\/\/kayakingcostabrava.com\/fr\/wp-json\/wp\/v2\/comments?post=878"}],"version-history":[{"count":2,"href":"https:\/\/kayakingcostabrava.com\/fr\/wp-json\/wp\/v2\/pages\/878\/revisions"}],"predecessor-version":[{"id":6260,"href":"https:\/\/kayakingcostabrava.com\/fr\/wp-json\/wp\/v2\/pages\/878\/revisions\/6260"}],"wp:attachment":[{"href":"https:\/\/kayakingcostabrava.com\/fr\/wp-json\/wp\/v2\/media?parent=878"}],"curies":[{"name":"wp","href":"https:\/\/api.w.org\/{rel}","templated":true}]}}