{"id":5735,"date":"2019-03-11T12:33:11","date_gmt":"2019-03-11T12:33:11","guid":{"rendered":"https:\/\/www.kayakingcostabrava.com\/?page_id=5735"},"modified":"2019-03-11T12:38:34","modified_gmt":"2019-03-11T12:38:34","slug":"actualites","status":"publish","type":"page","link":"https:\/\/kayakingcostabrava.com\/fr\/communaute\/actualites\/","title":{"rendered":"Actualit\u00e9s"},"content":{"rendered":"<p>[et_pb_section bb_built=\u00a0\u00bb1&Prime; fullwidth=\u00a0\u00bbon\u00a0\u00bb specialty=\u00a0\u00bboff\u00a0\u00bb transparent_background=\u00a0\u00bboff\u00a0\u00bb allow_player_pause=\u00a0\u00bboff\u00a0\u00bb inner_shadow=\u00a0\u00bboff\u00a0\u00bb parallax=\u00a0\u00bboff\u00a0\u00bb parallax_method=\u00a0\u00bboff\u00a0\u00bb padding_mobile=\u00a0\u00bboff\u00a0\u00bb make_fullwidth=\u00a0\u00bboff\u00a0\u00bb use_custom_width=\u00a0\u00bboff\u00a0\u00bb width_unit=\u00a0\u00bbon\u00a0\u00bb make_equal=\u00a0\u00bboff\u00a0\u00bb use_custom_gutter=\u00a0\u00bboff\u00a0\u00bb module_class=\u00a0\u00bbheader_page\u00a0\u00bb next_background_color=\u00a0\u00bb#fffcdb\u00a0\u00bb custom_padding_tablet=\u00a0\u00bb50px|0|50px|0&Prime; custom_padding_last_edited=\u00a0\u00bbon|desktop\u00a0\u00bb prev_background_color=\u00a0\u00bb#000000&Prime;][et_pb_fullwidth_header title=\u00a0\u00bbActualit\u00e9s\u00a0\u00bb background_layout=\u00a0\u00bblight\u00a0\u00bb subhead=\u00a0\u00bbCommunaut\u00e9\u00a0\u00bb background_color=\u00a0\u00bbrgba(255, 255, 255, 0)\u00a0\u00bb _builder_version=\u00a0\u00bb3.20.1&Prime; button_one_text_size__hover_enabled=\u00a0\u00bboff\u00a0\u00bb button_one_text_size__hover=\u00a0\u00bbnull\u00a0\u00bb button_two_text_size__hover_enabled=\u00a0\u00bboff\u00a0\u00bb button_two_text_size__hover=\u00a0\u00bbnull\u00a0\u00bb button_one_text_color__hover_enabled=\u00a0\u00bboff\u00a0\u00bb button_one_text_color__hover=\u00a0\u00bbnull\u00a0\u00bb button_two_text_color__hover_enabled=\u00a0\u00bboff\u00a0\u00bb button_two_text_color__hover=\u00a0\u00bbnull\u00a0\u00bb button_one_border_width__hover_enabled=\u00a0\u00bboff\u00a0\u00bb button_one_border_width__hover=\u00a0\u00bbnull\u00a0\u00bb button_two_border_width__hover_enabled=\u00a0\u00bboff\u00a0\u00bb button_two_border_width__hover=\u00a0\u00bbnull\u00a0\u00bb button_one_border_color__hover_enabled=\u00a0\u00bboff\u00a0\u00bb button_one_border_color__hover=\u00a0\u00bbnull\u00a0\u00bb button_two_border_color__hover_enabled=\u00a0\u00bboff\u00a0\u00bb button_two_border_color__hover=\u00a0\u00bbnull\u00a0\u00bb button_one_border_radius__hover_enabled=\u00a0\u00bboff\u00a0\u00bb button_one_border_radius__hover=\u00a0\u00bbnull\u00a0\u00bb button_two_border_radius__hover_enabled=\u00a0\u00bboff\u00a0\u00bb button_two_border_radius__hover=\u00a0\u00bbnull\u00a0\u00bb button_one_letter_spacing__hover_enabled=\u00a0\u00bbon\u00a0\u00bb button_one_letter_spacing__hover=\u00a0\u00bb0&Prime; button_two_letter_spacing__hover_enabled=\u00a0\u00bbon\u00a0\u00bb button_two_letter_spacing__hover=\u00a0\u00bb0&Prime; button_one_bg_color__hover_enabled=\u00a0\u00bboff\u00a0\u00bb button_one_bg_color__hover=\u00a0\u00bbnull\u00a0\u00bb button_two_bg_color__hover_enabled=\u00a0\u00bboff\u00a0\u00bb button_two_bg_color__hover=\u00a0\u00bbnull\u00a0\u00bb max_width_tablet=\u00a0\u00bb50px\u00a0\u00bb \/][\/et_pb_section][et_pb_section bb_built=\u00a0\u00bb1&Prime; fullwidth=\u00a0\u00bboff\u00a0\u00bb specialty=\u00a0\u00bboff\u00a0\u00bb transparent_background=\u00a0\u00bboff\u00a0\u00bb background_color=\u00a0\u00bb#fffcdb\u00a0\u00bb allow_player_pause=\u00a0\u00bboff\u00a0\u00bb inner_shadow=\u00a0\u00bboff\u00a0\u00bb parallax=\u00a0\u00bboff\u00a0\u00bb parallax_method=\u00a0\u00bboff\u00a0\u00bb padding_mobile=\u00a0\u00bboff\u00a0\u00bb make_fullwidth=\u00a0\u00bboff\u00a0\u00bb use_custom_width=\u00a0\u00bboff\u00a0\u00bb width_unit=\u00a0\u00bbon\u00a0\u00bb make_equal=\u00a0\u00bboff\u00a0\u00bb use_custom_gutter=\u00a0\u00bboff\u00a0\u00bb prev_background_color=\u00a0\u00bb#ffffff\u00a0\u00bb next_background_color=\u00a0\u00bb#000000&Prime; custom_padding_tablet=\u00a0\u00bb50px|0|50px|0&Prime; custom_padding_last_edited=\u00a0\u00bbon|desktop\u00a0\u00bb][et_pb_row][et_pb_column type=\u00a0\u00bb4_4&Prime;][et_pb_text admin_label=\u00a0\u00bbT\u00edtula noticias\u00a0\u00bb use_border_color=\u00a0\u00bboff\u00a0\u00bb background_position=\u00a0\u00bbtop_left\u00a0\u00bb background_repeat=\u00a0\u00bbrepeat\u00a0\u00bb background_size=\u00a0\u00bbinitial\u00a0\u00bb _builder_version=\u00a0\u00bb3.20.1&Prime;]<\/p>\n<h2>Actualit\u00e9s<\/h2>\n<p>[\/et_pb_text][et_pb_blog fullwidth=\u00a0\u00bboff\u00a0\u00bb show_thumbnail=\u00a0\u00bbon\u00a0\u00bb show_content=\u00a0\u00bboff\u00a0\u00bb show_more=\u00a0\u00bbon\u00a0\u00bb show_author=\u00a0\u00bboff\u00a0\u00bb show_date=\u00a0\u00bbon\u00a0\u00bb show_categories=\u00a0\u00bboff\u00a0\u00bb show_comments=\u00a0\u00bboff\u00a0\u00bb show_pagination=\u00a0\u00bbon\u00a0\u00bb offset_number=\u00a0\u00bb0&Prime; use_overlay=\u00a0\u00bboff\u00a0\u00bb background_layout=\u00a0\u00bblight\u00a0\u00bb use_dropshadow=\u00a0\u00bboff\u00a0\u00bb use_border_color=\u00a0\u00bbon\u00a0\u00bb border_color=\u00a0\u00bb#fbf0bd\u00a0\u00bb border_style=\u00a0\u00bbsolid\u00a0\u00bb masonry_tile_background_color=\u00a0\u00bb#fbf0bd\u00a0\u00bb border_width=\u00a0\u00bb0px\u00a0\u00bb border_color_all=\u00a0\u00bb#fbf0bd\u00a0\u00bb border_width_all=\u00a0\u00bb0px\u00a0\u00bb border_style_all=\u00a0\u00bbsolid\u00a0\u00bb border_color_all_fullwidth=\u00a0\u00bb#fbf0bd\u00a0\u00bb border_width_all_fullwidth=\u00a0\u00bb0px\u00a0\u00bb border_style_all_fullwidth=\u00a0\u00bbsolid\u00a0\u00bb box_shadow_color=\u00a0\u00bbrgba(0,0,0,0.3)\u00a0\u00bb box_shadow_style=\u00a0\u00bbnone\u00a0\u00bb _builder_version=\u00a0\u00bb3.20.1&Prime; \/][\/et_pb_column][\/et_pb_row][\/et_pb_section][et_pb_section bb_built=\u00a0\u00bb1&Prime; fullwidth=\u00a0\u00bboff\u00a0\u00bb specialty=\u00a0\u00bboff\u00a0\u00bb transparent_background=\u00a0\u00bboff\u00a0\u00bb background_color=\u00a0\u00bb#fffcdb\u00a0\u00bb allow_player_pause=\u00a0\u00bboff\u00a0\u00bb inner_shadow=\u00a0\u00bboff\u00a0\u00bb parallax=\u00a0\u00bboff\u00a0\u00bb parallax_method=\u00a0\u00bboff\u00a0\u00bb padding_mobile=\u00a0\u00bboff\u00a0\u00bb make_fullwidth=\u00a0\u00bboff\u00a0\u00bb use_custom_width=\u00a0\u00bboff\u00a0\u00bb width_unit=\u00a0\u00bbon\u00a0\u00bb make_equal=\u00a0\u00bboff\u00a0\u00bb use_custom_gutter=\u00a0\u00bboff\u00a0\u00bb background_image=\u00a0\u00bbhttps:\/\/www.kayakingcostabrava.com\/wp-content\/uploads\/2016\/03\/bg_boxhome_06.png\u00a0\u00bb prev_background_color=\u00a0\u00bb#fffcdb\u00a0\u00bb custom_padding_tablet=\u00a0\u00bb50px|0|50px|0&Prime; custom_padding_last_edited=\u00a0\u00bbon|desktop\u00a0\u00bb][et_pb_row][et_pb_column type=\u00a0\u00bb1_4&Prime;][et_pb_divider color=\u00a0\u00bb#ffffff\u00a0\u00bb show_divider=\u00a0\u00bboff\u00a0\u00bb divider_style=\u00a0\u00bbsolid\u00a0\u00bb divider_position=\u00a0\u00bbtop\u00a0\u00bb hide_on_mobile=\u00a0\u00bbon\u00a0\u00bb disabled_on=\u00a0\u00bbon|on|off\u00a0\u00bb \/][\/et_pb_column][et_pb_column type=\u00a0\u00bb3_4&Prime;][et_pb_text admin_label=\u00a0\u00bbT\u00edtulo: Subscriu-te al newsletter\u00a0\u00bb use_border_color=\u00a0\u00bboff\u00a0\u00bb custom_margin=\u00a0\u00bb0px||0px|\u00a0\u00bb custom_padding=\u00a0\u00bb0px||0px|\u00a0\u00bb background_position=\u00a0\u00bbtop_left\u00a0\u00bb background_repeat=\u00a0\u00bbrepeat\u00a0\u00bb background_size=\u00a0\u00bbinitial\u00a0\u00bb _builder_version=\u00a0\u00bb3.20.1&Prime;]<\/p>\n<h2>Abonnez-vous \u00e0 notre newsletter<\/h2>\n<p>Recevez l\u2019actualit\u00e9 du monde du kayak et restez inform\u00e9 de nos excursions et activit\u00e9s.<br \/>\n<!-- Begin MailChimp Signup Form --><\/p>\n<div id=\"mc_embed_signup\">\n<form id=\"mc-embedded-subscribe-form\" class=\"validate\" action=\"\/\/kayakingcostabrava.us13.list-manage.com\/subscribe\/post?u=f0d82d67b119292f858ab218c&amp;id=4de5264c28\" method=\"post\" name=\"mc-embedded-subscribe-form\" novalidate=\"novalidate\" target=\"_blank\">\n<div id=\"mc_embed_signup_scroll\">\n<div class=\"indicates-required\"><span class=\"asterisk\">*<\/span> camp obligatori<\/div>\n<div class=\"mc-field-group\"><label for=\"mce-EMAIL\">Email <span class=\"asterisk\">*<\/span><br \/>\n<\/label> <input id=\"mce-EMAIL\" class=\"required email\" name=\"EMAIL\" type=\"email\" value=\"\" aria-required=\"true\"><\/div>\n<div class=\"mc-field-group\"><label for=\"mce-FNAME\">Nom <span class=\"asterisk\">*<\/span><br \/>\n<\/label> <input id=\"mce-FNAME\" class=\"required\" name=\"FNAME\" type=\"text\" value=\"\" aria-required=\"true\"><\/div>\n<div class=\"mc-field-group\"><label for=\"mce-LNAME\">Cognoms <\/label> <input id=\"mce-LNAME\" class=\"\" name=\"LNAME\" type=\"text\" value=\"\"><\/div>\n<div id=\"mce-responses\" class=\"clear\"><\/div>\n<p><!-- real people should not fill this in and expect good things - do not remove this or risk form bot signups--><\/p>\n<div style=\"position: absolute; left: -5000px;\"><input tabindex=\"-1\" name=\"b_f0d82d67b119292f858ab218c_4de5264c28\" type=\"text\" value=\"\"><\/div>\n<div class=\"clear\"><input id=\"mc-embedded-subscribe\" class=\"button\" name=\"subscribe\" type=\"submit\" value=\"Subscriu-te\"><\/div>\n<\/div>\n<\/form>\n<\/div>\n<p><script src=\"\/\/s3.amazonaws.com\/downloads.mailchimp.com\/js\/mc-validate.js\" type=\"text\/javascript\"><\/script><script type=\"text\/javascript\">\/\/ <![CDATA[\n(function($) {window.fnames = new Array(); window.ftypes = new Array();fnames[0]='EMAIL';ftypes[0]='email';fnames[1]='FNAME';ftypes[1]='text';fnames[2]='LNAME';ftypes[2]='text'; \/* * Translated default messages for the jQuery validation plugin. * Locale: CA *\/ $.extend($.validator.messages, { required: \"Aquest camp \u00e9s obligatori.\", remote: \"Si us plau, omple aquest camp.\", email: \"Si us plau, escriu una adre\u00e7a de correu-e v\u00e0lida\", url: \"Si us plau, escriu una URL v\u00e0lida.\", date: \"Si us plau, escriu una data v\u00e0lida.\", dateISO: \"Si us plau, escriu una data (ISO) v\u00e0lida.\", number: \"Si us plau, escriu un n\u00famero enter v\u00e0lid.\", digits: \"Si us plau, escriu nom\u00e9s d\u00edgits.\", creditcard: \"Si us plau, escriu un n\u00famero de tarjeta v\u00e0lid.\", equalTo: \"Si us plau, escriu el maateix valor de nou.\", accept: \"Si us plau, escriu un valor amb una extensi\u00f3 acceptada.\", maxlength: $.validator.format(\"Si us plau, no escriguis m\u00e9s de {0} caracters.\"), minlength: $.validator.format(\"Si us plau, no escriguis menys de {0} caracters.\"), rangelength: $.validator.format(\"Si us plau, escriu un valor entre {0} i {1} caracters.\"), range: $.validator.format(\"Si us plau, escriu un valor entre {0} i {1}.\"), max: $.validator.format(\"Si us plau, escriu un valor menor o igual a {0}.\"), min: $.validator.format(\"Si us plau, escriu un valor major o igual a {0}.\") });}(jQuery));var $mcj = jQuery.noConflict(true);\n\/\/ ]]><\/script><br \/>\n<!--End mc_embed_signup--><\/p>\n<p>[\/et_pb_text][\/et_pb_column][\/et_pb_row][\/et_pb_section]<\/p>\n","protected":false},"excerpt":{"rendered":"<p><div class=\"et_pb_row et_pb_row_0 et_pb_row_empty\">\n\t\t\t\t\n\t\t\t\t\n\t\t\t\t\n\t\t\t\t\n\t\t\t\t\n\t\t\t<\/div> Actualit\u00e9s <div class=\"et_pb_row et_pb_row_1 et_pb_row_empty\">\n\t\t\t\t\n\t\t\t\t\n\t\t\t\t\n\t\t\t\t\n\t\t\t\t\n\t\t\t<\/div> Abonnez-vous \u00e0 notre newsletter Recevez l\u2019actualit\u00e9 du monde du kayak et restez inform\u00e9 de nos excursions et activit\u00e9s. * camp obligatori Email * Nom * Cognoms<\/p>\n","protected":false},"author":3,"featured_media":0,"parent":4873,"menu_order":0,"comment_status":"closed","ping_status":"closed","template":"","meta":{"_et_pb_use_builder":"on","_et_pb_old_content":"","_et_gb_content_width":"","inline_featured_image":false,"footnotes":""},"class_list":["post-5735","page","type-page","status-publish","hentry"],"yoast_head":"<!-- This site is optimized with the Yoast SEO plugin v27.5 - https:\/\/yoast.com\/product\/yoast-seo-wordpress\/ -->\n<title>Actualit\u00e9s - Kayaking Costa Brava<\/title>\n<meta name=\"robots\" content=\"index, follow, max-snippet:-1, max-image-preview:large, max-video-preview:-1\" \/>\n<link rel=\"canonical\" href=\"https:\/\/kayakingcostabrava.com\/fr\/communaute\/actualites\/\" \/>\n<meta property=\"og:locale\" content=\"fr_FR\" \/>\n<meta property=\"og:type\" content=\"article\" \/>\n<meta property=\"og:title\" content=\"Actualit\u00e9s - Kayaking Costa Brava\" \/>\n<meta property=\"og:description\" content=\"Actualit\u00e9s Abonnez-vous \u00e0 notre newsletter Recevez l\u2019actualit\u00e9 du monde du kayak et restez inform\u00e9 de nos excursions et activit\u00e9s. * camp obligatori Email * Nom * Cognoms\" \/>\n<meta property=\"og:url\" content=\"https:\/\/kayakingcostabrava.com\/fr\/communaute\/actualites\/\" \/>\n<meta property=\"og:site_name\" content=\"Kayaking Costa Brava\" \/>\n<meta property=\"article:publisher\" content=\"https:\/\/www.facebook.com\/kayakingcostabrava\/\" \/>\n<meta property=\"article:modified_time\" content=\"2019-03-11T12:38:34+00:00\" \/>\n<meta name=\"twitter:card\" content=\"summary_large_image\" \/>\n<meta name=\"twitter:label1\" content=\"Dur\u00e9e de lecture estim\u00e9e\" \/>\n\t<meta name=\"twitter:data1\" content=\"3 minutes\" \/>\n<script type=\"application\/ld+json\" class=\"yoast-schema-graph\">{\"@context\":\"https:\\\/\\\/schema.org\",\"@graph\":[{\"@type\":\"WebPage\",\"@id\":\"https:\\\/\\\/kayakingcostabrava.com\\\/fr\\\/communaute\\\/actualites\\\/\",\"url\":\"https:\\\/\\\/kayakingcostabrava.com\\\/fr\\\/communaute\\\/actualites\\\/\",\"name\":\"Actualit\u00e9s - Kayaking Costa Brava\",\"isPartOf\":{\"@id\":\"https:\\\/\\\/kayakingcostabrava.com\\\/#website\"},\"datePublished\":\"2019-03-11T12:33:11+00:00\",\"dateModified\":\"2019-03-11T12:38:34+00:00\",\"breadcrumb\":{\"@id\":\"https:\\\/\\\/kayakingcostabrava.com\\\/fr\\\/communaute\\\/actualites\\\/#breadcrumb\"},\"inLanguage\":\"fr-FR\",\"potentialAction\":[{\"@type\":\"ReadAction\",\"target\":[\"https:\\\/\\\/kayakingcostabrava.com\\\/fr\\\/communaute\\\/actualites\\\/\"]}]},{\"@type\":\"BreadcrumbList\",\"@id\":\"https:\\\/\\\/kayakingcostabrava.com\\\/fr\\\/communaute\\\/actualites\\\/#breadcrumb\",\"itemListElement\":[{\"@type\":\"ListItem\",\"position\":1,\"name\":\"Inici\",\"item\":\"https:\\\/\\\/kayakingcostabrava.com\\\/fr\\\/\"},{\"@type\":\"ListItem\",\"position\":2,\"name\":\"Communaut\u00e9\",\"item\":\"https:\\\/\\\/kayakingcostabrava.com\\\/fr\\\/communaute\\\/\"},{\"@type\":\"ListItem\",\"position\":3,\"name\":\"Actualit\u00e9s\"}]},{\"@type\":\"WebSite\",\"@id\":\"https:\\\/\\\/kayakingcostabrava.com\\\/#website\",\"url\":\"https:\\\/\\\/kayakingcostabrava.com\\\/\",\"name\":\"Kayaking Costa Brava\",\"description\":\"Lloguer de caiacs, excursions, cursos, tenda online.\",\"potentialAction\":[{\"@type\":\"SearchAction\",\"target\":{\"@type\":\"EntryPoint\",\"urlTemplate\":\"https:\\\/\\\/kayakingcostabrava.com\\\/?s={search_term_string}\"},\"query-input\":{\"@type\":\"PropertyValueSpecification\",\"valueRequired\":true,\"valueName\":\"search_term_string\"}}],\"inLanguage\":\"fr-FR\"}]}<\/script>\n<!-- \/ Yoast SEO plugin. -->","yoast_head_json":{"title":"Actualit\u00e9s - Kayaking Costa Brava","robots":{"index":"index","follow":"follow","max-snippet":"max-snippet:-1","max-image-preview":"max-image-preview:large","max-video-preview":"max-video-preview:-1"},"canonical":"https:\/\/kayakingcostabrava.com\/fr\/communaute\/actualites\/","og_locale":"fr_FR","og_type":"article","og_title":"Actualit\u00e9s - Kayaking Costa Brava","og_description":"Actualit\u00e9s Abonnez-vous \u00e0 notre newsletter Recevez l\u2019actualit\u00e9 du monde du kayak et restez inform\u00e9 de nos excursions et activit\u00e9s. * camp obligatori Email * Nom * Cognoms","og_url":"https:\/\/kayakingcostabrava.com\/fr\/communaute\/actualites\/","og_site_name":"Kayaking Costa Brava","article_publisher":"https:\/\/www.facebook.com\/kayakingcostabrava\/","article_modified_time":"2019-03-11T12:38:34+00:00","twitter_card":"summary_large_image","twitter_misc":{"Dur\u00e9e de lecture estim\u00e9e":"3 minutes"},"schema":{"@context":"https:\/\/schema.org","@graph":[{"@type":"WebPage","@id":"https:\/\/kayakingcostabrava.com\/fr\/communaute\/actualites\/","url":"https:\/\/kayakingcostabrava.com\/fr\/communaute\/actualites\/","name":"Actualit\u00e9s - Kayaking Costa Brava","isPartOf":{"@id":"https:\/\/kayakingcostabrava.com\/#website"},"datePublished":"2019-03-11T12:33:11+00:00","dateModified":"2019-03-11T12:38:34+00:00","breadcrumb":{"@id":"https:\/\/kayakingcostabrava.com\/fr\/communaute\/actualites\/#breadcrumb"},"inLanguage":"fr-FR","potentialAction":[{"@type":"ReadAction","target":["https:\/\/kayakingcostabrava.com\/fr\/communaute\/actualites\/"]}]},{"@type":"BreadcrumbList","@id":"https:\/\/kayakingcostabrava.com\/fr\/communaute\/actualites\/#breadcrumb","itemListElement":[{"@type":"ListItem","position":1,"name":"Inici","item":"https:\/\/kayakingcostabrava.com\/fr\/"},{"@type":"ListItem","position":2,"name":"Communaut\u00e9","item":"https:\/\/kayakingcostabrava.com\/fr\/communaute\/"},{"@type":"ListItem","position":3,"name":"Actualit\u00e9s"}]},{"@type":"WebSite","@id":"https:\/\/kayakingcostabrava.com\/#website","url":"https:\/\/kayakingcostabrava.com\/","name":"Kayaking Costa Brava","description":"Lloguer de caiacs, excursions, cursos, tenda online.","potentialAction":[{"@type":"SearchAction","target":{"@type":"EntryPoint","urlTemplate":"https:\/\/kayakingcostabrava.com\/?s={search_term_string}"},"query-input":{"@type":"PropertyValueSpecification","valueRequired":true,"valueName":"search_term_string"}}],"inLanguage":"fr-FR"}]}},"_links":{"self":[{"href":"https:\/\/kayakingcostabrava.com\/fr\/wp-json\/wp\/v2\/pages\/5735","targetHints":{"allow":["GET"]}}],"collection":[{"href":"https:\/\/kayakingcostabrava.com\/fr\/wp-json\/wp\/v2\/pages"}],"about":[{"href":"https:\/\/kayakingcostabrava.com\/fr\/wp-json\/wp\/v2\/types\/page"}],"author":[{"embeddable":true,"href":"https:\/\/kayakingcostabrava.com\/fr\/wp-json\/wp\/v2\/users\/3"}],"replies":[{"embeddable":true,"href":"https:\/\/kayakingcostabrava.com\/fr\/wp-json\/wp\/v2\/comments?post=5735"}],"version-history":[{"count":0,"href":"https:\/\/kayakingcostabrava.com\/fr\/wp-json\/wp\/v2\/pages\/5735\/revisions"}],"up":[{"embeddable":true,"href":"https:\/\/kayakingcostabrava.com\/fr\/wp-json\/wp\/v2\/pages\/4873"}],"wp:attachment":[{"href":"https:\/\/kayakingcostabrava.com\/fr\/wp-json\/wp\/v2\/media?parent=5735"}],"curies":[{"name":"wp","href":"https:\/\/api.w.org\/{rel}","templated":true}]}}