{"id":4998,"date":"2018-10-29T14:07:37","date_gmt":"2018-10-29T14:07:37","guid":{"rendered":"https:\/\/www.kayakingcostabrava.com\/?page_id=4998"},"modified":"2022-08-26T09:14:55","modified_gmt":"2022-08-26T09:14:55","slug":"conditions-generales-des-excursions","status":"publish","type":"page","link":"https:\/\/kayakingcostabrava.com\/fr\/conditions-generales-des-excursions\/","title":{"rendered":"Conditions g\u00e9n\u00e9rales des excursions"},"content":{"rendered":"<p>[et_pb_section bb_built=\u00a0\u00bb1&Prime; fullwidth=\u00a0\u00bbon\u00a0\u00bb specialty=\u00a0\u00bboff\u00a0\u00bb transparent_background=\u00a0\u00bboff\u00a0\u00bb allow_player_pause=\u00a0\u00bboff\u00a0\u00bb inner_shadow=\u00a0\u00bboff\u00a0\u00bb parallax=\u00a0\u00bboff\u00a0\u00bb parallax_method=\u00a0\u00bboff\u00a0\u00bb padding_mobile=\u00a0\u00bboff\u00a0\u00bb make_fullwidth=\u00a0\u00bboff\u00a0\u00bb use_custom_width=\u00a0\u00bboff\u00a0\u00bb width_unit=\u00a0\u00bbon\u00a0\u00bb make_equal=\u00a0\u00bboff\u00a0\u00bb use_custom_gutter=\u00a0\u00bboff\u00a0\u00bb module_class=\u00a0\u00bbheader_page\u00a0\u00bb module_id=\u00a0\u00bbcondicions\u00a0\u00bb next_background_color=\u00a0\u00bb#fffcdb\u00a0\u00bb custom_padding_tablet=\u00a0\u00bb50px|0|50px|0&Prime; custom_padding_last_edited=\u00a0\u00bbon|desktop\u00a0\u00bb prev_background_color=\u00a0\u00bb#000000&Prime;][et_pb_fullwidth_header admin_label=\u00a0\u00bbT\u00edtulo cabecera\u00a0\u00bb title=\u00a0\u00bbConditions g\u00e9n\u00e9rales des excursions\u00a0\u00bb background_layout=\u00a0\u00bblight\u00a0\u00bb content_font_size=\u00a0\u00bb10px\u00a0\u00bb background_color=\u00a0\u00bbrgba(255, 255, 255, 0)\u00a0\u00bb _builder_version=\u00a0\u00bb3.6&Prime; max_width_tablet=\u00a0\u00bb50px\u00a0\u00bb button_one_text_size__hover_enabled=\u00a0\u00bboff\u00a0\u00bb button_one_text_size__hover=\u00a0\u00bbnull\u00a0\u00bb button_two_text_size__hover_enabled=\u00a0\u00bboff\u00a0\u00bb button_two_text_size__hover=\u00a0\u00bbnull\u00a0\u00bb button_one_text_color__hover_enabled=\u00a0\u00bboff\u00a0\u00bb button_one_text_color__hover=\u00a0\u00bbnull\u00a0\u00bb button_two_text_color__hover_enabled=\u00a0\u00bboff\u00a0\u00bb button_two_text_color__hover=\u00a0\u00bbnull\u00a0\u00bb button_one_border_width__hover_enabled=\u00a0\u00bboff\u00a0\u00bb button_one_border_width__hover=\u00a0\u00bbnull\u00a0\u00bb button_two_border_width__hover_enabled=\u00a0\u00bboff\u00a0\u00bb button_two_border_width__hover=\u00a0\u00bbnull\u00a0\u00bb button_one_border_color__hover_enabled=\u00a0\u00bboff\u00a0\u00bb button_one_border_color__hover=\u00a0\u00bbnull\u00a0\u00bb button_two_border_color__hover_enabled=\u00a0\u00bboff\u00a0\u00bb button_two_border_color__hover=\u00a0\u00bbnull\u00a0\u00bb button_one_border_radius__hover_enabled=\u00a0\u00bboff\u00a0\u00bb button_one_border_radius__hover=\u00a0\u00bbnull\u00a0\u00bb button_two_border_radius__hover_enabled=\u00a0\u00bboff\u00a0\u00bb button_two_border_radius__hover=\u00a0\u00bbnull\u00a0\u00bb button_one_letter_spacing__hover_enabled=\u00a0\u00bboff\u00a0\u00bb button_one_letter_spacing__hover=\u00a0\u00bbnull\u00a0\u00bb button_two_letter_spacing__hover_enabled=\u00a0\u00bboff\u00a0\u00bb button_two_letter_spacing__hover=\u00a0\u00bbnull\u00a0\u00bb button_one_bg_color__hover_enabled=\u00a0\u00bboff\u00a0\u00bb button_one_bg_color__hover=\u00a0\u00bbnull\u00a0\u00bb button_two_bg_color__hover_enabled=\u00a0\u00bboff\u00a0\u00bb button_two_bg_color__hover=\u00a0\u00bbnull\u00a0\u00bb \/][\/et_pb_section][et_pb_section bb_built=\u00a0\u00bb1&Prime; fullwidth=\u00a0\u00bboff\u00a0\u00bb specialty=\u00a0\u00bboff\u00a0\u00bb transparent_background=\u00a0\u00bboff\u00a0\u00bb background_color=\u00a0\u00bb#fffcdb\u00a0\u00bb allow_player_pause=\u00a0\u00bboff\u00a0\u00bb inner_shadow=\u00a0\u00bboff\u00a0\u00bb parallax=\u00a0\u00bboff\u00a0\u00bb parallax_method=\u00a0\u00bboff\u00a0\u00bb padding_mobile=\u00a0\u00bboff\u00a0\u00bb make_fullwidth=\u00a0\u00bboff\u00a0\u00bb use_custom_width=\u00a0\u00bboff\u00a0\u00bb width_unit=\u00a0\u00bbon\u00a0\u00bb make_equal=\u00a0\u00bboff\u00a0\u00bb use_custom_gutter=\u00a0\u00bboff\u00a0\u00bb module_class=\u00a0\u00bbbox_ficha\u00a0\u00bb prev_background_color=\u00a0\u00bb#ffffff\u00a0\u00bb custom_padding_tablet=\u00a0\u00bb50px|0|50px|0&Prime; custom_padding_last_edited=\u00a0\u00bbon|desktop\u00a0\u00bb][et_pb_row][et_pb_column type=\u00a0\u00bb3_4&Prime;][et_pb_text use_border_color=\u00a0\u00bboff\u00a0\u00bb background_position=\u00a0\u00bbtop_left\u00a0\u00bb background_repeat=\u00a0\u00bbrepeat\u00a0\u00bb background_size=\u00a0\u00bbinitial\u00a0\u00bb _builder_version=\u00a0\u00bb3.20.1&Prime;]<\/p>\n<p><strong>INFORMATION G\u00c9N\u00c9RALE SUR LES EXCURSIONS<\/strong><strong>\u00a0<\/strong><\/p>\n<p>Nous organisons les excursions en groupes ouverts et petits groupes de<strong> 6 personnes minimum<\/strong> (8 hors saison) et <strong>de 12<\/strong> <strong>maximum<\/strong>. Cette limitation du nombre de participants est due \u00e0 l\u2019espace r\u00e9duit de certaines grottes et \u00e0 des raisons de s\u00e9curit\u00e9.<\/p>\n<p>Pendant tout le parcours, le groupe de kayakistes est assist\u00e9 par deux moniteurs dipl\u00f4m\u00e9s et accompagn\u00e9 d\u2019un bateau de s\u00e9curit\u00e9.<\/p>\n<p>Les kayaks utilis\u00e9s sont <strong>individuels et de travers\u00e9e<\/strong>. Il y a des kayaks biplaces, mais ils exigent une plus grande exp\u00e9rience et une meilleure coordination entre les deux utilisateurs. En m\u00eame temps, du fait de leurs dimensions, ils ne sont pas tr\u00e8s appropri\u00e9s pour man\u0153uvrer entre les rochers et dans des passages \u00e9troits. C\u2019est pourquoi nous conseillons de faire les excursions guid\u00e9es en kayak individuel.<\/p>\n<p><strong>Une exp\u00e9rience pr\u00e9alable n\u2019est pas n\u00e9cessaire<\/strong>. Le pagayage est tr\u00e8s simple et logique, mais avant chaque sortie une explication des rudiments de la technique est propos\u00e9e afin que chaque participant puisse arriver au bout de l\u2019itin\u00e9raire sans difficult\u00e9. Au cours de l&rsquo;activit\u00e9, une halte de 30 minutes est toujours pr\u00e9vue pour se reposer.<\/p>\n<p><strong>CONDITIONS REQUISES<\/strong><\/p>\n<ul>\n<li>Savoir nager.<\/li>\n<li>L&rsquo;\u00e2ge minimum conseill\u00e9: \u00e0 partir de 13 ans et 145 cm de hauteur. (14 ans pour l&rsquo;excursion \u00e0 Cala Montg\u00f3)<\/li>\n<li>En poids inf\u00e9rieur \u00e0 120 kg; hauteur inf\u00e9rieure \u00e0 2 m.<\/li>\n<li>Les mineurs doivent \u00eatre accompagn\u00e9s d\u2019un adulte.<\/li>\n<li>Informer le centre devrait avoir un handicap ou une pathologie importante.<\/li>\n<li>R\u00e9servation pr\u00e9alable indispensable.<\/li>\n<li>Il est de la responsabilit\u00e9 du client d\u00e9filer vers le lieu de d\u00e9part de l&rsquo;activit\u00e9.<\/li>\n<\/ul>\n<p>Il est recommand\u00e9 de ne pas apporter d&rsquo;objets de valeur aux sorties (visites guid\u00e9es, location). Kayak Costa Brava n&rsquo;est pas responsable de toute perte ou dommage au mat\u00e9riel personnel.<\/p>\n<p><strong>RECRUTEMENT DES VISITES GUID\u00c9ES ET POLITIQUE D&rsquo;ANNULATION<\/strong><\/p>\n<p>Les tarifs sont par personne et incluent la TVA. Ce prix comprend \u00e9galement le mat\u00e9riel technique et de s\u00e9curit\u00e9 (kayak, gilet, pagaie et casque), deux guides qualifi\u00e9s et la s\u00e9curit\u00e9 du bateau.<\/p>\n<ul>\n<li>Nos activit\u00e9s sont soumises \u00e0 des conditions m\u00e9t\u00e9orologiques changeantes et de l&rsquo;\u00e9tat de la mer, m\u00eame lors de la sortie. Pour cette raison, Kayak Costa Brava pouvez voir contraint d&rsquo;annuler l&rsquo;activit\u00e9, dans ce cas, le client peut choisir de reporter l&rsquo;activit\u00e9 ou le montant pay\u00e9.<\/li>\n<li>Si le client annule ou modifie les crit\u00e8res suivants ont \u00e9t\u00e9 appliqu\u00e9s peine:\n<ul>\n<li>dix jours avant d&rsquo;\u00eatre p\u00e9nalis\u00e9 avec 25% du montant total de la r\u00e9servation<\/li>\n<li>de neuf \u00e0 quatre jours avant d&rsquo;\u00eatre p\u00e9nalis\u00e9 avec 50% du montant total de la r\u00e9servation<\/li>\n<li>trois jours avant ou moins est p\u00e9nalis\u00e9 de 100% du montant total de la r\u00e9servation<\/li>\n<\/ul>\n<\/li>\n<\/ul>\n<p>Tous nos services comprennent l&rsquo;assurance responsabilit\u00e9 et l&rsquo;assurance accident. Le service de location de mat\u00e9riel (sans guide) ne comprend pas la couverture d&rsquo;assurance assistance. Dans le cas des kayaks du mer de location, le client doit prouver la connaissance pr\u00e9alable et signer une d\u00e9charge de responsabilit\u00e9.<\/p>\n<h4>Mat\u00e9riel conseill\u00e9 pour les excursions<\/h4>\n<p>Le service d\u2019excursions guid\u00e9es de Kayaking Costa Brava inclut tout le mat\u00e9riel technique n\u00e9cessaire\u00a0: kayak, pagaie, gilet, casque, bateau d\u2019accompagnement, n\u00e9opr\u00e8ne (en automne-hiver seulement) et lampe (uniquement pour les excursions dans les grottes). Nous recommandons en plus d\u2019emporter des affaires personnelles.<\/p>\n<h4>Excursions d\u2019une \u00bd journ\u00e9e et de 1 jour<\/h4>\n<p><strong>EXCURSIONS EN \u00c9T\u00c9<\/strong><\/p>\n<ul>\n<li>Maillot de bain<\/li>\n<li>Protection solaire et chapeau<\/li>\n<li>T-shirt<\/li>\n<li>Lunettes de soleil avec cha\u00eene<\/li>\n<li>Chaussure pour activit\u00e9s nautiques (avec fixation au pied)<\/li>\n<li>Boisson pour s\u2019hydrater<\/li>\n<li>Snack l\u00e9ger (en option)<\/li>\n<li>Gilet imperm\u00e9able et t-shirt \u00e0 manches longues si le temps est couvert ou frais<\/li>\n<li>La nourriture pour les excursions d\u2019une journ\u00e9e<\/li>\n<\/ul>\n<p><strong>EXCURSIONS EN AUTOMNE-HIVER<\/strong><\/p>\n<ul>\n<li>Maillot de bain et t-shirt thermique \u00e0 manches longues<\/li>\n<li>Gilet imperm\u00e9able<\/li>\n<li>Serviette de corps et pull pour se changer (une halte est pr\u00e9vue \u00e0 cet effet dans toutes les excursions)<\/li>\n<li>Protection solaire, chapeau et lunettes de soleil (le port de lunettes avec cha\u00eene est recommand\u00e9)<\/li>\n<li>Boisson et snack l\u00e9ger<\/li>\n<li>Chaussure pour activit\u00e9s nautiques (avec fixation au pied)<\/li>\n<li>V\u00eatements de rechange<\/li>\n<li>La nourriture, seulement pour les excursions d\u2019une journ\u00e9e<\/li>\n<\/ul>\n<h4>Excursions de plusieurs jours<\/h4>\n<p>Pour les excursions de plusieurs jours, il est important d\u2019emporter le moins d\u2019affaires possible de mani\u00e8re \u00e0 r\u00e9duire le poids et le volume. Notre conseil\u00a0:<\/p>\n<p><strong>MAT\u00c9RIEL DE REPOS<\/strong><\/p>\n<ul>\n<li>Natte<\/li>\n<li>Sac de couchage appropri\u00e9 pour la saison<\/li>\n<li>V\u00eatements de rechange pour l\u2019apr\u00e8s kayak<\/li>\n<li>Chaussures de sport<\/li>\n<li>Lampe frontale ou lampe de poche<\/li>\n<li>V\u00eatements chauds<\/li>\n<li>N\u00e9cessaire de base<\/li>\n<li>Serviette<\/li>\n<li>Lotion contre les moustiques<\/li>\n<li>Assiettes, couverts et verre<\/li>\n<li>Sacs-poubelles (\u00e0 mettre dans les compartiments \u00e9tanches du kayak pour \u00e9viter que le mat\u00e9riel ne se mouille)<\/li>\n<li>Tente (pour la travers\u00e9e en direction de Minorque ou les travers\u00e9es de plusieurs jours)<\/li>\n<\/ul>\n<p><strong>MAT\u00c9RIEL DE PAGAYAGE<\/strong><\/p>\n<ul>\n<li>Maillot de bain<\/li>\n<li>Chaussons ou chaussure pouvant aller \u00e0 l\u2019eau<\/li>\n<li>T-shirt thermique \u00e0 manches courtes et longues (selon le temps qu\u2019il fait)<\/li>\n<li>Gilet imperm\u00e9able type Goretex ou similaire<\/li>\n<li>Pantalons ou combinaison en n\u00e9opr\u00e8ne<\/li>\n<li>Lunettes de soleil avec cha\u00eene<\/li>\n<li>Cr\u00e8me solaire et chapeau<\/li>\n<li>Mat\u00e9riel de snorkel (en option)<\/li>\n<li>Boisson et snack l\u00e9ger<\/li>\n<\/ul>\n<p>Nous sommes en mesure de fournir la combinaison et les bottillons en n\u00e9opr\u00e8ne sur r\u00e9servation.<\/p>\n<h4>Ravitaillement<\/h4>\n<p><strong>CIRCUIT DU CAP DE CREUS (DEUX JOURS)<\/strong><\/p>\n<p>Emporter le petit-d\u00e9jeuner et le d\u00e9jeuner du premier jour. Pour le d\u00eener du premier jour, le petit-d\u00e9jeuner et le d\u00e9jeuner du second jour, nous constituons un fond collectif.<\/p>\n<p>[\/et_pb_text][\/et_pb_column][et_pb_column type=\u00a0\u00bb1_4&Prime;][et_pb_text admin_label=\u00a0\u00bbCalendari\u00a0\u00bb use_border_color=\u00a0\u00bboff\u00a0\u00bb module_class=\u00a0\u00bbsidebar_calendar\u00a0\u00bb background_position=\u00a0\u00bbtop_left\u00a0\u00bb background_repeat=\u00a0\u00bbrepeat\u00a0\u00bb background_size=\u00a0\u00bbinitial\u00a0\u00bb _builder_version=\u00a0\u00bb3.6&Prime; saved_tabs=\u00a0\u00bball\u00a0\u00bb global_module=\u00a0\u00bb4622&Prime;]<\/p>\n<p><a title=\"Consultez notre calendrier de r\u00e9servation\" href=\"https:\/\/www.kayakingcostabrava.com\/fr\/calendrier-dexcursions-guidees-et-dactivites\/\">Consultez notre calendrier de r\u00e9servation<\/a><\/p>\n<p>[\/et_pb_text][et_pb_text admin_label=\u00a0\u00bbDisponemos de cheques regalo\u00a0\u00bb use_border_color=\u00a0\u00bboff\u00a0\u00bb module_class=\u00a0\u00bbsidebar_xec\u00a0\u00bb background_position=\u00a0\u00bbtop_left\u00a0\u00bb background_repeat=\u00a0\u00bbrepeat\u00a0\u00bb background_size=\u00a0\u00bbinitial\u00a0\u00bb _builder_version=\u00a0\u00bb3.6&Prime; saved_tabs=\u00a0\u00bball\u00a0\u00bb global_module=\u00a0\u00bb4625&Prime;]<\/p>\n<p>Nous disposons<\/p>\n<h3>de ch\u00e8ques cadeaux<\/h3>\n<p><a title=\"pour offrir des excursions \u00e0 vos proches\" href=\"https:\/\/www.kayakingcostabrava.com\/fr\/contact\/\">pour offrir des excursions \u00e0 vos proches<\/a><\/p>\n<p>[\/et_pb_text][et_pb_text admin_label=\u00a0\u00bbEnlaces condiciones\u00a0\u00bb use_border_color=\u00a0\u00bboff\u00a0\u00bb module_class=\u00a0\u00bbsidebar_links\u00a0\u00bb background_position=\u00a0\u00bbtop_left\u00a0\u00bb background_repeat=\u00a0\u00bbrepeat\u00a0\u00bb background_size=\u00a0\u00bbinitial\u00a0\u00bb _builder_version=\u00a0\u00bb3.6&Prime; saved_tabs=\u00a0\u00bball\u00a0\u00bb global_module=\u00a0\u00bb4627&Prime;]<\/p>\n<ul>\n<li><a title=\"Conditions g\u00e9n\u00e9rales des excursions\" href=\"https:\/\/www.kayakingcostabrava.com\/fr\/conditions-generales-des-excursions\/\">Conditions g\u00e9n\u00e9rales des excursions<\/a><\/li>\n<li><a title=\"Questions fr\u00e9quentes\" href=\"https:\/\/www.kayakingcostabrava.com\/fr\/foire-aux-questions-excursions\/\">Questions fr\u00e9quentes<\/a><\/li>\n<li><a title=\"Liens utiles\" href=\"https:\/\/www.kayakingcostabrava.com\/fr\/liens-utiles\/\">Liens utiles<\/a><\/li>\n<\/ul>\n<p>[\/et_pb_text][et_pb_text admin_label=\u00a0\u00bbOpinion Trip advisor\u00a0\u00bb background_layout=\u00a0\u00bblight\u00a0\u00bb text_orientation=\u00a0\u00bbleft\u00a0\u00bb use_border_color=\u00a0\u00bboff\u00a0\u00bb border_color=\u00a0\u00bb#ffffff\u00a0\u00bb border_style=\u00a0\u00bbsolid\u00a0\u00bb background_position=\u00a0\u00bbtop_left\u00a0\u00bb background_repeat=\u00a0\u00bbrepeat\u00a0\u00bb background_size=\u00a0\u00bbinitial\u00a0\u00bb]<\/p>\n<div id=\"TA_cdswritereviewlg711\" class=\"TA_cdswritereviewlg\">\n<ul id=\"8tOfs48w\" class=\"TA_links Y9bpX0T\">\n<li id=\"1HfJIEq\" class=\"Z7DfA6hDPt\"><a href=\"https:\/\/www.tripadvisor.es\/\" target=\"_blank\" rel=\"noopener\"><img decoding=\"async\" src=\"https:\/\/www.tripadvisor.es\/img\/cdsi\/img2\/branding\/medium-logo-12097-2.png\" alt=\"TripAdvisor\" \/><\/a><\/li>\n<\/ul>\n<\/div>\n<p><script src=\"https:\/\/www.jscache.com\/wejs?wtype=cdswritereviewlg&amp;uniq=711&amp;locationId=3467707&amp;lang=es&amp;lang=es&amp;display_version=2\"><\/script><\/p>\n<p>[\/et_pb_text][\/et_pb_column][\/et_pb_row][\/et_pb_section]<\/p>\n","protected":false},"excerpt":{"rendered":"<p><div class=\"et_pb_row et_pb_row_0 et_pb_row_empty\">\n\t\t\t\t\n\t\t\t\t\n\t\t\t\t\n\t\t\t\t\n\t\t\t\t\n\t\t\t<\/div> INFORMATION G\u00c9N\u00c9RALE SUR LES EXCURSIONS\u00a0Nous organisons les excursions en groupes ouverts et petits groupes de 6 personnes minimum (8 hors saison) et de 12 maximum. Cette limitation du nombre de participants est due \u00e0 l\u2019espace r\u00e9duit de certaines grottes et \u00e0 des raisons de s\u00e9curit\u00e9.Pendant tout le parcours, le groupe de kayakistes est assist\u00e9 [&hellip;]<\/p>\n","protected":false},"author":3,"featured_media":0,"parent":0,"menu_order":0,"comment_status":"closed","ping_status":"closed","template":"","meta":{"_et_pb_use_builder":"on","_et_pb_old_content":"","_et_gb_content_width":"","inline_featured_image":false,"footnotes":""},"class_list":["post-4998","page","type-page","status-publish","hentry"],"yoast_head":"<!-- This site is optimized with the Yoast SEO plugin v27.1.1 - https:\/\/yoast.com\/product\/yoast-seo-wordpress\/ -->\n<title>Conditions g\u00e9n\u00e9rales des excursions - Kayaking Costa Brava<\/title>\n<meta name=\"robots\" content=\"index, follow, max-snippet:-1, max-image-preview:large, max-video-preview:-1\" \/>\n<link rel=\"canonical\" href=\"https:\/\/kayakingcostabrava.com\/fr\/conditions-generales-des-excursions\/\" \/>\n<meta property=\"og:locale\" content=\"fr_FR\" \/>\n<meta property=\"og:type\" content=\"article\" \/>\n<meta property=\"og:title\" content=\"Conditions g\u00e9n\u00e9rales des excursions - Kayaking Costa Brava\" \/>\n<meta property=\"og:description\" content=\"INFORMATION G\u00c9N\u00c9RALE SUR LES EXCURSIONS\u00a0Nous organisons les excursions en groupes ouverts et petits groupes de 6 personnes minimum (8 hors saison) et de 12 maximum. Cette limitation du nombre de participants est due \u00e0 l\u2019espace r\u00e9duit de certaines grottes et \u00e0 des raisons de s\u00e9curit\u00e9.Pendant tout le parcours, le groupe de kayakistes est assist\u00e9 [&hellip;]\" \/>\n<meta property=\"og:url\" content=\"https:\/\/kayakingcostabrava.com\/fr\/conditions-generales-des-excursions\/\" \/>\n<meta property=\"og:site_name\" content=\"Kayaking Costa Brava\" \/>\n<meta property=\"article:publisher\" content=\"https:\/\/www.facebook.com\/kayakingcostabrava\/\" \/>\n<meta property=\"article:modified_time\" content=\"2022-08-26T09:14:55+00:00\" \/>\n<meta property=\"og:image\" content=\"https:\/\/www.tripadvisor.es\/img\/cdsi\/img2\/branding\/medium-logo-12097-2.png\" \/>\n<meta name=\"twitter:card\" content=\"summary_large_image\" \/>\n<meta name=\"twitter:label1\" content=\"Dur\u00e9e de lecture estim\u00e9e\" \/>\n\t<meta name=\"twitter:data1\" content=\"7 minutes\" \/>\n<script type=\"application\/ld+json\" class=\"yoast-schema-graph\">{\"@context\":\"https:\/\/schema.org\",\"@graph\":[{\"@type\":\"WebPage\",\"@id\":\"https:\/\/kayakingcostabrava.com\/fr\/conditions-generales-des-excursions\/\",\"url\":\"https:\/\/kayakingcostabrava.com\/fr\/conditions-generales-des-excursions\/\",\"name\":\"Conditions g\u00e9n\u00e9rales des excursions - Kayaking Costa Brava\",\"isPartOf\":{\"@id\":\"https:\/\/kayakingcostabrava.com\/#website\"},\"primaryImageOfPage\":{\"@id\":\"https:\/\/kayakingcostabrava.com\/fr\/conditions-generales-des-excursions\/#primaryimage\"},\"image\":{\"@id\":\"https:\/\/kayakingcostabrava.com\/fr\/conditions-generales-des-excursions\/#primaryimage\"},\"thumbnailUrl\":\"https:\/\/www.tripadvisor.es\/img\/cdsi\/img2\/branding\/medium-logo-12097-2.png\",\"datePublished\":\"2018-10-29T14:07:37+00:00\",\"dateModified\":\"2022-08-26T09:14:55+00:00\",\"breadcrumb\":{\"@id\":\"https:\/\/kayakingcostabrava.com\/fr\/conditions-generales-des-excursions\/#breadcrumb\"},\"inLanguage\":\"fr-FR\",\"potentialAction\":[{\"@type\":\"ReadAction\",\"target\":[\"https:\/\/kayakingcostabrava.com\/fr\/conditions-generales-des-excursions\/\"]}]},{\"@type\":\"ImageObject\",\"inLanguage\":\"fr-FR\",\"@id\":\"https:\/\/kayakingcostabrava.com\/fr\/conditions-generales-des-excursions\/#primaryimage\",\"url\":\"https:\/\/www.tripadvisor.es\/img\/cdsi\/img2\/branding\/medium-logo-12097-2.png\",\"contentUrl\":\"https:\/\/www.tripadvisor.es\/img\/cdsi\/img2\/branding\/medium-logo-12097-2.png\"},{\"@type\":\"BreadcrumbList\",\"@id\":\"https:\/\/kayakingcostabrava.com\/fr\/conditions-generales-des-excursions\/#breadcrumb\",\"itemListElement\":[{\"@type\":\"ListItem\",\"position\":1,\"name\":\"Inici\",\"item\":\"https:\/\/kayakingcostabrava.com\/fr\/\"},{\"@type\":\"ListItem\",\"position\":2,\"name\":\"Conditions g\u00e9n\u00e9rales des excursions\"}]},{\"@type\":\"WebSite\",\"@id\":\"https:\/\/kayakingcostabrava.com\/#website\",\"url\":\"https:\/\/kayakingcostabrava.com\/\",\"name\":\"Kayaking Costa Brava\",\"description\":\"Lloguer de caiacs, excursions, cursos, tenda online.\",\"potentialAction\":[{\"@type\":\"SearchAction\",\"target\":{\"@type\":\"EntryPoint\",\"urlTemplate\":\"https:\/\/kayakingcostabrava.com\/?s={search_term_string}\"},\"query-input\":{\"@type\":\"PropertyValueSpecification\",\"valueRequired\":true,\"valueName\":\"search_term_string\"}}],\"inLanguage\":\"fr-FR\"}]}<\/script>\n<!-- \/ Yoast SEO plugin. -->","yoast_head_json":{"title":"Conditions g\u00e9n\u00e9rales des excursions - Kayaking Costa Brava","robots":{"index":"index","follow":"follow","max-snippet":"max-snippet:-1","max-image-preview":"max-image-preview:large","max-video-preview":"max-video-preview:-1"},"canonical":"https:\/\/kayakingcostabrava.com\/fr\/conditions-generales-des-excursions\/","og_locale":"fr_FR","og_type":"article","og_title":"Conditions g\u00e9n\u00e9rales des excursions - Kayaking Costa Brava","og_description":"INFORMATION G\u00c9N\u00c9RALE SUR LES EXCURSIONS\u00a0Nous organisons les excursions en groupes ouverts et petits groupes de 6 personnes minimum (8 hors saison) et de 12 maximum. Cette limitation du nombre de participants est due \u00e0 l\u2019espace r\u00e9duit de certaines grottes et \u00e0 des raisons de s\u00e9curit\u00e9.Pendant tout le parcours, le groupe de kayakistes est assist\u00e9 [&hellip;]","og_url":"https:\/\/kayakingcostabrava.com\/fr\/conditions-generales-des-excursions\/","og_site_name":"Kayaking Costa Brava","article_publisher":"https:\/\/www.facebook.com\/kayakingcostabrava\/","article_modified_time":"2022-08-26T09:14:55+00:00","og_image":[{"url":"https:\/\/www.tripadvisor.es\/img\/cdsi\/img2\/branding\/medium-logo-12097-2.png","type":"","width":"","height":""}],"twitter_card":"summary_large_image","twitter_misc":{"Dur\u00e9e de lecture estim\u00e9e":"7 minutes"},"schema":{"@context":"https:\/\/schema.org","@graph":[{"@type":"WebPage","@id":"https:\/\/kayakingcostabrava.com\/fr\/conditions-generales-des-excursions\/","url":"https:\/\/kayakingcostabrava.com\/fr\/conditions-generales-des-excursions\/","name":"Conditions g\u00e9n\u00e9rales des excursions - Kayaking Costa Brava","isPartOf":{"@id":"https:\/\/kayakingcostabrava.com\/#website"},"primaryImageOfPage":{"@id":"https:\/\/kayakingcostabrava.com\/fr\/conditions-generales-des-excursions\/#primaryimage"},"image":{"@id":"https:\/\/kayakingcostabrava.com\/fr\/conditions-generales-des-excursions\/#primaryimage"},"thumbnailUrl":"https:\/\/www.tripadvisor.es\/img\/cdsi\/img2\/branding\/medium-logo-12097-2.png","datePublished":"2018-10-29T14:07:37+00:00","dateModified":"2022-08-26T09:14:55+00:00","breadcrumb":{"@id":"https:\/\/kayakingcostabrava.com\/fr\/conditions-generales-des-excursions\/#breadcrumb"},"inLanguage":"fr-FR","potentialAction":[{"@type":"ReadAction","target":["https:\/\/kayakingcostabrava.com\/fr\/conditions-generales-des-excursions\/"]}]},{"@type":"ImageObject","inLanguage":"fr-FR","@id":"https:\/\/kayakingcostabrava.com\/fr\/conditions-generales-des-excursions\/#primaryimage","url":"https:\/\/www.tripadvisor.es\/img\/cdsi\/img2\/branding\/medium-logo-12097-2.png","contentUrl":"https:\/\/www.tripadvisor.es\/img\/cdsi\/img2\/branding\/medium-logo-12097-2.png"},{"@type":"BreadcrumbList","@id":"https:\/\/kayakingcostabrava.com\/fr\/conditions-generales-des-excursions\/#breadcrumb","itemListElement":[{"@type":"ListItem","position":1,"name":"Inici","item":"https:\/\/kayakingcostabrava.com\/fr\/"},{"@type":"ListItem","position":2,"name":"Conditions g\u00e9n\u00e9rales des excursions"}]},{"@type":"WebSite","@id":"https:\/\/kayakingcostabrava.com\/#website","url":"https:\/\/kayakingcostabrava.com\/","name":"Kayaking Costa Brava","description":"Lloguer de caiacs, excursions, cursos, tenda online.","potentialAction":[{"@type":"SearchAction","target":{"@type":"EntryPoint","urlTemplate":"https:\/\/kayakingcostabrava.com\/?s={search_term_string}"},"query-input":{"@type":"PropertyValueSpecification","valueRequired":true,"valueName":"search_term_string"}}],"inLanguage":"fr-FR"}]}},"_links":{"self":[{"href":"https:\/\/kayakingcostabrava.com\/fr\/wp-json\/wp\/v2\/pages\/4998","targetHints":{"allow":["GET"]}}],"collection":[{"href":"https:\/\/kayakingcostabrava.com\/fr\/wp-json\/wp\/v2\/pages"}],"about":[{"href":"https:\/\/kayakingcostabrava.com\/fr\/wp-json\/wp\/v2\/types\/page"}],"author":[{"embeddable":true,"href":"https:\/\/kayakingcostabrava.com\/fr\/wp-json\/wp\/v2\/users\/3"}],"replies":[{"embeddable":true,"href":"https:\/\/kayakingcostabrava.com\/fr\/wp-json\/wp\/v2\/comments?post=4998"}],"version-history":[{"count":2,"href":"https:\/\/kayakingcostabrava.com\/fr\/wp-json\/wp\/v2\/pages\/4998\/revisions"}],"predecessor-version":[{"id":9653,"href":"https:\/\/kayakingcostabrava.com\/fr\/wp-json\/wp\/v2\/pages\/4998\/revisions\/9653"}],"wp:attachment":[{"href":"https:\/\/kayakingcostabrava.com\/fr\/wp-json\/wp\/v2\/media?parent=4998"}],"curies":[{"name":"wp","href":"https:\/\/api.w.org\/{rel}","templated":true}]}}