{"id":4730,"date":"2018-10-15T15:42:27","date_gmt":"2018-10-15T15:42:27","guid":{"rendered":"https:\/\/www.kayakingcostabrava.com\/?page_id=4730"},"modified":"2023-06-27T08:19:45","modified_gmt":"2023-06-27T08:19:45","slug":"cours","status":"publish","type":"page","link":"https:\/\/kayakingcostabrava.com\/fr\/activites\/cours\/","title":{"rendered":"Cours"},"content":{"rendered":"<p>[et_pb_section bb_built=\u00a0\u00bb1&Prime; fullwidth=\u00a0\u00bbon\u00a0\u00bb specialty=\u00a0\u00bboff\u00a0\u00bb transparent_background=\u00a0\u00bboff\u00a0\u00bb allow_player_pause=\u00a0\u00bboff\u00a0\u00bb inner_shadow=\u00a0\u00bboff\u00a0\u00bb parallax=\u00a0\u00bboff\u00a0\u00bb parallax_method=\u00a0\u00bboff\u00a0\u00bb padding_mobile=\u00a0\u00bboff\u00a0\u00bb make_fullwidth=\u00a0\u00bboff\u00a0\u00bb use_custom_width=\u00a0\u00bboff\u00a0\u00bb width_unit=\u00a0\u00bbon\u00a0\u00bb make_equal=\u00a0\u00bboff\u00a0\u00bb use_custom_gutter=\u00a0\u00bboff\u00a0\u00bb module_class=\u00a0\u00bbheader_page\u00a0\u00bb custom_padding_tablet=\u00a0\u00bb50px|0|50px|0&Prime; custom_padding_last_edited=\u00a0\u00bbon|desktop\u00a0\u00bb next_background_color=\u00a0\u00bb#69cbc6&Prime; prev_background_color=\u00a0\u00bb#000000&Prime; inner_width=\u00a0\u00bbauto\u00a0\u00bb inner_max_width=\u00a0\u00bb1280px\u00a0\u00bb][et_pb_fullwidth_header title=\u00a0\u00bbCours\u00a0\u00bb background_layout=\u00a0\u00bblight\u00a0\u00bb subhead=\u00a0\u00bbActivit\u00e9s\u00a0\u00bb background_color=\u00a0\u00bbrgba(255, 255, 255, 0)\u00a0\u00bb _builder_version=\u00a0\u00bb3.6&Prime; max_width_tablet=\u00a0\u00bb50px\u00a0\u00bb button_one_text_size__hover_enabled=\u00a0\u00bboff\u00a0\u00bb button_two_text_size__hover_enabled=\u00a0\u00bboff\u00a0\u00bb button_one_text_color__hover_enabled=\u00a0\u00bboff\u00a0\u00bb button_two_text_color__hover_enabled=\u00a0\u00bboff\u00a0\u00bb button_one_border_width__hover_enabled=\u00a0\u00bboff\u00a0\u00bb button_two_border_width__hover_enabled=\u00a0\u00bboff\u00a0\u00bb button_one_border_color__hover_enabled=\u00a0\u00bboff\u00a0\u00bb button_two_border_color__hover_enabled=\u00a0\u00bboff\u00a0\u00bb button_one_border_radius__hover_enabled=\u00a0\u00bboff\u00a0\u00bb button_two_border_radius__hover_enabled=\u00a0\u00bboff\u00a0\u00bb button_one_letter_spacing__hover_enabled=\u00a0\u00bboff\u00a0\u00bb button_two_letter_spacing__hover_enabled=\u00a0\u00bboff\u00a0\u00bb button_one_bg_color__hover_enabled=\u00a0\u00bboff\u00a0\u00bb button_two_bg_color__hover_enabled=\u00a0\u00bboff\u00a0\u00bb \/][\/et_pb_section][et_pb_section bb_built=\u00a0\u00bb1&Prime; admin_label=\u00a0\u00bbsection\u00a0\u00bb transparent_background=\u00a0\u00bboff\u00a0\u00bb background_color=\u00a0\u00bb#69cbc6&Prime; allow_player_pause=\u00a0\u00bboff\u00a0\u00bb inner_shadow=\u00a0\u00bboff\u00a0\u00bb parallax=\u00a0\u00bboff\u00a0\u00bb parallax_method=\u00a0\u00bboff\u00a0\u00bb padding_mobile=\u00a0\u00bboff\u00a0\u00bb make_fullwidth=\u00a0\u00bboff\u00a0\u00bb use_custom_width=\u00a0\u00bboff\u00a0\u00bb width_unit=\u00a0\u00bbon\u00a0\u00bb make_equal=\u00a0\u00bboff\u00a0\u00bb use_custom_gutter=\u00a0\u00bboff\u00a0\u00bb module_class=\u00a0\u00bbsub_header_01&Prime; custom_padding=\u00a0\u00bb0px||0px|\u00a0\u00bb custom_padding_tablet=\u00a0\u00bb50px|0|50px|0&Prime; custom_padding_last_edited=\u00a0\u00bbon|desktop\u00a0\u00bb prev_background_color=\u00a0\u00bb#ffffff\u00a0\u00bb next_background_color=\u00a0\u00bb#fffcdb\u00a0\u00bb inner_width=\u00a0\u00bbauto\u00a0\u00bb inner_max_width=\u00a0\u00bb1280px\u00a0\u00bb][et_pb_row admin_label=\u00a0\u00bbrow\u00a0\u00bb make_fullwidth=\u00a0\u00bboff\u00a0\u00bb use_custom_width=\u00a0\u00bboff\u00a0\u00bb width_unit=\u00a0\u00bbon\u00a0\u00bb use_custom_gutter=\u00a0\u00bboff\u00a0\u00bb padding_mobile=\u00a0\u00bboff\u00a0\u00bb allow_player_pause=\u00a0\u00bboff\u00a0\u00bb parallax=\u00a0\u00bboff\u00a0\u00bb parallax_method=\u00a0\u00bboff\u00a0\u00bb make_equal=\u00a0\u00bboff\u00a0\u00bb column_padding_mobile=\u00a0\u00bbon\u00a0\u00bb background_position=\u00a0\u00bbtop_left\u00a0\u00bb background_repeat=\u00a0\u00bbrepeat\u00a0\u00bb background_size=\u00a0\u00bbinitial\u00a0\u00bb width=\u00a0\u00bb80%\u00a0\u00bb max_width=\u00a0\u00bb1280px\u00a0\u00bb][et_pb_column type=\u00a0\u00bb4_4&Prime; custom_padding__hover=\u00a0\u00bb|||\u00a0\u00bb custom_padding=\u00a0\u00bb|||\u00a0\u00bb parallax_method=\u00a0\u00bboff\u00a0\u00bb][et_pb_text use_border_color=\u00a0\u00bboff\u00a0\u00bb custom_margin=\u00a0\u00bb0px|||\u00a0\u00bb background_position=\u00a0\u00bbtop_left\u00a0\u00bb background_repeat=\u00a0\u00bbrepeat\u00a0\u00bb background_size=\u00a0\u00bbinitial\u00a0\u00bb _builder_version=\u00a0\u00bb3.6&Prime; text_orientation=\u00a0\u00bbleft\u00a0\u00bb]<\/p>\n<p>\nSi vous voulez apprendre \u00e0 naviguer par vos propres moyens et \u00e0 affronter les diff\u00e9rentes conditions de la mer, Kayaking Costa Brava vous enseignera les techniques n\u00e9cessaires. Ces cours peuvent \u00eatre r\u00e9alis\u00e9s en groupes ou individuellement, mais l&rsquo;apprentissage est plus efficace en cours particuliers ou en groupes restreints.<\/p>\n<p>[\/et_pb_text][\/et_pb_column][\/et_pb_row][\/et_pb_section][et_pb_section bb_built=\u00a0\u00bb1&Prime; fullwidth=\u00a0\u00bboff\u00a0\u00bb specialty=\u00a0\u00bboff\u00a0\u00bb transparent_background=\u00a0\u00bboff\u00a0\u00bb background_color=\u00a0\u00bb#fffcdb\u00a0\u00bb allow_player_pause=\u00a0\u00bboff\u00a0\u00bb inner_shadow=\u00a0\u00bboff\u00a0\u00bb parallax=\u00a0\u00bboff\u00a0\u00bb parallax_method=\u00a0\u00bboff\u00a0\u00bb padding_mobile=\u00a0\u00bboff\u00a0\u00bb make_fullwidth=\u00a0\u00bboff\u00a0\u00bb use_custom_width=\u00a0\u00bboff\u00a0\u00bb width_unit=\u00a0\u00bbon\u00a0\u00bb make_equal=\u00a0\u00bboff\u00a0\u00bb use_custom_gutter=\u00a0\u00bboff\u00a0\u00bb module_class=\u00a0\u00bbbox_activity_02&Prime; custom_padding_tablet=\u00a0\u00bb50px|0|50px|0&Prime; custom_padding_last_edited=\u00a0\u00bbon|desktop\u00a0\u00bb prev_background_color=\u00a0\u00bb#69cbc6&Prime; inner_width=\u00a0\u00bbauto\u00a0\u00bb inner_max_width=\u00a0\u00bb1280px\u00a0\u00bb][et_pb_row background_position=\u00a0\u00bbtop_left\u00a0\u00bb background_repeat=\u00a0\u00bbrepeat\u00a0\u00bb background_size=\u00a0\u00bbinitial\u00a0\u00bb width=\u00a0\u00bb80%\u00a0\u00bb max_width=\u00a0\u00bb1280px\u00a0\u00bb][et_pb_column type=\u00a0\u00bb1_2&Prime; custom_padding__hover=\u00a0\u00bb|||\u00a0\u00bb custom_padding=\u00a0\u00bb|||\u00a0\u00bb][et_pb_blurb admin_label=\u00a0\u00bbCurs d&rsquo;iniciaci\u00f3\u00a0\u00bb animation=\u00a0\u00bboff\u00a0\u00bb text_orientation=\u00a0\u00bbcenter\u00a0\u00bb use_border_color=\u00a0\u00bboff\u00a0\u00bb image=\u00a0\u00bbhttps:\/\/kayakingcostabrava-b4f9.kxcdn.com\/wp-content\/uploads\/2016\/03\/titulo_curs_1.png\u00a0\u00bb alt=\u00a0\u00bbCurs d&rsquo;iniciaci\u00f3\u00a0\u00bb title=\u00a0\u00bbCours d\u2019initiation\u00a0\u00bb url=\u00a0\u00bbhttps:\/\/www.kayakingcostabrava.com\/fr\/activites\/cours\/cours-dinitiation\/\u00a0\u00bb background_position=\u00a0\u00bbtop_left\u00a0\u00bb background_repeat=\u00a0\u00bbrepeat\u00a0\u00bb background_size=\u00a0\u00bbinitial\u00a0\u00bb _builder_version=\u00a0\u00bb3.6&Prime; max_width_tablet=\u00a0\u00bb50px\u00a0\u00bb]<\/p>\n<p>\nLe cours d&rsquo;initiation dure quatre heures pendant lesquelles les concepts suivants sont abord\u00e9s :<\/p>\n<a href='https:\/\/www.kayakingcostabrava.com\/fr\/activites\/cours\/cours-dinitiation\/' class='small-button smallblue'>Plus d&rsquo;infos<\/a>\n<p>[\/et_pb_blurb][\/et_pb_column][et_pb_column type=\u00a0\u00bb1_2&Prime; custom_padding__hover=\u00a0\u00bb|||\u00a0\u00bb custom_padding=\u00a0\u00bb|||\u00a0\u00bb][et_pb_blurb admin_label=\u00a0\u00bbCurs de perfeccionament\u00a0\u00bb animation=\u00a0\u00bboff\u00a0\u00bb text_orientation=\u00a0\u00bbcenter\u00a0\u00bb use_border_color=\u00a0\u00bboff\u00a0\u00bb image=\u00a0\u00bbhttps:\/\/kayakingcostabrava-b4f9.kxcdn.com\/wp-content\/uploads\/2016\/03\/cursos1_277X277.jpg\u00a0\u00bb alt=\u00a0\u00bbCurs de perfeccionament\u00a0\u00bb title=\u00a0\u00bbCours de perfectionnement\u00a0\u00bb url=\u00a0\u00bbhttps:\/\/www.kayakingcostabrava.com\/fr\/activites\/cours\/cours-de-perfectionnement\/\u00a0\u00bb background_position=\u00a0\u00bbtop_left\u00a0\u00bb background_repeat=\u00a0\u00bbrepeat\u00a0\u00bb background_size=\u00a0\u00bbinitial\u00a0\u00bb _builder_version=\u00a0\u00bb3.6&Prime; max_width_tablet=\u00a0\u00bb50px\u00a0\u00bb]<\/p>\n<p>\nOn peut difficilement estimer le temps n\u00e9cessaire pour ma\u00eetriser les diff\u00e9rentes techniques enseign\u00e9es lors d\u2019un cours de perfectionnement.<\/p>\n<a href='https:\/\/www.kayakingcostabrava.com\/fr\/activites\/cours\/cours-de-perfectionnement\/' class='small-button smallblue'>Plus d&rsquo;infos<\/a>\n<p>[\/et_pb_blurb][\/et_pb_column][\/et_pb_row][et_pb_row background_position=\u00a0\u00bbtop_left\u00a0\u00bb background_repeat=\u00a0\u00bbrepeat\u00a0\u00bb background_size=\u00a0\u00bbinitial\u00a0\u00bb width=\u00a0\u00bb80%\u00a0\u00bb max_width=\u00a0\u00bb1280px\u00a0\u00bb][et_pb_column type=\u00a0\u00bb1_4&Prime; custom_padding__hover=\u00a0\u00bb|||\u00a0\u00bb custom_padding=\u00a0\u00bb|||\u00a0\u00bb][\/et_pb_column][et_pb_column type=\u00a0\u00bb1_2&Prime; custom_padding__hover=\u00a0\u00bb|||\u00a0\u00bb custom_padding=\u00a0\u00bb|||\u00a0\u00bb][et_pb_blurb admin_label=\u00a0\u00bbCurs BCU (British Canoe Union)\u00a0\u00bb animation=\u00a0\u00bboff\u00a0\u00bb text_orientation=\u00a0\u00bbcenter\u00a0\u00bb use_border_color=\u00a0\u00bboff\u00a0\u00bb image=\u00a0\u00bbhttps:\/\/kayakingcostabrava-b4f9.kxcdn.com\/wp-content\/uploads\/2016\/03\/titulo_curs_3.png\u00a0\u00bb alt=\u00a0\u00bbCurs BCU (British Canoe Union)\u00a0\u00bb title=\u00a0\u00bbCurs BCU (British Canoe Union)\u00a0\u00bb url=\u00a0\u00bbhttps:\/\/www.kayakingcostabrava.com\/fr\/activites\/cours\/cours-bcu-british-canoe-union\/\u00a0\u00bb background_position=\u00a0\u00bbtop_left\u00a0\u00bb background_repeat=\u00a0\u00bbrepeat\u00a0\u00bb background_size=\u00a0\u00bbinitial\u00a0\u00bb _builder_version=\u00a0\u00bb4.20.4&Prime; max_width_tablet=\u00a0\u00bb50px\u00a0\u00bb background_pattern_color=\u00a0\u00bbrgba(0,0,0,0.2)\u00a0\u00bb background_mask_color=\u00a0\u00bb#ffffff\u00a0\u00bb image_icon_width_tablet=\u00a0\u00bb101px\u00a0\u00bb border_width_all_image_tablet=\u00a0\u00bb25&Prime; box_shadow_horizontal_image_tablet=\u00a0\u00bb0px\u00a0\u00bb box_shadow_vertical_image_tablet=\u00a0\u00bb0px\u00a0\u00bb box_shadow_blur_image_tablet=\u00a0\u00bb40px\u00a0\u00bb box_shadow_spread_image_tablet=\u00a0\u00bb0px\u00a0\u00bb text_shadow_horizontal_length=\u00a0\u00bbtext_shadow_style,%91object Object%93&Prime; text_shadow_horizontal_length_tablet=\u00a0\u00bb0px\u00a0\u00bb text_shadow_vertical_length=\u00a0\u00bbtext_shadow_style,%91object Object%93&Prime; text_shadow_vertical_length_tablet=\u00a0\u00bb0px\u00a0\u00bb text_shadow_blur_strength=\u00a0\u00bbtext_shadow_style,%91object Object%93&Prime; text_shadow_blur_strength_tablet=\u00a0\u00bb1px\u00a0\u00bb header_text_shadow_horizontal_length=\u00a0\u00bbheader_text_shadow_style,%91object Object%93&Prime; header_text_shadow_horizontal_length_tablet=\u00a0\u00bb0px\u00a0\u00bb header_text_shadow_vertical_length=\u00a0\u00bbheader_text_shadow_style,%91object Object%93&Prime; header_text_shadow_vertical_length_tablet=\u00a0\u00bb0px\u00a0\u00bb header_text_shadow_blur_strength=\u00a0\u00bbheader_text_shadow_style,%91object Object%93&Prime; header_text_shadow_blur_strength_tablet=\u00a0\u00bb1px\u00a0\u00bb body_text_shadow_horizontal_length=\u00a0\u00bbbody_text_shadow_style,%91object Object%93&Prime; body_text_shadow_horizontal_length_tablet=\u00a0\u00bb0px\u00a0\u00bb body_text_shadow_vertical_length=\u00a0\u00bbbody_text_shadow_style,%91object Object%93&Prime; body_text_shadow_vertical_length_tablet=\u00a0\u00bb0px\u00a0\u00bb body_text_shadow_blur_strength=\u00a0\u00bbbody_text_shadow_style,%91object Object%93&Prime; body_text_shadow_blur_strength_tablet=\u00a0\u00bb1px\u00a0\u00bb body_link_text_shadow_horizontal_length=\u00a0\u00bbbody_link_text_shadow_style,%91object Object%93&Prime; body_link_text_shadow_horizontal_length_tablet=\u00a0\u00bb0px\u00a0\u00bb body_link_text_shadow_vertical_length=\u00a0\u00bbbody_link_text_shadow_style,%91object Object%93&Prime; body_link_text_shadow_vertical_length_tablet=\u00a0\u00bb0px\u00a0\u00bb body_link_text_shadow_blur_strength=\u00a0\u00bbbody_link_text_shadow_style,%91object Object%93&Prime; body_link_text_shadow_blur_strength_tablet=\u00a0\u00bb1px\u00a0\u00bb body_ul_text_shadow_horizontal_length=\u00a0\u00bbbody_ul_text_shadow_style,%91object Object%93&Prime; body_ul_text_shadow_horizontal_length_tablet=\u00a0\u00bb0px\u00a0\u00bb body_ul_text_shadow_vertical_length=\u00a0\u00bbbody_ul_text_shadow_style,%91object Object%93&Prime; body_ul_text_shadow_vertical_length_tablet=\u00a0\u00bb0px\u00a0\u00bb body_ul_text_shadow_blur_strength=\u00a0\u00bbbody_ul_text_shadow_style,%91object Object%93&Prime; body_ul_text_shadow_blur_strength_tablet=\u00a0\u00bb1px\u00a0\u00bb body_ol_text_shadow_horizontal_length=\u00a0\u00bbbody_ol_text_shadow_style,%91object Object%93&Prime; body_ol_text_shadow_horizontal_length_tablet=\u00a0\u00bb0px\u00a0\u00bb body_ol_text_shadow_vertical_length=\u00a0\u00bbbody_ol_text_shadow_style,%91object Object%93&Prime; body_ol_text_shadow_vertical_length_tablet=\u00a0\u00bb0px\u00a0\u00bb body_ol_text_shadow_blur_strength=\u00a0\u00bbbody_ol_text_shadow_style,%91object Object%93&Prime; body_ol_text_shadow_blur_strength_tablet=\u00a0\u00bb1px\u00a0\u00bb body_quote_text_shadow_horizontal_length=\u00a0\u00bbbody_quote_text_shadow_style,%91object Object%93&Prime; body_quote_text_shadow_horizontal_length_tablet=\u00a0\u00bb0px\u00a0\u00bb body_quote_text_shadow_vertical_length=\u00a0\u00bbbody_quote_text_shadow_style,%91object Object%93&Prime; body_quote_text_shadow_vertical_length_tablet=\u00a0\u00bb0px\u00a0\u00bb body_quote_text_shadow_blur_strength=\u00a0\u00bbbody_quote_text_shadow_style,%91object Object%93&Prime; body_quote_text_shadow_blur_strength_tablet=\u00a0\u00bb1px\u00a0\u00bb box_shadow_horizontal_tablet=\u00a0\u00bb0px\u00a0\u00bb box_shadow_vertical_tablet=\u00a0\u00bb0px\u00a0\u00bb box_shadow_blur_tablet=\u00a0\u00bb40px\u00a0\u00bb box_shadow_spread_tablet=\u00a0\u00bb0px\u00a0\u00bb disabled=\u00a0\u00bbon\u00a0\u00bb disabled_on=\u00a0\u00bbon|on|on\u00a0\u00bb vertical_offset_tablet=\u00a0\u00bb0&Prime; horizontal_offset_tablet=\u00a0\u00bb0&Prime; z_index_tablet=\u00a0\u00bb0&Prime;]<\/p>\n<p>Le certificat <strong>Paddlesport Start Award de la British Canoe Union<\/strong> (BCU) est d\u00e9livr\u00e9 \u00e0 la r\u00e9alisation de ce cours.<\/p>\n<a href='https:\/\/www.kayakingcostabrava.com\/fr\/activites\/cours\/cours-bcu-british-canoe-union\/' class='small-button smallblue'>Plus d&rsquo;infos<\/a>\n<p>[\/et_pb_blurb][\/et_pb_column][et_pb_column type=\u00a0\u00bb1_4&Prime; custom_padding__hover=\u00a0\u00bb|||\u00a0\u00bb custom_padding=\u00a0\u00bb|||\u00a0\u00bb][\/et_pb_column][\/et_pb_row][\/et_pb_section]<\/p>\n","protected":false},"excerpt":{"rendered":"<p>Si vous voulez apprendre \u00e0 naviguer par vos propres moyens et \u00e0 affronter les diff\u00e9rentes conditions de la mer, Kayaking Costa Brava vous enseignera les techniques n\u00e9cessaires. Ces cours peuvent \u00eatre r\u00e9alis\u00e9s en groupes ou individuellement, mais l&rsquo;apprentissage est plus efficace en cours particuliers ou en groupes restreints. Le cours d&rsquo;initiation dure quatre heures pendant [&hellip;]<\/p>\n","protected":false},"author":3,"featured_media":0,"parent":4599,"menu_order":0,"comment_status":"closed","ping_status":"closed","template":"","meta":{"_et_pb_use_builder":"on","_et_pb_old_content":"","_et_gb_content_width":"","inline_featured_image":false,"footnotes":""},"class_list":["post-4730","page","type-page","status-publish","hentry"],"yoast_head":"<!-- This site is optimized with the Yoast SEO plugin v27.1.1 - https:\/\/yoast.com\/product\/yoast-seo-wordpress\/ -->\n<title>Cours - Kayaking Costa Brava<\/title>\n<meta name=\"robots\" content=\"index, follow, max-snippet:-1, max-image-preview:large, max-video-preview:-1\" \/>\n<link rel=\"canonical\" href=\"https:\/\/kayakingcostabrava.com\/fr\/activites\/cours\/\" \/>\n<meta property=\"og:locale\" content=\"fr_FR\" \/>\n<meta property=\"og:type\" content=\"article\" \/>\n<meta property=\"og:title\" content=\"Cours - Kayaking Costa Brava\" \/>\n<meta property=\"og:description\" content=\"Si vous voulez apprendre \u00e0 naviguer par vos propres moyens et \u00e0 affronter les diff\u00e9rentes conditions de la mer, Kayaking Costa Brava vous enseignera les techniques n\u00e9cessaires. Ces cours peuvent \u00eatre r\u00e9alis\u00e9s en groupes ou individuellement, mais l&#039;apprentissage est plus efficace en cours particuliers ou en groupes restreints. Le cours d&#039;initiation dure quatre heures pendant [&hellip;]\" \/>\n<meta property=\"og:url\" content=\"https:\/\/kayakingcostabrava.com\/fr\/activites\/cours\/\" \/>\n<meta property=\"og:site_name\" content=\"Kayaking Costa Brava\" \/>\n<meta property=\"article:publisher\" content=\"https:\/\/www.facebook.com\/kayakingcostabrava\/\" \/>\n<meta property=\"article:modified_time\" content=\"2023-06-27T08:19:45+00:00\" \/>\n<meta name=\"twitter:card\" content=\"summary_large_image\" \/>\n<meta name=\"twitter:label1\" content=\"Dur\u00e9e de lecture estim\u00e9e\" \/>\n\t<meta name=\"twitter:data1\" content=\"2 minutes\" \/>\n<script type=\"application\/ld+json\" class=\"yoast-schema-graph\">{\"@context\":\"https:\/\/schema.org\",\"@graph\":[{\"@type\":\"WebPage\",\"@id\":\"https:\/\/kayakingcostabrava.com\/fr\/activites\/cours\/\",\"url\":\"https:\/\/kayakingcostabrava.com\/fr\/activites\/cours\/\",\"name\":\"Cours - Kayaking Costa Brava\",\"isPartOf\":{\"@id\":\"https:\/\/kayakingcostabrava.com\/#website\"},\"datePublished\":\"2018-10-15T15:42:27+00:00\",\"dateModified\":\"2023-06-27T08:19:45+00:00\",\"breadcrumb\":{\"@id\":\"https:\/\/kayakingcostabrava.com\/fr\/activites\/cours\/#breadcrumb\"},\"inLanguage\":\"fr-FR\",\"potentialAction\":[{\"@type\":\"ReadAction\",\"target\":[\"https:\/\/kayakingcostabrava.com\/fr\/activites\/cours\/\"]}]},{\"@type\":\"BreadcrumbList\",\"@id\":\"https:\/\/kayakingcostabrava.com\/fr\/activites\/cours\/#breadcrumb\",\"itemListElement\":[{\"@type\":\"ListItem\",\"position\":1,\"name\":\"Inici\",\"item\":\"https:\/\/kayakingcostabrava.com\/fr\/\"},{\"@type\":\"ListItem\",\"position\":2,\"name\":\"Activit\u00e9s\",\"item\":\"https:\/\/kayakingcostabrava.com\/fr\/activites\/\"},{\"@type\":\"ListItem\",\"position\":3,\"name\":\"Cours\"}]},{\"@type\":\"WebSite\",\"@id\":\"https:\/\/kayakingcostabrava.com\/#website\",\"url\":\"https:\/\/kayakingcostabrava.com\/\",\"name\":\"Kayaking Costa Brava\",\"description\":\"Lloguer de caiacs, excursions, cursos, tenda online.\",\"potentialAction\":[{\"@type\":\"SearchAction\",\"target\":{\"@type\":\"EntryPoint\",\"urlTemplate\":\"https:\/\/kayakingcostabrava.com\/?s={search_term_string}\"},\"query-input\":{\"@type\":\"PropertyValueSpecification\",\"valueRequired\":true,\"valueName\":\"search_term_string\"}}],\"inLanguage\":\"fr-FR\"}]}<\/script>\n<!-- \/ Yoast SEO plugin. -->","yoast_head_json":{"title":"Cours - Kayaking Costa Brava","robots":{"index":"index","follow":"follow","max-snippet":"max-snippet:-1","max-image-preview":"max-image-preview:large","max-video-preview":"max-video-preview:-1"},"canonical":"https:\/\/kayakingcostabrava.com\/fr\/activites\/cours\/","og_locale":"fr_FR","og_type":"article","og_title":"Cours - Kayaking Costa Brava","og_description":"Si vous voulez apprendre \u00e0 naviguer par vos propres moyens et \u00e0 affronter les diff\u00e9rentes conditions de la mer, Kayaking Costa Brava vous enseignera les techniques n\u00e9cessaires. Ces cours peuvent \u00eatre r\u00e9alis\u00e9s en groupes ou individuellement, mais l'apprentissage est plus efficace en cours particuliers ou en groupes restreints. Le cours d'initiation dure quatre heures pendant [&hellip;]","og_url":"https:\/\/kayakingcostabrava.com\/fr\/activites\/cours\/","og_site_name":"Kayaking Costa Brava","article_publisher":"https:\/\/www.facebook.com\/kayakingcostabrava\/","article_modified_time":"2023-06-27T08:19:45+00:00","twitter_card":"summary_large_image","twitter_misc":{"Dur\u00e9e de lecture estim\u00e9e":"2 minutes"},"schema":{"@context":"https:\/\/schema.org","@graph":[{"@type":"WebPage","@id":"https:\/\/kayakingcostabrava.com\/fr\/activites\/cours\/","url":"https:\/\/kayakingcostabrava.com\/fr\/activites\/cours\/","name":"Cours - Kayaking Costa Brava","isPartOf":{"@id":"https:\/\/kayakingcostabrava.com\/#website"},"datePublished":"2018-10-15T15:42:27+00:00","dateModified":"2023-06-27T08:19:45+00:00","breadcrumb":{"@id":"https:\/\/kayakingcostabrava.com\/fr\/activites\/cours\/#breadcrumb"},"inLanguage":"fr-FR","potentialAction":[{"@type":"ReadAction","target":["https:\/\/kayakingcostabrava.com\/fr\/activites\/cours\/"]}]},{"@type":"BreadcrumbList","@id":"https:\/\/kayakingcostabrava.com\/fr\/activites\/cours\/#breadcrumb","itemListElement":[{"@type":"ListItem","position":1,"name":"Inici","item":"https:\/\/kayakingcostabrava.com\/fr\/"},{"@type":"ListItem","position":2,"name":"Activit\u00e9s","item":"https:\/\/kayakingcostabrava.com\/fr\/activites\/"},{"@type":"ListItem","position":3,"name":"Cours"}]},{"@type":"WebSite","@id":"https:\/\/kayakingcostabrava.com\/#website","url":"https:\/\/kayakingcostabrava.com\/","name":"Kayaking Costa Brava","description":"Lloguer de caiacs, excursions, cursos, tenda online.","potentialAction":[{"@type":"SearchAction","target":{"@type":"EntryPoint","urlTemplate":"https:\/\/kayakingcostabrava.com\/?s={search_term_string}"},"query-input":{"@type":"PropertyValueSpecification","valueRequired":true,"valueName":"search_term_string"}}],"inLanguage":"fr-FR"}]}},"_links":{"self":[{"href":"https:\/\/kayakingcostabrava.com\/fr\/wp-json\/wp\/v2\/pages\/4730","targetHints":{"allow":["GET"]}}],"collection":[{"href":"https:\/\/kayakingcostabrava.com\/fr\/wp-json\/wp\/v2\/pages"}],"about":[{"href":"https:\/\/kayakingcostabrava.com\/fr\/wp-json\/wp\/v2\/types\/page"}],"author":[{"embeddable":true,"href":"https:\/\/kayakingcostabrava.com\/fr\/wp-json\/wp\/v2\/users\/3"}],"replies":[{"embeddable":true,"href":"https:\/\/kayakingcostabrava.com\/fr\/wp-json\/wp\/v2\/comments?post=4730"}],"version-history":[{"count":2,"href":"https:\/\/kayakingcostabrava.com\/fr\/wp-json\/wp\/v2\/pages\/4730\/revisions"}],"predecessor-version":[{"id":10088,"href":"https:\/\/kayakingcostabrava.com\/fr\/wp-json\/wp\/v2\/pages\/4730\/revisions\/10088"}],"up":[{"embeddable":true,"href":"https:\/\/kayakingcostabrava.com\/fr\/wp-json\/wp\/v2\/pages\/4599"}],"wp:attachment":[{"href":"https:\/\/kayakingcostabrava.com\/fr\/wp-json\/wp\/v2\/media?parent=4730"}],"curies":[{"name":"wp","href":"https:\/\/api.w.org\/{rel}","templated":true}]}}