{"id":868,"date":"2016-03-30T09:27:08","date_gmt":"2016-03-30T09:27:08","guid":{"rendered":"https:\/\/www.kayakingcostabrava.com\/es\/qui-som\/"},"modified":"2019-08-09T15:12:01","modified_gmt":"2019-08-09T15:12:01","slug":"quienes-somos","status":"publish","type":"page","link":"https:\/\/kayakingcostabrava.com\/es\/quienes-somos\/","title":{"rendered":"Qui\u00e9nes somos"},"content":{"rendered":"<p>[et_pb_section bb_built=\u00bb1&#8243; fullwidth=\u00bbon\u00bb specialty=\u00bboff\u00bb transparent_background=\u00bboff\u00bb allow_player_pause=\u00bboff\u00bb inner_shadow=\u00bboff\u00bb parallax=\u00bboff\u00bb parallax_method=\u00bboff\u00bb padding_mobile=\u00bboff\u00bb make_fullwidth=\u00bboff\u00bb use_custom_width=\u00bboff\u00bb width_unit=\u00bbon\u00bb make_equal=\u00bboff\u00bb use_custom_gutter=\u00bboff\u00bb module_class=\u00bbheader_page\u00bb custom_padding_tablet=\u00bb50px|0|50px|0&#8243; custom_padding_last_edited=\u00bbon|desktop\u00bb prev_background_color=\u00bb#000000&#8243; next_background_color=\u00bb#f3d778&#8243;][et_pb_fullwidth_header title=\u00bb\u00bfQui\u00e9nes somos?\u00bb background_layout=\u00bblight\u00bb background_color=\u00bbrgba(255, 255, 255, 0)\u00bb _builder_version=\u00bb3.6&#8243; max_width_tablet=\u00bb50px\u00bb button_one_text_size__hover_enabled=\u00bboff\u00bb button_one_text_size__hover=\u00bbnull\u00bb button_two_text_size__hover_enabled=\u00bboff\u00bb button_two_text_size__hover=\u00bbnull\u00bb button_one_text_color__hover_enabled=\u00bboff\u00bb button_one_text_color__hover=\u00bbnull\u00bb button_two_text_color__hover_enabled=\u00bboff\u00bb button_two_text_color__hover=\u00bbnull\u00bb button_one_border_width__hover_enabled=\u00bboff\u00bb button_one_border_width__hover=\u00bbnull\u00bb button_two_border_width__hover_enabled=\u00bboff\u00bb button_two_border_width__hover=\u00bbnull\u00bb button_one_border_color__hover_enabled=\u00bboff\u00bb button_one_border_color__hover=\u00bbnull\u00bb button_two_border_color__hover_enabled=\u00bboff\u00bb button_two_border_color__hover=\u00bbnull\u00bb button_one_border_radius__hover_enabled=\u00bboff\u00bb button_one_border_radius__hover=\u00bbnull\u00bb button_two_border_radius__hover_enabled=\u00bboff\u00bb button_two_border_radius__hover=\u00bbnull\u00bb button_one_letter_spacing__hover_enabled=\u00bboff\u00bb button_one_letter_spacing__hover=\u00bbnull\u00bb button_two_letter_spacing__hover_enabled=\u00bboff\u00bb button_two_letter_spacing__hover=\u00bbnull\u00bb button_one_bg_color__hover_enabled=\u00bboff\u00bb button_one_bg_color__hover=\u00bbnull\u00bb button_two_bg_color__hover_enabled=\u00bboff\u00bb button_two_bg_color__hover=\u00bbnull\u00bb \/][\/et_pb_section][et_pb_section bb_built=\u00bb1&#8243; fullwidth=\u00bboff\u00bb specialty=\u00bboff\u00bb background_image=\u00bbhttps:\/\/www.kayakingcostabrava.com\/wp-content\/uploads\/2016\/03\/bg_qui_som.png\u00bb transparent_background=\u00bboff\u00bb background_color=\u00bb#f3d778&#8243; allow_player_pause=\u00bboff\u00bb inner_shadow=\u00bboff\u00bb parallax=\u00bboff\u00bb parallax_method=\u00bboff\u00bb padding_mobile=\u00bboff\u00bb make_fullwidth=\u00bboff\u00bb use_custom_width=\u00bboff\u00bb width_unit=\u00bbon\u00bb make_equal=\u00bboff\u00bb use_custom_gutter=\u00bboff\u00bb module_class=\u00bbintro_who\u00bb custom_padding_tablet=\u00bb50px|0|50px|0&#8243; custom_padding_last_edited=\u00bbon|desktop\u00bb prev_background_color=\u00bb#ffffff\u00bb next_background_color=\u00bb#fffcdb\u00bb][et_pb_row background_position=\u00bbtop_left\u00bb background_repeat=\u00bbrepeat\u00bb background_size=\u00bbinitial\u00bb][et_pb_column type=\u00bb1_2&#8243;][et_pb_divider color=\u00bb#ffffff\u00bb show_divider=\u00bboff\u00bb divider_style=\u00bbsolid\u00bb divider_position=\u00bbtop\u00bb hide_on_mobile=\u00bbon\u00bb disabled_on=\u00bbon|on|off\u00bb _builder_version=\u00bb3.11&#8243;]<\/p>\n<p>\n&nbsp;<\/p>\n<p>[\/et_pb_divider][\/et_pb_column][et_pb_column type=\u00bb1_2&#8243;][et_pb_text use_border_color=\u00bboff\u00bb background_position=\u00bbtop_left\u00bb background_repeat=\u00bbrepeat\u00bb background_size=\u00bbinitial\u00bb _builder_version=\u00bb3.11&#8243;]<\/p>\n<h2>Kayaking Costa Brava<\/h2>\n<p>Somos una empresa dedicada exclusivamente a la promoci\u00f3n del kayak de mar.<\/p>\n<p>Presentes en distintos puntos de la Costa Brava, ofrecemos excursiones guiadas en kayak de mar por los parajes m\u00e1s cautivadores y emblem\u00e1ticos del litoral ampurdan\u00e9s.<\/p>\n<p>[\/et_pb_text][\/et_pb_column][\/et_pb_row][\/et_pb_section][et_pb_section bb_built=\u00bb1&#8243; fullwidth=\u00bboff\u00bb specialty=\u00bboff\u00bb transparent_background=\u00bboff\u00bb background_color=\u00bb#fffcdb\u00bb allow_player_pause=\u00bboff\u00bb inner_shadow=\u00bboff\u00bb parallax=\u00bboff\u00bb parallax_method=\u00bboff\u00bb padding_mobile=\u00bboff\u00bb make_fullwidth=\u00bboff\u00bb use_custom_width=\u00bboff\u00bb width_unit=\u00bbon\u00bb make_equal=\u00bboff\u00bb use_custom_gutter=\u00bboff\u00bb module_class=\u00bbbox_who_2&#8243; custom_padding_tablet=\u00bb50px|0|50px|0&#8243; custom_padding_last_edited=\u00bbon|desktop\u00bb prev_background_color=\u00bb#f3d778&#8243; next_background_color=\u00bb#fbf0bd\u00bb][et_pb_row background_position=\u00bbtop_left\u00bb background_repeat=\u00bbrepeat\u00bb background_size=\u00bbinitial\u00bb][et_pb_column type=\u00bb1_2&#8243;][et_pb_blurb admin_label=\u00bbtexto tienda\u00bb icon_placement=\u00bbleft\u00bb animation=\u00bboff\u00bb use_icon_font_size=\u00bbon\u00bb use_border_color=\u00bboff\u00bb image=\u00bbhttps:\/\/www.kayakingcostabrava.com\/wp-content\/uploads\/2016\/03\/ico_shop.png\u00bb alt=\u00bbBotiga\u00bb icon_font_size=\u00bb120px\u00bb url=\u00bbhttps:\/\/www.kayakingcostabrava.com\/botiga\/\u00bb background_position=\u00bbtop_left\u00bb background_repeat=\u00bbrepeat\u00bb background_size=\u00bbinitial\u00bb _builder_version=\u00bb3.11&#8243; max_width_tablet=\u00bb50px\u00bb]<\/p>\n<p>\nSi lo que quieres es equiparte, en\u00a0<strong>nuestra tienda<\/strong>\u00a0encontrar\u00e1s todo el material especializado. Aparte de las\u00a0<b>excursiones\u00a0guiadas<\/b>, desde nuestras bases de las playas de Castell, Tamariu, Montg\u00f3 y Portlligat tambi\u00e9n podr\u00e1s <strong>alquilar<\/strong> todo lo necesario para hacer una\u00a0salida por tu cuenta.<\/p>\n<p>[\/et_pb_blurb][\/et_pb_column][et_pb_column type=\u00bb1_2&#8243;][et_pb_blurb admin_label=\u00bbtexto actividades\u00bb icon_placement=\u00bbleft\u00bb animation=\u00bboff\u00bb use_icon_font_size=\u00bbon\u00bb use_border_color=\u00bboff\u00bb image=\u00bbhttps:\/\/www.kayakingcostabrava.com\/wp-content\/uploads\/2016\/03\/ico_curso-1.png\u00bb alt=\u00bbCursos\u00bb icon_font_size=\u00bb120px\u00bb url=\u00bbhttps:\/\/www.kayakingcostabrava.com\/activitats\/\u00bb background_position=\u00bbtop_left\u00bb background_repeat=\u00bbrepeat\u00bb background_size=\u00bbinitial\u00bb _builder_version=\u00bb3.11&#8243; max_width_tablet=\u00bb50px\u00bb]<\/p>\n<p>\nDel mismo modo, ofrecemos un amplo abanico de\u00a0<b>actividades\u00a0a medida<\/b>\u00a0y la posibilidad de aprender todo lo necesario sobre este deporte con nuestros\u00a0<strong>cursos<\/strong> de iniciaci\u00f3n, perfeccionamiento, esquimotaje, British Canoe Union (BCU)&#8230;<\/p>\n<p>[\/et_pb_blurb][\/et_pb_column][\/et_pb_row][et_pb_row background_position=\u00bbtop_left\u00bb background_repeat=\u00bbrepeat\u00bb background_size=\u00bbinitial\u00bb][et_pb_column type=\u00bb4_4&#8243;][et_pb_text admin_label=\u00bbTexto historia\u00bb use_border_color=\u00bboff\u00bb border_color=\u00bb#ffffff\u00bb border_style=\u00bbsolid\u00bb background_position=\u00bbtop_left\u00bb background_repeat=\u00bbrepeat\u00bb background_size=\u00bbinitial\u00bb _builder_version=\u00bb3.20.1&#8243;]<\/p>\n<h2>Historia<\/h2>\n<p>Kayaking Costa Brava se fund\u00f3 en el a\u00f1o 1993 cuando el kayak era a\u00fan un deporte totalmente desconocido en nuestras costas, convirti\u00e9ndose as\u00ed en una empresa pionera dentro del \u00e1mbito del kayak de mar. Somos una empresa creada por apasionados al pirag\u00fcismo y a la naturaleza. Desde el inicio hemos perseguido el objetivo de hacer del kayak una opci\u00f3n para descubrir\u00a0el mar de una forma distinta a la habitual y dar a conocer el patrimonio natural de la Costa Brava. La calidad de nuestros servicios y la seguridad de los pirag\u00fcistas siempre ha sido una de nuestras mayores preocupaciones.<\/p>\n<p>Justo al empezar,\u00a0pudimos seleccionar aquellas zonas que por su inter\u00e9s paisaj\u00edstico y natural, constituyen un marco id\u00edlico para la navegaci\u00f3n en kayak. Comenzamos instalando las primeras estaciones de trabajo en el litoral del macizo del Montgr\u00ed y de Tamariu (1993), posteriormente en la playa Castell (1997) y finalmente en Portlligat (2000).<\/p>\n<p>En el a\u00f1o 1997, inauguramos la tienda en la Escala desde donde ofrecemos la venda de material especializado con el asesoramiento m\u00e1s experto.<\/p>\n<p>Conscientes del valor de los espacios naturales que nos rodean dentro del equipo de Kayaking Costa Brava estamos especialmente sensibilizados en conservarlos. Por esa raz\u00f3n, nuestras actividades se llevan a cabo de una forma respetuosa con el medio ambiente y\u00a0 el entorno social. Con ese objetivo, el a\u00f1o 2013 implantamos un Sistema Integral de Gesti\u00f3n basado en el cumplimiento de las Normas ISO 9001:2015 y ISO 14001:2015 en las bases donde desarrollamos nuestra actividad: Portlligat, Montg\u00f3, Tamariu y Castell. En 2015, continuando con nuestro objetivo, conseguimos el distintivo de Compromiso de Calidad Tur\u00edstica <a href=\"http:\/\/www.calidadendestino.es\/Contenidos\/InformacionGeneral.aspx\" target=\"_blank\" rel=\"noopener noreferrer\">SICTED<\/a>.<\/p>\n<p>Otra forma de ayudar a conservar estos espacios naturales es conoci\u00e9ndolos bien de cerca. En Kayaking Costa Brava, a parte de ser expertos conocedores del territorio, nuestros gu\u00edas-instructores son tambi\u00e9n gu\u00edas acreditados del\u00a0<strong>Parque Natural de Cap de Creus<\/strong>\u00a0(PNCP) y del\u00a0<strong>Parque Natural del Mass\u00eds del Montgr\u00ed, Illes Medes y Baix Ter\u00a0<\/strong>(PNMMBT).<\/p>\n<p>Por encima de todo,\u00a0ofrecemos un servicio de calidad llevado a cabo por un personal calificado y titulado. Tambi\u00e9n disponemos de material especializado para adaptarnos a los distintos tipos de servicios y de publico. Y todo ello, para conseguir que un paseo en kayak se convierta en un privilegio al alcance de todo el mundo.<\/p>\n<p>[\/et_pb_text][\/et_pb_column][\/et_pb_row][\/et_pb_section][et_pb_section bb_built=\u00bb1&#8243; fullwidth=\u00bboff\u00bb specialty=\u00bboff\u00bb transparent_background=\u00bboff\u00bb background_color=\u00bb#fbf0bd\u00bb allow_player_pause=\u00bboff\u00bb inner_shadow=\u00bboff\u00bb parallax=\u00bboff\u00bb parallax_method=\u00bboff\u00bb padding_mobile=\u00bboff\u00bb make_fullwidth=\u00bboff\u00bb use_custom_width=\u00bboff\u00bb width_unit=\u00bbon\u00bb make_equal=\u00bboff\u00bb use_custom_gutter=\u00bboff\u00bb module_class=\u00bbbox_who_3&#8243; custom_padding_tablet=\u00bb50px|0|50px|0&#8243; custom_padding_last_edited=\u00bbon|desktop\u00bb prev_background_color=\u00bb#fffcdb\u00bb][et_pb_row background_position=\u00bbtop_left\u00bb background_repeat=\u00bbrepeat\u00bb background_size=\u00bbinitial\u00bb][et_pb_column type=\u00bb4_4&#8243;][et_pb_text admin_label=\u00bbT\u00edtulo galer\u00eda\u00bb use_border_color=\u00bboff\u00bb background_position=\u00bbtop_left\u00bb background_repeat=\u00bbrepeat\u00bb background_size=\u00bbinitial\u00bb _builder_version=\u00bb3.11&#8243;]<\/p>\n<h3>Galer\u00eda de im\u00e1genes<\/h3>\n<p>[\/et_pb_text][et_pb_gallery gallery_ids=\u00bb2223,2232,2219,2362&#8243; show_title_and_caption=\u00bboff\u00bb show_pagination=\u00bboff\u00bb hover_overlay_color=\u00bbrgba(255,255,255,0.9)\u00bb use_border_color=\u00bboff\u00bb _builder_version=\u00bb3.11&#8243; zoom_icon_color=\u00bb#0095a7&#8243;]<\/p>\n<p>\n&nbsp;<\/p>\n<p>[\/et_pb_gallery][\/et_pb_column][\/et_pb_row][\/et_pb_section]<\/p>\n","protected":false},"excerpt":{"rendered":"<p>&nbsp; Kayaking Costa Brava Somos una empresa dedicada exclusivamente a la promoci\u00f3n del kayak de mar. Presentes en distintos puntos de la Costa Brava, ofrecemos excursiones guiadas en kayak de mar por los parajes m\u00e1s cautivadores y emblem\u00e1ticos del litoral ampurdan\u00e9s. Si lo que quieres es equiparte, en\u00a0nuestra tienda\u00a0encontrar\u00e1s todo el material especializado. Aparte de [&hellip;]<\/p>\n","protected":false},"author":3,"featured_media":0,"parent":0,"menu_order":0,"comment_status":"closed","ping_status":"closed","template":"","meta":{"_et_pb_use_builder":"on","_et_pb_old_content":"","_et_gb_content_width":"","inline_featured_image":false,"footnotes":""},"class_list":["post-868","page","type-page","status-publish","hentry"],"yoast_head":"<!-- This site is optimized with the Yoast SEO plugin v27.1.1 - https:\/\/yoast.com\/product\/yoast-seo-wordpress\/ -->\n<title>Qui\u00e9nes somos - Kayaking Costa Brava<\/title>\n<meta name=\"robots\" content=\"index, follow, max-snippet:-1, max-image-preview:large, max-video-preview:-1\" \/>\n<link rel=\"canonical\" href=\"https:\/\/kayakingcostabrava.com\/es\/quienes-somos\/\" \/>\n<meta property=\"og:locale\" content=\"es_ES\" \/>\n<meta property=\"og:type\" content=\"article\" \/>\n<meta property=\"og:title\" content=\"Qui\u00e9nes somos - Kayaking Costa Brava\" \/>\n<meta property=\"og:description\" content=\"&nbsp; Kayaking Costa Brava Somos una empresa dedicada exclusivamente a la promoci\u00f3n del kayak de mar. Presentes en distintos puntos de la Costa Brava, ofrecemos excursiones guiadas en kayak de mar por los parajes m\u00e1s cautivadores y emblem\u00e1ticos del litoral ampurdan\u00e9s. Si lo que quieres es equiparte, en\u00a0nuestra tienda\u00a0encontrar\u00e1s todo el material especializado. Aparte de [&hellip;]\" \/>\n<meta property=\"og:url\" content=\"https:\/\/kayakingcostabrava.com\/es\/quienes-somos\/\" \/>\n<meta property=\"og:site_name\" content=\"Kayaking Costa Brava\" \/>\n<meta property=\"article:publisher\" content=\"https:\/\/www.facebook.com\/kayakingcostabrava\/\" \/>\n<meta property=\"article:modified_time\" content=\"2019-08-09T15:12:01+00:00\" \/>\n<meta name=\"twitter:card\" content=\"summary_large_image\" \/>\n<meta name=\"twitter:label1\" content=\"Tiempo de lectura\" \/>\n\t<meta name=\"twitter:data1\" content=\"7 minutos\" \/>\n<script type=\"application\/ld+json\" class=\"yoast-schema-graph\">{\"@context\":\"https:\/\/schema.org\",\"@graph\":[{\"@type\":\"WebPage\",\"@id\":\"https:\/\/kayakingcostabrava.com\/es\/quienes-somos\/\",\"url\":\"https:\/\/kayakingcostabrava.com\/es\/quienes-somos\/\",\"name\":\"Qui\u00e9nes somos - Kayaking Costa Brava\",\"isPartOf\":{\"@id\":\"https:\/\/kayakingcostabrava.com\/#website\"},\"datePublished\":\"2016-03-30T09:27:08+00:00\",\"dateModified\":\"2019-08-09T15:12:01+00:00\",\"breadcrumb\":{\"@id\":\"https:\/\/kayakingcostabrava.com\/es\/quienes-somos\/#breadcrumb\"},\"inLanguage\":\"es\",\"potentialAction\":[{\"@type\":\"ReadAction\",\"target\":[\"https:\/\/kayakingcostabrava.com\/es\/quienes-somos\/\"]}]},{\"@type\":\"BreadcrumbList\",\"@id\":\"https:\/\/kayakingcostabrava.com\/es\/quienes-somos\/#breadcrumb\",\"itemListElement\":[{\"@type\":\"ListItem\",\"position\":1,\"name\":\"Inici\",\"item\":\"https:\/\/kayakingcostabrava.com\/es\/\"},{\"@type\":\"ListItem\",\"position\":2,\"name\":\"Qui\u00e9nes somos\"}]},{\"@type\":\"WebSite\",\"@id\":\"https:\/\/kayakingcostabrava.com\/#website\",\"url\":\"https:\/\/kayakingcostabrava.com\/\",\"name\":\"Kayaking Costa Brava\",\"description\":\"Lloguer de caiacs, excursions, cursos, tenda online.\",\"potentialAction\":[{\"@type\":\"SearchAction\",\"target\":{\"@type\":\"EntryPoint\",\"urlTemplate\":\"https:\/\/kayakingcostabrava.com\/?s={search_term_string}\"},\"query-input\":{\"@type\":\"PropertyValueSpecification\",\"valueRequired\":true,\"valueName\":\"search_term_string\"}}],\"inLanguage\":\"es\"}]}<\/script>\n<!-- \/ Yoast SEO plugin. -->","yoast_head_json":{"title":"Qui\u00e9nes somos - Kayaking Costa Brava","robots":{"index":"index","follow":"follow","max-snippet":"max-snippet:-1","max-image-preview":"max-image-preview:large","max-video-preview":"max-video-preview:-1"},"canonical":"https:\/\/kayakingcostabrava.com\/es\/quienes-somos\/","og_locale":"es_ES","og_type":"article","og_title":"Qui\u00e9nes somos - Kayaking Costa Brava","og_description":"&nbsp; Kayaking Costa Brava Somos una empresa dedicada exclusivamente a la promoci\u00f3n del kayak de mar. Presentes en distintos puntos de la Costa Brava, ofrecemos excursiones guiadas en kayak de mar por los parajes m\u00e1s cautivadores y emblem\u00e1ticos del litoral ampurdan\u00e9s. Si lo que quieres es equiparte, en\u00a0nuestra tienda\u00a0encontrar\u00e1s todo el material especializado. Aparte de [&hellip;]","og_url":"https:\/\/kayakingcostabrava.com\/es\/quienes-somos\/","og_site_name":"Kayaking Costa Brava","article_publisher":"https:\/\/www.facebook.com\/kayakingcostabrava\/","article_modified_time":"2019-08-09T15:12:01+00:00","twitter_card":"summary_large_image","twitter_misc":{"Tiempo de lectura":"7 minutos"},"schema":{"@context":"https:\/\/schema.org","@graph":[{"@type":"WebPage","@id":"https:\/\/kayakingcostabrava.com\/es\/quienes-somos\/","url":"https:\/\/kayakingcostabrava.com\/es\/quienes-somos\/","name":"Qui\u00e9nes somos - Kayaking Costa Brava","isPartOf":{"@id":"https:\/\/kayakingcostabrava.com\/#website"},"datePublished":"2016-03-30T09:27:08+00:00","dateModified":"2019-08-09T15:12:01+00:00","breadcrumb":{"@id":"https:\/\/kayakingcostabrava.com\/es\/quienes-somos\/#breadcrumb"},"inLanguage":"es","potentialAction":[{"@type":"ReadAction","target":["https:\/\/kayakingcostabrava.com\/es\/quienes-somos\/"]}]},{"@type":"BreadcrumbList","@id":"https:\/\/kayakingcostabrava.com\/es\/quienes-somos\/#breadcrumb","itemListElement":[{"@type":"ListItem","position":1,"name":"Inici","item":"https:\/\/kayakingcostabrava.com\/es\/"},{"@type":"ListItem","position":2,"name":"Qui\u00e9nes somos"}]},{"@type":"WebSite","@id":"https:\/\/kayakingcostabrava.com\/#website","url":"https:\/\/kayakingcostabrava.com\/","name":"Kayaking Costa Brava","description":"Lloguer de caiacs, excursions, cursos, tenda online.","potentialAction":[{"@type":"SearchAction","target":{"@type":"EntryPoint","urlTemplate":"https:\/\/kayakingcostabrava.com\/?s={search_term_string}"},"query-input":{"@type":"PropertyValueSpecification","valueRequired":true,"valueName":"search_term_string"}}],"inLanguage":"es"}]}},"_links":{"self":[{"href":"https:\/\/kayakingcostabrava.com\/es\/wp-json\/wp\/v2\/pages\/868","targetHints":{"allow":["GET"]}}],"collection":[{"href":"https:\/\/kayakingcostabrava.com\/es\/wp-json\/wp\/v2\/pages"}],"about":[{"href":"https:\/\/kayakingcostabrava.com\/es\/wp-json\/wp\/v2\/types\/page"}],"author":[{"embeddable":true,"href":"https:\/\/kayakingcostabrava.com\/es\/wp-json\/wp\/v2\/users\/3"}],"replies":[{"embeddable":true,"href":"https:\/\/kayakingcostabrava.com\/es\/wp-json\/wp\/v2\/comments?post=868"}],"version-history":[{"count":2,"href":"https:\/\/kayakingcostabrava.com\/es\/wp-json\/wp\/v2\/pages\/868\/revisions"}],"predecessor-version":[{"id":6256,"href":"https:\/\/kayakingcostabrava.com\/es\/wp-json\/wp\/v2\/pages\/868\/revisions\/6256"}],"wp:attachment":[{"href":"https:\/\/kayakingcostabrava.com\/es\/wp-json\/wp\/v2\/media?parent=868"}],"curies":[{"name":"wp","href":"https:\/\/api.w.org\/{rel}","templated":true}]}}