{"id":5309,"date":"2019-02-01T10:17:35","date_gmt":"2019-02-01T10:17:35","guid":{"rendered":"https:\/\/www.kayakingcostabrava.com\/?page_id=5309"},"modified":"2019-02-01T10:19:59","modified_gmt":"2019-02-01T10:19:59","slug":"cheques-regalos","status":"publish","type":"page","link":"https:\/\/kayakingcostabrava.com\/es\/cheques-regalos\/","title":{"rendered":"Cheques regalos"},"content":{"rendered":"<p>[et_pb_section bb_built=\u00bb1&#8243; fullwidth=\u00bbon\u00bb specialty=\u00bboff\u00bb transparent_background=\u00bboff\u00bb allow_player_pause=\u00bboff\u00bb inner_shadow=\u00bboff\u00bb parallax=\u00bboff\u00bb parallax_method=\u00bboff\u00bb padding_mobile=\u00bboff\u00bb make_fullwidth=\u00bboff\u00bb use_custom_width=\u00bboff\u00bb width_unit=\u00bbon\u00bb make_equal=\u00bboff\u00bb use_custom_gutter=\u00bboff\u00bb module_class=\u00bbheader_page\u00bb module_id=\u00bbcondicions\u00bb custom_padding_tablet=\u00bb50px|0|50px|0&#8243; custom_padding_last_edited=\u00bbon|desktop\u00bb next_background_color=\u00bb#fffcdb\u00bb prev_background_color=\u00bb#000000&#8243;][et_pb_fullwidth_header admin_label=\u00bbT\u00edtulo cabecera\u00bb title=\u00bbCheques regalos\u00bb background_layout=\u00bblight\u00bb background_color=\u00bbrgba(255, 255, 255, 0)\u00bb _builder_version=\u00bb3.6&#8243; \/][\/et_pb_section][et_pb_section bb_built=\u00bb1&#8243; fullwidth=\u00bboff\u00bb specialty=\u00bboff\u00bb transparent_background=\u00bboff\u00bb background_color=\u00bb#fffcdb\u00bb allow_player_pause=\u00bboff\u00bb inner_shadow=\u00bboff\u00bb parallax=\u00bboff\u00bb parallax_method=\u00bboff\u00bb padding_mobile=\u00bboff\u00bb make_fullwidth=\u00bboff\u00bb use_custom_width=\u00bboff\u00bb width_unit=\u00bbon\u00bb make_equal=\u00bboff\u00bb use_custom_gutter=\u00bboff\u00bb module_class=\u00bbbox_ficha\u00bb custom_padding_tablet=\u00bb50px|0|50px|0&#8243; custom_padding_last_edited=\u00bbon|desktop\u00bb prev_background_color=\u00bb#ffffff\u00bb][et_pb_row background_position=\u00bbtop_left\u00bb background_repeat=\u00bbrepeat\u00bb background_size=\u00bbinitial\u00bb][et_pb_column type=\u00bb3_4&#8243;][et_pb_text admin_label=\u00bbT\u00edtulo\u00bb _builder_version=\u00bb3.6&#8243;]<\/p>\n<h3>Regala una experiencia<\/h3>\n<p>[\/et_pb_text][et_pb_image _builder_version=\u00bb3.6&#8243; src=\u00bbhttps:\/\/www.kayakingcostabrava.com\/wp-content\/uploads\/2016\/04\/KCB170520_099.jpg\u00bb \/][et_pb_text use_border_color=\u00bboff\u00bb background_position=\u00bbtop_left\u00bb background_repeat=\u00bbrepeat\u00bb background_size=\u00bbinitial\u00bb _builder_version=\u00bb3.6&#8243;]<\/p>\n<p>Te confeccionamos una tarjeta especial para que entregues a quien t\u00fa quieras. Despu\u00e9s, s\u00f3lo los habr\u00e1 que reservar la actividad el d\u00eda que vaya mejor para venir a disfrutar de una experiencia inolvidable en kayak de mar por la Costa Brava.<\/p>\n<p>[\/et_pb_text][et_pb_text admin_label=\u00bbreserva tel\u00e9fono\u00bb use_border_color=\u00bboff\u00bb module_class=\u00bbbox_sidebar_tfno\u00bb background_position=\u00bbtop_left\u00bb background_repeat=\u00bbrepeat\u00bb background_size=\u00bbinitial\u00bb _builder_version=\u00bb3.6&#8243;]<\/p>\n<p>Si quieres regalar una excursi\u00f3n en kayak ll\u00e1manos al:<\/p>\n<p><a href=\"tel:+34972773806\">+34 972 773 806<\/a><\/p>\n<p style=\"text-align: center;\"><a href='https:\/\/www.kayakingcostabrava.com\/contacte\/' class='small-button smallblue'>o escr\u00edbenos<\/a><\/p>\n<p>[\/et_pb_text][\/et_pb_column][et_pb_column type=\u00bb1_4&#8243;][et_pb_text admin_label=\u00bbCalendari\u00bb use_border_color=\u00bboff\u00bb module_class=\u00bbsidebar_calendar\u00bb background_position=\u00bbtop_left\u00bb background_repeat=\u00bbrepeat\u00bb background_size=\u00bbinitial\u00bb _builder_version=\u00bb3.6&#8243; saved_tabs=\u00bball\u00bb global_module=\u00bb5108&#8243;]<\/p>\n<p><a title=\"Consulta el calendari de reserves\" href=\"https:\/\/www.kayakingcostabrava.com\/es\/calendario\/\">Consulta el calendario de reservas<\/a><\/p>\n<p>[\/et_pb_text][et_pb_text admin_label=\u00bbCondiciones, enlaces de inter\u00e9s\u00bb use_border_color=\u00bboff\u00bb module_class=\u00bbsidebar_links\u00bb background_position=\u00bbtop_left\u00bb background_repeat=\u00bbrepeat\u00bb background_size=\u00bbinitial\u00bb _builder_version=\u00bb3.6&#8243; saved_tabs=\u00bball\u00bb global_module=\u00bb5110&#8243;]<\/p>\n<ul>\n<li><a title=\"Condicions generals activitats\" href=\"\/kayaks?page_id=332\">Condiciones generales excursiones<\/a><\/li>\n<li><a title=\"Preguntes freq\u00fcents\" href=\"\/kayaks?page_id=129\">Preguntas frecuentes<\/a><\/li>\n<li><a title=\"Enlla\u00e7os d\u2019inter\u00e9s\" href=\"\/kayaks?page_id=131\">Enlazos de inter\u00e9s<\/a><\/li>\n<\/ul>\n<p>[\/et_pb_text][et_pb_text admin_label=\u00bbOpinion Trip advisor\u00bb background_layout=\u00bblight\u00bb text_orientation=\u00bbleft\u00bb use_border_color=\u00bboff\u00bb border_color=\u00bb#ffffff\u00bb border_style=\u00bbsolid\u00bb background_position=\u00bbtop_left\u00bb background_repeat=\u00bbrepeat\u00bb background_size=\u00bbinitial\u00bb]<\/p>\n<div id=\"TA_cdswritereviewlg711\" class=\"TA_cdswritereviewlg\">\n<ul id=\"8tOfs48w\" class=\"TA_links Y9bpX0T\">\n<li id=\"1HfJIEq\" class=\"Z7DfA6hDPt\"><a href=\"https:\/\/www.tripadvisor.es\/\" target=\"_blank\" rel=\"noopener\"><img decoding=\"async\" src=\"https:\/\/www.tripadvisor.es\/img\/cdsi\/img2\/branding\/medium-logo-12097-2.png\" alt=\"TripAdvisor\" \/><\/a><\/li>\n<\/ul>\n<\/div>\n<p><script src=\"https:\/\/www.jscache.com\/wejs?wtype=cdswritereviewlg&amp;uniq=711&amp;locationId=3467707&amp;lang=es&amp;lang=es&amp;display_version=2\"><\/script><\/p>\n<p style=\"text-align: center;\">\n<p>[\/et_pb_text][\/et_pb_column][\/et_pb_row][\/et_pb_section]<\/p>\n","protected":false},"excerpt":{"rendered":"<p>Regala una experiencia Te confeccionamos una tarjeta especial para que entregues a quien t\u00fa quieras. Despu\u00e9s, s\u00f3lo los habr\u00e1 que reservar la actividad el d\u00eda que vaya mejor para venir a disfrutar de una experiencia inolvidable en kayak de mar por la Costa Brava. Si quieres regalar una excursi\u00f3n en kayak ll\u00e1manos al: +34 972 [&hellip;]<\/p>\n","protected":false},"author":3,"featured_media":0,"parent":0,"menu_order":0,"comment_status":"closed","ping_status":"closed","template":"","meta":{"_et_pb_use_builder":"on","_et_pb_old_content":"","_et_gb_content_width":"","inline_featured_image":false,"footnotes":""},"class_list":["post-5309","page","type-page","status-publish","hentry"],"yoast_head":"<!-- This site is optimized with the Yoast SEO plugin v27.5 - https:\/\/yoast.com\/product\/yoast-seo-wordpress\/ -->\n<title>Cheques regalos - Kayaking Costa Brava<\/title>\n<meta name=\"robots\" content=\"index, follow, max-snippet:-1, max-image-preview:large, max-video-preview:-1\" \/>\n<link rel=\"canonical\" href=\"https:\/\/kayakingcostabrava.com\/es\/cheques-regalos\/\" \/>\n<meta property=\"og:locale\" content=\"es_ES\" \/>\n<meta property=\"og:type\" content=\"article\" \/>\n<meta property=\"og:title\" content=\"Cheques regalos - Kayaking Costa Brava\" \/>\n<meta property=\"og:description\" content=\"Regala una experiencia Te confeccionamos una tarjeta especial para que entregues a quien t\u00fa quieras. Despu\u00e9s, s\u00f3lo los habr\u00e1 que reservar la actividad el d\u00eda que vaya mejor para venir a disfrutar de una experiencia inolvidable en kayak de mar por la Costa Brava. Si quieres regalar una excursi\u00f3n en kayak ll\u00e1manos al: +34 972 [&hellip;]\" \/>\n<meta property=\"og:url\" content=\"https:\/\/kayakingcostabrava.com\/es\/cheques-regalos\/\" \/>\n<meta property=\"og:site_name\" content=\"Kayaking Costa Brava\" \/>\n<meta property=\"article:publisher\" content=\"https:\/\/www.facebook.com\/kayakingcostabrava\/\" \/>\n<meta property=\"article:modified_time\" content=\"2019-02-01T10:19:59+00:00\" \/>\n<meta property=\"og:image\" content=\"https:\/\/www.tripadvisor.es\/img\/cdsi\/img2\/branding\/medium-logo-12097-2.png\" \/>\n<meta name=\"twitter:card\" content=\"summary_large_image\" \/>\n<meta name=\"twitter:label1\" content=\"Tiempo de lectura\" \/>\n\t<meta name=\"twitter:data1\" content=\"2 minutos\" \/>\n<script type=\"application\/ld+json\" class=\"yoast-schema-graph\">{\"@context\":\"https:\\\/\\\/schema.org\",\"@graph\":[{\"@type\":\"WebPage\",\"@id\":\"https:\\\/\\\/kayakingcostabrava.com\\\/es\\\/cheques-regalos\\\/\",\"url\":\"https:\\\/\\\/kayakingcostabrava.com\\\/es\\\/cheques-regalos\\\/\",\"name\":\"Cheques regalos - Kayaking Costa Brava\",\"isPartOf\":{\"@id\":\"https:\\\/\\\/kayakingcostabrava.com\\\/#website\"},\"primaryImageOfPage\":{\"@id\":\"https:\\\/\\\/kayakingcostabrava.com\\\/es\\\/cheques-regalos\\\/#primaryimage\"},\"image\":{\"@id\":\"https:\\\/\\\/kayakingcostabrava.com\\\/es\\\/cheques-regalos\\\/#primaryimage\"},\"thumbnailUrl\":\"https:\\\/\\\/www.tripadvisor.es\\\/img\\\/cdsi\\\/img2\\\/branding\\\/medium-logo-12097-2.png\",\"datePublished\":\"2019-02-01T10:17:35+00:00\",\"dateModified\":\"2019-02-01T10:19:59+00:00\",\"breadcrumb\":{\"@id\":\"https:\\\/\\\/kayakingcostabrava.com\\\/es\\\/cheques-regalos\\\/#breadcrumb\"},\"inLanguage\":\"es\",\"potentialAction\":[{\"@type\":\"ReadAction\",\"target\":[\"https:\\\/\\\/kayakingcostabrava.com\\\/es\\\/cheques-regalos\\\/\"]}]},{\"@type\":\"ImageObject\",\"inLanguage\":\"es\",\"@id\":\"https:\\\/\\\/kayakingcostabrava.com\\\/es\\\/cheques-regalos\\\/#primaryimage\",\"url\":\"https:\\\/\\\/www.tripadvisor.es\\\/img\\\/cdsi\\\/img2\\\/branding\\\/medium-logo-12097-2.png\",\"contentUrl\":\"https:\\\/\\\/www.tripadvisor.es\\\/img\\\/cdsi\\\/img2\\\/branding\\\/medium-logo-12097-2.png\"},{\"@type\":\"BreadcrumbList\",\"@id\":\"https:\\\/\\\/kayakingcostabrava.com\\\/es\\\/cheques-regalos\\\/#breadcrumb\",\"itemListElement\":[{\"@type\":\"ListItem\",\"position\":1,\"name\":\"Inici\",\"item\":\"https:\\\/\\\/kayakingcostabrava.com\\\/es\\\/\"},{\"@type\":\"ListItem\",\"position\":2,\"name\":\"Cheques regalos\"}]},{\"@type\":\"WebSite\",\"@id\":\"https:\\\/\\\/kayakingcostabrava.com\\\/#website\",\"url\":\"https:\\\/\\\/kayakingcostabrava.com\\\/\",\"name\":\"Kayaking Costa Brava\",\"description\":\"Lloguer de caiacs, excursions, cursos, tenda online.\",\"potentialAction\":[{\"@type\":\"SearchAction\",\"target\":{\"@type\":\"EntryPoint\",\"urlTemplate\":\"https:\\\/\\\/kayakingcostabrava.com\\\/?s={search_term_string}\"},\"query-input\":{\"@type\":\"PropertyValueSpecification\",\"valueRequired\":true,\"valueName\":\"search_term_string\"}}],\"inLanguage\":\"es\"}]}<\/script>\n<!-- \/ Yoast SEO plugin. -->","yoast_head_json":{"title":"Cheques regalos - Kayaking Costa Brava","robots":{"index":"index","follow":"follow","max-snippet":"max-snippet:-1","max-image-preview":"max-image-preview:large","max-video-preview":"max-video-preview:-1"},"canonical":"https:\/\/kayakingcostabrava.com\/es\/cheques-regalos\/","og_locale":"es_ES","og_type":"article","og_title":"Cheques regalos - Kayaking Costa Brava","og_description":"Regala una experiencia Te confeccionamos una tarjeta especial para que entregues a quien t\u00fa quieras. Despu\u00e9s, s\u00f3lo los habr\u00e1 que reservar la actividad el d\u00eda que vaya mejor para venir a disfrutar de una experiencia inolvidable en kayak de mar por la Costa Brava. Si quieres regalar una excursi\u00f3n en kayak ll\u00e1manos al: +34 972 [&hellip;]","og_url":"https:\/\/kayakingcostabrava.com\/es\/cheques-regalos\/","og_site_name":"Kayaking Costa Brava","article_publisher":"https:\/\/www.facebook.com\/kayakingcostabrava\/","article_modified_time":"2019-02-01T10:19:59+00:00","og_image":[{"url":"https:\/\/www.tripadvisor.es\/img\/cdsi\/img2\/branding\/medium-logo-12097-2.png","type":"","width":"","height":""}],"twitter_card":"summary_large_image","twitter_misc":{"Tiempo de lectura":"2 minutos"},"schema":{"@context":"https:\/\/schema.org","@graph":[{"@type":"WebPage","@id":"https:\/\/kayakingcostabrava.com\/es\/cheques-regalos\/","url":"https:\/\/kayakingcostabrava.com\/es\/cheques-regalos\/","name":"Cheques regalos - Kayaking Costa Brava","isPartOf":{"@id":"https:\/\/kayakingcostabrava.com\/#website"},"primaryImageOfPage":{"@id":"https:\/\/kayakingcostabrava.com\/es\/cheques-regalos\/#primaryimage"},"image":{"@id":"https:\/\/kayakingcostabrava.com\/es\/cheques-regalos\/#primaryimage"},"thumbnailUrl":"https:\/\/www.tripadvisor.es\/img\/cdsi\/img2\/branding\/medium-logo-12097-2.png","datePublished":"2019-02-01T10:17:35+00:00","dateModified":"2019-02-01T10:19:59+00:00","breadcrumb":{"@id":"https:\/\/kayakingcostabrava.com\/es\/cheques-regalos\/#breadcrumb"},"inLanguage":"es","potentialAction":[{"@type":"ReadAction","target":["https:\/\/kayakingcostabrava.com\/es\/cheques-regalos\/"]}]},{"@type":"ImageObject","inLanguage":"es","@id":"https:\/\/kayakingcostabrava.com\/es\/cheques-regalos\/#primaryimage","url":"https:\/\/www.tripadvisor.es\/img\/cdsi\/img2\/branding\/medium-logo-12097-2.png","contentUrl":"https:\/\/www.tripadvisor.es\/img\/cdsi\/img2\/branding\/medium-logo-12097-2.png"},{"@type":"BreadcrumbList","@id":"https:\/\/kayakingcostabrava.com\/es\/cheques-regalos\/#breadcrumb","itemListElement":[{"@type":"ListItem","position":1,"name":"Inici","item":"https:\/\/kayakingcostabrava.com\/es\/"},{"@type":"ListItem","position":2,"name":"Cheques regalos"}]},{"@type":"WebSite","@id":"https:\/\/kayakingcostabrava.com\/#website","url":"https:\/\/kayakingcostabrava.com\/","name":"Kayaking Costa Brava","description":"Lloguer de caiacs, excursions, cursos, tenda online.","potentialAction":[{"@type":"SearchAction","target":{"@type":"EntryPoint","urlTemplate":"https:\/\/kayakingcostabrava.com\/?s={search_term_string}"},"query-input":{"@type":"PropertyValueSpecification","valueRequired":true,"valueName":"search_term_string"}}],"inLanguage":"es"}]}},"_links":{"self":[{"href":"https:\/\/kayakingcostabrava.com\/es\/wp-json\/wp\/v2\/pages\/5309","targetHints":{"allow":["GET"]}}],"collection":[{"href":"https:\/\/kayakingcostabrava.com\/es\/wp-json\/wp\/v2\/pages"}],"about":[{"href":"https:\/\/kayakingcostabrava.com\/es\/wp-json\/wp\/v2\/types\/page"}],"author":[{"embeddable":true,"href":"https:\/\/kayakingcostabrava.com\/es\/wp-json\/wp\/v2\/users\/3"}],"replies":[{"embeddable":true,"href":"https:\/\/kayakingcostabrava.com\/es\/wp-json\/wp\/v2\/comments?post=5309"}],"version-history":[{"count":0,"href":"https:\/\/kayakingcostabrava.com\/es\/wp-json\/wp\/v2\/pages\/5309\/revisions"}],"wp:attachment":[{"href":"https:\/\/kayakingcostabrava.com\/es\/wp-json\/wp\/v2\/media?parent=5309"}],"curies":[{"name":"wp","href":"https:\/\/api.w.org\/{rel}","templated":true}]}}