{"id":5275,"date":"2019-02-01T09:18:52","date_gmt":"2019-02-01T09:18:52","guid":{"rendered":"https:\/\/www.kayakingcostabrava.com\/?page_id=5275"},"modified":"2022-09-29T11:19:28","modified_gmt":"2022-09-29T11:19:28","slug":"videos","status":"publish","type":"page","link":"https:\/\/kayakingcostabrava.com\/es\/galerias\/videos\/","title":{"rendered":"V\u00eddeos"},"content":{"rendered":"<p>[et_pb_section bb_built=\u00bb1&#8243; fullwidth=\u00bbon\u00bb specialty=\u00bboff\u00bb transparent_background=\u00bboff\u00bb allow_player_pause=\u00bboff\u00bb inner_shadow=\u00bboff\u00bb parallax=\u00bboff\u00bb parallax_method=\u00bboff\u00bb padding_mobile=\u00bboff\u00bb make_fullwidth=\u00bboff\u00bb use_custom_width=\u00bboff\u00bb width_unit=\u00bbon\u00bb make_equal=\u00bboff\u00bb use_custom_gutter=\u00bboff\u00bb module_class=\u00bbheader_page\u00bb next_background_color=\u00bb#fbf0bd\u00bb custom_padding_tablet=\u00bb50px|0|50px|0&#8243; custom_padding_last_edited=\u00bbon|desktop\u00bb prev_background_color=\u00bb#000000&#8243;][et_pb_fullwidth_header title=\u00bbV\u00eddeos\u00bb background_layout=\u00bblight\u00bb subhead=\u00bbGaler\u00edas\u00bb _builder_version=\u00bb3.6&#8243; background_color=\u00bbrgba(0,149,167,0)\u00bb button_one_text_size__hover_enabled=\u00bboff\u00bb button_one_text_size__hover=\u00bbnull\u00bb button_two_text_size__hover_enabled=\u00bboff\u00bb button_two_text_size__hover=\u00bbnull\u00bb button_one_text_color__hover_enabled=\u00bboff\u00bb button_one_text_color__hover=\u00bbnull\u00bb button_two_text_color__hover_enabled=\u00bboff\u00bb button_two_text_color__hover=\u00bbnull\u00bb button_one_border_width__hover_enabled=\u00bboff\u00bb button_one_border_width__hover=\u00bbnull\u00bb button_two_border_width__hover_enabled=\u00bboff\u00bb button_two_border_width__hover=\u00bbnull\u00bb button_one_border_color__hover_enabled=\u00bboff\u00bb button_one_border_color__hover=\u00bbnull\u00bb button_two_border_color__hover_enabled=\u00bboff\u00bb button_two_border_color__hover=\u00bbnull\u00bb button_one_border_radius__hover_enabled=\u00bboff\u00bb button_one_border_radius__hover=\u00bbnull\u00bb button_two_border_radius__hover_enabled=\u00bboff\u00bb button_two_border_radius__hover=\u00bbnull\u00bb button_one_letter_spacing__hover_enabled=\u00bboff\u00bb button_one_letter_spacing__hover=\u00bbnull\u00bb button_two_letter_spacing__hover_enabled=\u00bboff\u00bb button_two_letter_spacing__hover=\u00bbnull\u00bb button_one_bg_color__hover_enabled=\u00bboff\u00bb button_one_bg_color__hover=\u00bbnull\u00bb button_two_bg_color__hover_enabled=\u00bboff\u00bb button_two_bg_color__hover=\u00bbnull\u00bb \/][\/et_pb_section][et_pb_section bb_built=\u00bb1&#8243; fullwidth=\u00bboff\u00bb specialty=\u00bboff\u00bb transparent_background=\u00bboff\u00bb background_color=\u00bb#fbf0bd\u00bb allow_player_pause=\u00bboff\u00bb inner_shadow=\u00bboff\u00bb parallax=\u00bboff\u00bb parallax_method=\u00bboff\u00bb padding_mobile=\u00bboff\u00bb make_fullwidth=\u00bboff\u00bb use_custom_width=\u00bboff\u00bb width_unit=\u00bbon\u00bb make_equal=\u00bboff\u00bb use_custom_gutter=\u00bboff\u00bb custom_padding=\u00bb15px|||\u00bb prev_background_color=\u00bb#ffffff\u00bb custom_padding_tablet=\u00bb50px|0|50px|0&#8243; custom_padding_last_edited=\u00bbon|desktop\u00bb][et_pb_row make_fullwidth=\u00bboff\u00bb use_custom_width=\u00bboff\u00bb width_unit=\u00bbon\u00bb use_custom_gutter=\u00bboff\u00bb custom_padding=\u00bb||0px|\u00bb padding_mobile=\u00bboff\u00bb allow_player_pause=\u00bboff\u00bb parallax=\u00bboff\u00bb parallax_method=\u00bboff\u00bb make_equal=\u00bboff\u00bb parallax_1=\u00bboff\u00bb parallax_method_1=\u00bboff\u00bb column_padding_mobile=\u00bbon\u00bb background_position=\u00bbtop_left\u00bb background_repeat=\u00bbrepeat\u00bb background_size=\u00bbinitial\u00bb][et_pb_column type=\u00bb4_4&#8243;][et_pb_text admin_label=\u00bbT\u00edtulo video\u00bb use_border_color=\u00bboff\u00bb border_color=\u00bb#ffffff\u00bb border_style=\u00bbsolid\u00bb _builder_version=\u00bb3.6&#8243;]<\/p>\n<h4>Nuestras excursiones<\/h4>\n<p>[\/et_pb_text][\/et_pb_column][\/et_pb_row][et_pb_row make_fullwidth=\u00bboff\u00bb use_custom_width=\u00bboff\u00bb width_unit=\u00bbon\u00bb use_custom_gutter=\u00bboff\u00bb custom_padding=\u00bb0px|||\u00bb padding_mobile=\u00bboff\u00bb allow_player_pause=\u00bboff\u00bb parallax=\u00bboff\u00bb parallax_method=\u00bboff\u00bb make_equal=\u00bboff\u00bb parallax_1=\u00bboff\u00bb parallax_method_1=\u00bboff\u00bb parallax_2=\u00bboff\u00bb parallax_method_2=\u00bboff\u00bb parallax_3=\u00bboff\u00bb parallax_method_3=\u00bboff\u00bb column_padding_mobile=\u00bbon\u00bb background_position=\u00bbtop_left\u00bb background_repeat=\u00bbrepeat\u00bb background_size=\u00bbinitial\u00bb][et_pb_column type=\u00bb1_2&#8243;][et_pb_video _builder_version=\u00bb3.6&#8243; src=\u00bbhttps:\/\/youtu.be\/reqwl4cycYk\u00bb image_src=\u00bb\/\/i.ytimg.com\/vi\/reqwl4cycYk\/hqdefault.jpg\u00bb \/][et_pb_text admin_label=\u00bbT\u00edtulo video 1&#8243; use_border_color=\u00bboff\u00bb border_color=\u00bb#ffffff\u00bb border_style=\u00bbsolid\u00bb _builder_version=\u00bb3.6&#8243;]<\/p>\n<p>\nExcursi\u00f3n guiada de mediod\u00eda Cala Montg\u00f3<br \/>Realizaci\u00f3n y edici\u00f3n: <a href=\"http:\/\/www.rogerovira.com\/\" target=\"_blank\" rel=\"noopener noreferrer\">ROGER ROVIRA RIUS<\/a><\/p>\n<p>[\/et_pb_text][\/et_pb_column][et_pb_column type=\u00bb1_2&#8243;][et_pb_video _builder_version=\u00bb3.6&#8243; src=\u00bbhttps:\/\/youtu.be\/uPJVv2FGg44&#8243; image_src=\u00bb\/\/i.ytimg.com\/vi\/uPJVv2FGg44\/hqdefault.jpg\u00bb \/][et_pb_text admin_label=\u00bbT\u00edtulo video 2&#8243; use_border_color=\u00bboff\u00bb border_color=\u00bb#ffffff\u00bb border_style=\u00bbsolid\u00bb _builder_version=\u00bb3.6&#8243;]<\/p>\n<p>\nExcursi\u00f3n guiada de mediod\u00eda a Tamariu<br \/>Realizaci\u00f3n y edici\u00f3n: <a href=\"http:\/\/www.rogerovira.com\/\" target=\"_blank\" rel=\"noopener noreferrer\">ROGER ROVIRA RIUS<\/a><\/p>\n<p>[\/et_pb_text][\/et_pb_column][\/et_pb_row][et_pb_row make_fullwidth=\u00bboff\u00bb use_custom_width=\u00bboff\u00bb width_unit=\u00bbon\u00bb use_custom_gutter=\u00bboff\u00bb custom_padding=\u00bb0px|||\u00bb padding_mobile=\u00bboff\u00bb allow_player_pause=\u00bboff\u00bb parallax=\u00bboff\u00bb parallax_method=\u00bboff\u00bb make_equal=\u00bboff\u00bb parallax_1=\u00bboff\u00bb parallax_method_1=\u00bboff\u00bb parallax_2=\u00bboff\u00bb parallax_method_2=\u00bboff\u00bb parallax_3=\u00bboff\u00bb parallax_method_3=\u00bboff\u00bb column_padding_mobile=\u00bbon\u00bb background_position=\u00bbtop_left\u00bb background_repeat=\u00bbrepeat\u00bb background_size=\u00bbinitial\u00bb][et_pb_column type=\u00bb1_2&#8243;][et_pb_video _builder_version=\u00bb3.20.1&#8243; src=\u00bbhttps:\/\/youtu.be\/kS9Vhs-fy88&#8243; image_src=\u00bb\/\/i.ytimg.com\/vi\/7K3_zNwxrYI\/hqdefault.jpg\u00bb \/][et_pb_text admin_label=\u00bbT\u00edtulo Video 4&#8243; use_border_color=\u00bboff\u00bb border_color=\u00bb#ffffff\u00bb border_style=\u00bbsolid\u00bb _builder_version=\u00bb3.6&#8243;]<\/p>\n<p>\nExcursi\u00f3n guiada de medio d\u00eda a&nbsp;Portlligat (Cap de Creus)<br \/>Realizaci\u00f3n y edici\u00f3n: <a href=\"http:\/\/www.rogerovira.com\/\" target=\"_blank\" rel=\"noopener noreferrer\">ROGER ROVIRA RIUS<\/a><\/p>\n<p>[\/et_pb_text][\/et_pb_column][et_pb_column type=\u00bb1_2&#8243;][et_pb_video _builder_version=\u00bb3.20.1&#8243; src=\u00bbhttps:\/\/youtu.be\/qsMRtxhah9o\u00bb image_src=\u00bb\/\/i.ytimg.com\/vi\/AwWdTLBZF9A\/hqdefault.jpg\u00bb \/][et_pb_text admin_label=\u00bbT\u00edtulo video 3&#8243; use_border_color=\u00bboff\u00bb border_color=\u00bb#ffffff\u00bb border_style=\u00bbsolid\u00bb _builder_version=\u00bb3.20.1&#8243;]<\/p>\n<p>\nExcursi\u00f3n guiada de medio d\u00eda a Platja Castell<br \/>Realizaci\u00f3n y edici\u00f3n: <a href=\"http:\/\/www.rogerovira.com\/\" target=\"_blank\" rel=\"noopener noreferrer\">ROGER ROVIRA RIUS<\/a><\/p>\n<p>[\/et_pb_text][\/et_pb_column][\/et_pb_row][\/et_pb_section]<\/p>\n","protected":false},"excerpt":{"rendered":"<p>Nuestras excursiones Excursi\u00f3n guiada de mediod\u00eda Cala Montg\u00f3Realizaci\u00f3n y edici\u00f3n: ROGER ROVIRA RIUS Excursi\u00f3n guiada de mediod\u00eda a TamariuRealizaci\u00f3n y edici\u00f3n: ROGER ROVIRA RIUS Excursi\u00f3n guiada de medio d\u00eda a&nbsp;Portlligat (Cap de Creus)Realizaci\u00f3n y edici\u00f3n: ROGER ROVIRA RIUS Excursi\u00f3n guiada de medio d\u00eda a Platja CastellRealizaci\u00f3n y edici\u00f3n: ROGER ROVIRA RIUS<\/p>\n","protected":false},"author":3,"featured_media":0,"parent":3992,"menu_order":0,"comment_status":"closed","ping_status":"closed","template":"","meta":{"_et_pb_use_builder":"on","_et_pb_old_content":"","_et_gb_content_width":"","inline_featured_image":false,"footnotes":""},"class_list":["post-5275","page","type-page","status-publish","hentry"],"yoast_head":"<!-- This site is optimized with the Yoast SEO plugin v27.1.1 - https:\/\/yoast.com\/product\/yoast-seo-wordpress\/ -->\n<title>V\u00eddeos - Kayaking Costa Brava<\/title>\n<meta name=\"robots\" content=\"index, follow, max-snippet:-1, max-image-preview:large, max-video-preview:-1\" \/>\n<link rel=\"canonical\" href=\"https:\/\/kayakingcostabrava.com\/es\/galerias\/videos\/\" \/>\n<meta property=\"og:locale\" content=\"es_ES\" \/>\n<meta property=\"og:type\" content=\"article\" \/>\n<meta property=\"og:title\" content=\"V\u00eddeos - Kayaking Costa Brava\" \/>\n<meta property=\"og:description\" content=\"Nuestras excursiones Excursi\u00f3n guiada de mediod\u00eda Cala Montg\u00f3Realizaci\u00f3n y edici\u00f3n: ROGER ROVIRA RIUS Excursi\u00f3n guiada de mediod\u00eda a TamariuRealizaci\u00f3n y edici\u00f3n: ROGER ROVIRA RIUS Excursi\u00f3n guiada de medio d\u00eda a&nbsp;Portlligat (Cap de Creus)Realizaci\u00f3n y edici\u00f3n: ROGER ROVIRA RIUS Excursi\u00f3n guiada de medio d\u00eda a Platja CastellRealizaci\u00f3n y edici\u00f3n: ROGER ROVIRA RIUS\" \/>\n<meta property=\"og:url\" content=\"https:\/\/kayakingcostabrava.com\/es\/galerias\/videos\/\" \/>\n<meta property=\"og:site_name\" content=\"Kayaking Costa Brava\" \/>\n<meta property=\"article:publisher\" content=\"https:\/\/www.facebook.com\/kayakingcostabrava\/\" \/>\n<meta property=\"article:modified_time\" content=\"2022-09-29T11:19:28+00:00\" \/>\n<meta name=\"twitter:card\" content=\"summary_large_image\" \/>\n<meta name=\"twitter:label1\" content=\"Tiempo de lectura\" \/>\n\t<meta name=\"twitter:data1\" content=\"2 minutos\" \/>\n<script type=\"application\/ld+json\" class=\"yoast-schema-graph\">{\"@context\":\"https:\/\/schema.org\",\"@graph\":[{\"@type\":\"WebPage\",\"@id\":\"https:\/\/kayakingcostabrava.com\/es\/galerias\/videos\/\",\"url\":\"https:\/\/kayakingcostabrava.com\/es\/galerias\/videos\/\",\"name\":\"V\u00eddeos - Kayaking Costa Brava\",\"isPartOf\":{\"@id\":\"https:\/\/kayakingcostabrava.com\/#website\"},\"datePublished\":\"2019-02-01T09:18:52+00:00\",\"dateModified\":\"2022-09-29T11:19:28+00:00\",\"breadcrumb\":{\"@id\":\"https:\/\/kayakingcostabrava.com\/es\/galerias\/videos\/#breadcrumb\"},\"inLanguage\":\"es\",\"potentialAction\":[{\"@type\":\"ReadAction\",\"target\":[\"https:\/\/kayakingcostabrava.com\/es\/galerias\/videos\/\"]}]},{\"@type\":\"BreadcrumbList\",\"@id\":\"https:\/\/kayakingcostabrava.com\/es\/galerias\/videos\/#breadcrumb\",\"itemListElement\":[{\"@type\":\"ListItem\",\"position\":1,\"name\":\"Inici\",\"item\":\"https:\/\/kayakingcostabrava.com\/es\/\"},{\"@type\":\"ListItem\",\"position\":2,\"name\":\"Galer\u00edas\",\"item\":\"https:\/\/kayakingcostabrava.com\/es\/galerias\/\"},{\"@type\":\"ListItem\",\"position\":3,\"name\":\"V\u00eddeos\"}]},{\"@type\":\"WebSite\",\"@id\":\"https:\/\/kayakingcostabrava.com\/#website\",\"url\":\"https:\/\/kayakingcostabrava.com\/\",\"name\":\"Kayaking Costa Brava\",\"description\":\"Lloguer de caiacs, excursions, cursos, tenda online.\",\"potentialAction\":[{\"@type\":\"SearchAction\",\"target\":{\"@type\":\"EntryPoint\",\"urlTemplate\":\"https:\/\/kayakingcostabrava.com\/?s={search_term_string}\"},\"query-input\":{\"@type\":\"PropertyValueSpecification\",\"valueRequired\":true,\"valueName\":\"search_term_string\"}}],\"inLanguage\":\"es\"}]}<\/script>\n<!-- \/ Yoast SEO plugin. -->","yoast_head_json":{"title":"V\u00eddeos - Kayaking Costa Brava","robots":{"index":"index","follow":"follow","max-snippet":"max-snippet:-1","max-image-preview":"max-image-preview:large","max-video-preview":"max-video-preview:-1"},"canonical":"https:\/\/kayakingcostabrava.com\/es\/galerias\/videos\/","og_locale":"es_ES","og_type":"article","og_title":"V\u00eddeos - Kayaking Costa Brava","og_description":"Nuestras excursiones Excursi\u00f3n guiada de mediod\u00eda Cala Montg\u00f3Realizaci\u00f3n y edici\u00f3n: ROGER ROVIRA RIUS Excursi\u00f3n guiada de mediod\u00eda a TamariuRealizaci\u00f3n y edici\u00f3n: ROGER ROVIRA RIUS Excursi\u00f3n guiada de medio d\u00eda a&nbsp;Portlligat (Cap de Creus)Realizaci\u00f3n y edici\u00f3n: ROGER ROVIRA RIUS Excursi\u00f3n guiada de medio d\u00eda a Platja CastellRealizaci\u00f3n y edici\u00f3n: ROGER ROVIRA RIUS","og_url":"https:\/\/kayakingcostabrava.com\/es\/galerias\/videos\/","og_site_name":"Kayaking Costa Brava","article_publisher":"https:\/\/www.facebook.com\/kayakingcostabrava\/","article_modified_time":"2022-09-29T11:19:28+00:00","twitter_card":"summary_large_image","twitter_misc":{"Tiempo de lectura":"2 minutos"},"schema":{"@context":"https:\/\/schema.org","@graph":[{"@type":"WebPage","@id":"https:\/\/kayakingcostabrava.com\/es\/galerias\/videos\/","url":"https:\/\/kayakingcostabrava.com\/es\/galerias\/videos\/","name":"V\u00eddeos - Kayaking Costa Brava","isPartOf":{"@id":"https:\/\/kayakingcostabrava.com\/#website"},"datePublished":"2019-02-01T09:18:52+00:00","dateModified":"2022-09-29T11:19:28+00:00","breadcrumb":{"@id":"https:\/\/kayakingcostabrava.com\/es\/galerias\/videos\/#breadcrumb"},"inLanguage":"es","potentialAction":[{"@type":"ReadAction","target":["https:\/\/kayakingcostabrava.com\/es\/galerias\/videos\/"]}]},{"@type":"BreadcrumbList","@id":"https:\/\/kayakingcostabrava.com\/es\/galerias\/videos\/#breadcrumb","itemListElement":[{"@type":"ListItem","position":1,"name":"Inici","item":"https:\/\/kayakingcostabrava.com\/es\/"},{"@type":"ListItem","position":2,"name":"Galer\u00edas","item":"https:\/\/kayakingcostabrava.com\/es\/galerias\/"},{"@type":"ListItem","position":3,"name":"V\u00eddeos"}]},{"@type":"WebSite","@id":"https:\/\/kayakingcostabrava.com\/#website","url":"https:\/\/kayakingcostabrava.com\/","name":"Kayaking Costa Brava","description":"Lloguer de caiacs, excursions, cursos, tenda online.","potentialAction":[{"@type":"SearchAction","target":{"@type":"EntryPoint","urlTemplate":"https:\/\/kayakingcostabrava.com\/?s={search_term_string}"},"query-input":{"@type":"PropertyValueSpecification","valueRequired":true,"valueName":"search_term_string"}}],"inLanguage":"es"}]}},"_links":{"self":[{"href":"https:\/\/kayakingcostabrava.com\/es\/wp-json\/wp\/v2\/pages\/5275","targetHints":{"allow":["GET"]}}],"collection":[{"href":"https:\/\/kayakingcostabrava.com\/es\/wp-json\/wp\/v2\/pages"}],"about":[{"href":"https:\/\/kayakingcostabrava.com\/es\/wp-json\/wp\/v2\/types\/page"}],"author":[{"embeddable":true,"href":"https:\/\/kayakingcostabrava.com\/es\/wp-json\/wp\/v2\/users\/3"}],"replies":[{"embeddable":true,"href":"https:\/\/kayakingcostabrava.com\/es\/wp-json\/wp\/v2\/comments?post=5275"}],"version-history":[{"count":4,"href":"https:\/\/kayakingcostabrava.com\/es\/wp-json\/wp\/v2\/pages\/5275\/revisions"}],"predecessor-version":[{"id":9794,"href":"https:\/\/kayakingcostabrava.com\/es\/wp-json\/wp\/v2\/pages\/5275\/revisions\/9794"}],"up":[{"embeddable":true,"href":"https:\/\/kayakingcostabrava.com\/es\/wp-json\/wp\/v2\/pages\/3992"}],"wp:attachment":[{"href":"https:\/\/kayakingcostabrava.com\/es\/wp-json\/wp\/v2\/media?parent=5275"}],"curies":[{"name":"wp","href":"https:\/\/api.w.org\/{rel}","templated":true}]}}