{"id":5187,"date":"2018-12-18T10:59:01","date_gmt":"2018-12-18T10:59:01","guid":{"rendered":"https:\/\/www.kayakingcostabrava.com\/?page_id=5187"},"modified":"2023-06-27T08:17:54","modified_gmt":"2023-06-27T08:17:54","slug":"cursos","status":"publish","type":"page","link":"https:\/\/kayakingcostabrava.com\/es\/actividades\/cursos\/","title":{"rendered":"Cursos"},"content":{"rendered":"<p>[et_pb_section bb_built=\u00bb1&#8243; fullwidth=\u00bbon\u00bb specialty=\u00bboff\u00bb transparent_background=\u00bboff\u00bb allow_player_pause=\u00bboff\u00bb inner_shadow=\u00bboff\u00bb parallax=\u00bboff\u00bb parallax_method=\u00bboff\u00bb padding_mobile=\u00bboff\u00bb make_fullwidth=\u00bboff\u00bb use_custom_width=\u00bboff\u00bb width_unit=\u00bbon\u00bb make_equal=\u00bboff\u00bb use_custom_gutter=\u00bboff\u00bb module_class=\u00bbheader_page\u00bb custom_padding_tablet=\u00bb50px|0|50px|0&#8243; custom_padding_last_edited=\u00bbon|desktop\u00bb next_background_color=\u00bb#69cbc6&#8243; prev_background_color=\u00bb#000000&#8243; inner_width=\u00bbauto\u00bb inner_max_width=\u00bb1280px\u00bb][et_pb_fullwidth_header title=\u00bbCursos\u00bb background_layout=\u00bblight\u00bb text_orientation=\u00bbleft\u00bb header_fullscreen=\u00bboff\u00bb header_scroll_down=\u00bboff\u00bb parallax=\u00bboff\u00bb parallax_method=\u00bboff\u00bb content_orientation=\u00bbcenter\u00bb image_orientation=\u00bbcenter\u00bb custom_button_one=\u00bboff\u00bb button_one_letter_spacing=\u00bb0&#8243; button_one_use_icon=\u00bbdefault\u00bb button_one_icon_placement=\u00bbright\u00bb button_one_on_hover=\u00bbon\u00bb button_one_letter_spacing_hover=\u00bb0&#8243; custom_button_two=\u00bboff\u00bb button_two_letter_spacing=\u00bb0&#8243; button_two_use_icon=\u00bbdefault\u00bb button_two_icon_placement=\u00bbright\u00bb button_two_on_hover=\u00bbon\u00bb button_two_letter_spacing_hover=\u00bb0&#8243; subhead=\u00bbActividades\u00bb content_max_width=\u00bbnone\u00bb background_color=\u00bbrgba(255, 255, 255, 0)\u00bb button_one_text_size__hover_enabled=\u00bboff\u00bb button_two_text_size__hover_enabled=\u00bboff\u00bb button_one_text_color__hover_enabled=\u00bboff\u00bb button_two_text_color__hover_enabled=\u00bboff\u00bb button_one_border_width__hover_enabled=\u00bboff\u00bb button_two_border_width__hover_enabled=\u00bboff\u00bb button_one_border_color__hover_enabled=\u00bboff\u00bb button_two_border_color__hover_enabled=\u00bboff\u00bb button_one_border_radius__hover_enabled=\u00bboff\u00bb button_two_border_radius__hover_enabled=\u00bboff\u00bb button_one_letter_spacing__hover_enabled=\u00bbon\u00bb button_one_letter_spacing__hover=\u00bb0&#8243; button_two_letter_spacing__hover_enabled=\u00bbon\u00bb button_two_letter_spacing__hover=\u00bb0&#8243; button_one_bg_color__hover_enabled=\u00bboff\u00bb button_two_bg_color__hover_enabled=\u00bboff\u00bb \/][\/et_pb_section][et_pb_section bb_built=\u00bb1&#8243; admin_label=\u00bbsection\u00bb transparent_background=\u00bboff\u00bb background_color=\u00bb#69cbc6&#8243; allow_player_pause=\u00bboff\u00bb inner_shadow=\u00bboff\u00bb parallax=\u00bboff\u00bb parallax_method=\u00bboff\u00bb padding_mobile=\u00bboff\u00bb make_fullwidth=\u00bboff\u00bb use_custom_width=\u00bboff\u00bb width_unit=\u00bbon\u00bb make_equal=\u00bboff\u00bb use_custom_gutter=\u00bboff\u00bb module_class=\u00bbsub_header_01&#8243; custom_padding=\u00bb0px||0px|\u00bb custom_padding_tablet=\u00bb50px|0|50px|0&#8243; custom_padding_last_edited=\u00bbon|desktop\u00bb prev_background_color=\u00bb#ffffff\u00bb next_background_color=\u00bb#fffcdb\u00bb inner_width=\u00bbauto\u00bb inner_max_width=\u00bb1280px\u00bb][et_pb_row admin_label=\u00bbrow\u00bb make_fullwidth=\u00bboff\u00bb use_custom_width=\u00bboff\u00bb width_unit=\u00bbon\u00bb use_custom_gutter=\u00bboff\u00bb padding_mobile=\u00bboff\u00bb allow_player_pause=\u00bboff\u00bb parallax=\u00bboff\u00bb parallax_method=\u00bboff\u00bb make_equal=\u00bboff\u00bb column_padding_mobile=\u00bbon\u00bb background_position=\u00bbtop_left\u00bb background_repeat=\u00bbrepeat\u00bb background_size=\u00bbinitial\u00bb width=\u00bb80%\u00bb max_width=\u00bb1280px\u00bb][et_pb_column type=\u00bb4_4&#8243; custom_padding__hover=\u00bb|||\u00bb custom_padding=\u00bb|||\u00bb parallax_method=\u00bboff\u00bb][et_pb_text use_border_color=\u00bboff\u00bb custom_margin=\u00bb0px|||\u00bb background_position=\u00bbtop_left\u00bb background_repeat=\u00bbrepeat\u00bb background_size=\u00bbinitial\u00bb _builder_version=\u00bb3.6&#8243; text_orientation=\u00bbleft\u00bb]<\/p>\n<p>\nSi quieres aprender a navegar por tu cuenta y a enfrentarte con \u00e9xito a las cambiantes condiciones del mar, en Kayaking Costa Brava te ense\u00f1amos las t\u00e9cnicas necesarias. Estos cursos se pueden hacer en grupo o individualmente, aunque el aprendizaje es m\u00e1s eficaz si se hacen clases individuales o en grupos reducidos.<\/p>\n<p>[\/et_pb_text][\/et_pb_column][\/et_pb_row][\/et_pb_section][et_pb_section bb_built=\u00bb1&#8243; fullwidth=\u00bboff\u00bb specialty=\u00bboff\u00bb transparent_background=\u00bboff\u00bb background_color=\u00bb#fffcdb\u00bb allow_player_pause=\u00bboff\u00bb inner_shadow=\u00bboff\u00bb parallax=\u00bboff\u00bb parallax_method=\u00bboff\u00bb padding_mobile=\u00bboff\u00bb make_fullwidth=\u00bboff\u00bb use_custom_width=\u00bboff\u00bb width_unit=\u00bbon\u00bb make_equal=\u00bboff\u00bb use_custom_gutter=\u00bboff\u00bb module_class=\u00bbbox_activity_02&#8243; custom_padding_tablet=\u00bb50px|0|50px|0&#8243; custom_padding_last_edited=\u00bbon|desktop\u00bb prev_background_color=\u00bb#69cbc6&#8243; inner_width=\u00bbauto\u00bb inner_max_width=\u00bb1280px\u00bb][et_pb_row background_position=\u00bbtop_left\u00bb background_repeat=\u00bbrepeat\u00bb background_size=\u00bbinitial\u00bb width=\u00bb80%\u00bb max_width=\u00bb1280px\u00bb][et_pb_column type=\u00bb1_2&#8243; custom_padding__hover=\u00bb|||\u00bb custom_padding=\u00bb|||\u00bb][et_pb_blurb admin_label=\u00bbCurs d&#8217;iniciaci\u00f3\u00bb animation=\u00bboff\u00bb text_orientation=\u00bbcenter\u00bb use_border_color=\u00bboff\u00bb image=\u00bbhttps:\/\/kayakingcostabrava-b4f9.kxcdn.com\/wp-content\/uploads\/2016\/03\/titulo_curs_1.png\u00bb alt=\u00bbCurso de iniciaci\u00f3n\u00bb title=\u00bbCurso de iniciaci\u00f3n\u00bb url=\u00bbhttps:\/\/www.kayakingcostabrava.com\/es\/actividades\/cursos\/cursos-de-iniciacion\/\u00bb background_position=\u00bbtop_left\u00bb background_repeat=\u00bbrepeat\u00bb background_size=\u00bbinitial\u00bb _builder_version=\u00bb3.6&#8243; max_width_tablet=\u00bb50px\u00bb]<\/p>\n<p>\nEl curso de iniciaci\u00f3n tiene una duraci\u00f3n de cuatro horas durante las que aprender\u00e1s las t\u00e9cnicas b\u00e1sicas para progresar con seguridad y eficiencia de forma aut\u00f3noma.<\/p>\n<a href='https:\/\/www.kayakingcostabrava.com\/es\/actividades\/cursos\/cursos-de-iniciacion\/' class='small-button smallblue'>M\u00e1s informaci\u00f3n<\/a>\n<p>[\/et_pb_blurb][\/et_pb_column][et_pb_column type=\u00bb1_2&#8243; custom_padding__hover=\u00bb|||\u00bb custom_padding=\u00bb|||\u00bb][et_pb_blurb admin_label=\u00bbCurs de perfeccionament\u00bb animation=\u00bboff\u00bb text_orientation=\u00bbcenter\u00bb use_border_color=\u00bboff\u00bb image=\u00bbhttps:\/\/kayakingcostabrava-b4f9.kxcdn.com\/wp-content\/uploads\/2016\/03\/cursos1_277X277.jpg\u00bb alt=\u00bbCurso de perfeccionamiento\u00bb title=\u00bbCurso de perfeccionamiento\u00bb url=\u00bbhttps:\/\/www.kayakingcostabrava.com\/es\/actividades\/cursos\/cursos-de-perfeccionamiento\/\u00bb background_position=\u00bbtop_left\u00bb background_repeat=\u00bbrepeat\u00bb background_size=\u00bbinitial\u00bb _builder_version=\u00bb3.6&#8243; max_width_tablet=\u00bb50px\u00bb]<\/p>\n<p>\nPara ir un poco m\u00e1s all\u00e1, en un curso de perfeccionamiento puedes aprender el esquimotaje (t\u00e9cnica que permite levantarte solo y sin salir del kayak despu\u00e9s de un vuelco) y tambi\u00e9n otras t\u00e9cnicas te\u00f3ricas y pr\u00e1cticas avanzadas.<\/p>\n<a href='https:\/\/www.kayakingcostabrava.com\/es\/actividades\/cursos\/cursos-de-perfeccionamiento\/' class='small-button smallblue'>M\u00e1s informaci\u00f3n<\/a>\n<p>[\/et_pb_blurb][\/et_pb_column][\/et_pb_row][et_pb_row background_position=\u00bbtop_left\u00bb background_repeat=\u00bbrepeat\u00bb background_size=\u00bbinitial\u00bb width=\u00bb80%\u00bb max_width=\u00bb1280px\u00bb][et_pb_column type=\u00bb1_4&#8243; custom_padding__hover=\u00bb|||\u00bb custom_padding=\u00bb|||\u00bb][\/et_pb_column][et_pb_column type=\u00bb1_2&#8243; custom_padding__hover=\u00bb|||\u00bb custom_padding=\u00bb|||\u00bb][et_pb_blurb admin_label=\u00bbCurs BCU (British Canoe Union)\u00bb animation=\u00bboff\u00bb text_orientation=\u00bbcenter\u00bb use_border_color=\u00bboff\u00bb image=\u00bbhttps:\/\/kayakingcostabrava-b4f9.kxcdn.com\/wp-content\/uploads\/2016\/03\/titulo_curs_3.png\u00bb alt=\u00bbCurso BCU (British Canoe Union)\u00bb title=\u00bbCurso BCU (British Canoe Union)\u00bb url=\u00bbhttps:\/\/www.kayakingcostabrava.com\/es\/actividades\/cursos\/curs-bcu-british-canoe-union\/\u00bb background_position=\u00bbtop_left\u00bb background_repeat=\u00bbrepeat\u00bb background_size=\u00bbinitial\u00bb _builder_version=\u00bb4.20.4&#8243; max_width_tablet=\u00bb50px\u00bb background_pattern_color=\u00bbrgba(0,0,0,0.2)\u00bb background_mask_color=\u00bb#ffffff\u00bb image_icon_width_tablet=\u00bb101px\u00bb border_width_all_image_tablet=\u00bb25&#8243; box_shadow_horizontal_image_tablet=\u00bb0px\u00bb box_shadow_vertical_image_tablet=\u00bb0px\u00bb box_shadow_blur_image_tablet=\u00bb40px\u00bb box_shadow_spread_image_tablet=\u00bb0px\u00bb text_shadow_horizontal_length=\u00bbtext_shadow_style,%91object Object%93&#8243; text_shadow_horizontal_length_tablet=\u00bb0px\u00bb text_shadow_vertical_length=\u00bbtext_shadow_style,%91object Object%93&#8243; text_shadow_vertical_length_tablet=\u00bb0px\u00bb text_shadow_blur_strength=\u00bbtext_shadow_style,%91object Object%93&#8243; text_shadow_blur_strength_tablet=\u00bb1px\u00bb header_text_shadow_horizontal_length=\u00bbheader_text_shadow_style,%91object Object%93&#8243; header_text_shadow_horizontal_length_tablet=\u00bb0px\u00bb header_text_shadow_vertical_length=\u00bbheader_text_shadow_style,%91object Object%93&#8243; header_text_shadow_vertical_length_tablet=\u00bb0px\u00bb header_text_shadow_blur_strength=\u00bbheader_text_shadow_style,%91object Object%93&#8243; header_text_shadow_blur_strength_tablet=\u00bb1px\u00bb body_text_shadow_horizontal_length=\u00bbbody_text_shadow_style,%91object Object%93&#8243; body_text_shadow_horizontal_length_tablet=\u00bb0px\u00bb body_text_shadow_vertical_length=\u00bbbody_text_shadow_style,%91object Object%93&#8243; body_text_shadow_vertical_length_tablet=\u00bb0px\u00bb body_text_shadow_blur_strength=\u00bbbody_text_shadow_style,%91object Object%93&#8243; body_text_shadow_blur_strength_tablet=\u00bb1px\u00bb body_link_text_shadow_horizontal_length=\u00bbbody_link_text_shadow_style,%91object Object%93&#8243; body_link_text_shadow_horizontal_length_tablet=\u00bb0px\u00bb body_link_text_shadow_vertical_length=\u00bbbody_link_text_shadow_style,%91object Object%93&#8243; body_link_text_shadow_vertical_length_tablet=\u00bb0px\u00bb body_link_text_shadow_blur_strength=\u00bbbody_link_text_shadow_style,%91object Object%93&#8243; body_link_text_shadow_blur_strength_tablet=\u00bb1px\u00bb body_ul_text_shadow_horizontal_length=\u00bbbody_ul_text_shadow_style,%91object Object%93&#8243; body_ul_text_shadow_horizontal_length_tablet=\u00bb0px\u00bb body_ul_text_shadow_vertical_length=\u00bbbody_ul_text_shadow_style,%91object Object%93&#8243; body_ul_text_shadow_vertical_length_tablet=\u00bb0px\u00bb body_ul_text_shadow_blur_strength=\u00bbbody_ul_text_shadow_style,%91object Object%93&#8243; body_ul_text_shadow_blur_strength_tablet=\u00bb1px\u00bb body_ol_text_shadow_horizontal_length=\u00bbbody_ol_text_shadow_style,%91object Object%93&#8243; body_ol_text_shadow_horizontal_length_tablet=\u00bb0px\u00bb body_ol_text_shadow_vertical_length=\u00bbbody_ol_text_shadow_style,%91object Object%93&#8243; body_ol_text_shadow_vertical_length_tablet=\u00bb0px\u00bb body_ol_text_shadow_blur_strength=\u00bbbody_ol_text_shadow_style,%91object Object%93&#8243; body_ol_text_shadow_blur_strength_tablet=\u00bb1px\u00bb body_quote_text_shadow_horizontal_length=\u00bbbody_quote_text_shadow_style,%91object Object%93&#8243; body_quote_text_shadow_horizontal_length_tablet=\u00bb0px\u00bb body_quote_text_shadow_vertical_length=\u00bbbody_quote_text_shadow_style,%91object Object%93&#8243; body_quote_text_shadow_vertical_length_tablet=\u00bb0px\u00bb body_quote_text_shadow_blur_strength=\u00bbbody_quote_text_shadow_style,%91object Object%93&#8243; body_quote_text_shadow_blur_strength_tablet=\u00bb1px\u00bb box_shadow_horizontal_tablet=\u00bb0px\u00bb box_shadow_vertical_tablet=\u00bb0px\u00bb box_shadow_blur_tablet=\u00bb40px\u00bb box_shadow_spread_tablet=\u00bb0px\u00bb disabled=\u00bbon\u00bb disabled_on=\u00bbon|on|on\u00bb vertical_offset_tablet=\u00bb0&#8243; horizontal_offset_tablet=\u00bb0&#8243; z_index_tablet=\u00bb0&#8243;]<\/p>\n<p>Con la realitzaci\u00f3n de estos cursos se obtiene el certificado oficial <strong>Paddlesport Start Award de la British Union<\/strong> (BCU).<\/p>\n<a href='https:\/\/www.kayakingcostabrava.com\/es\/actividades\/cursos\/curs-bcu-british-canoe-union\/' class='small-button smallblue'>M\u00e1s informaci\u00f3n<\/a>\n<p>[\/et_pb_blurb][\/et_pb_column][et_pb_column type=\u00bb1_4&#8243; custom_padding__hover=\u00bb|||\u00bb custom_padding=\u00bb|||\u00bb][\/et_pb_column][\/et_pb_row][\/et_pb_section]<\/p>\n","protected":false},"excerpt":{"rendered":"<p>Si quieres aprender a navegar por tu cuenta y a enfrentarte con \u00e9xito a las cambiantes condiciones del mar, en Kayaking Costa Brava te ense\u00f1amos las t\u00e9cnicas necesarias. Estos cursos se pueden hacer en grupo o individualmente, aunque el aprendizaje es m\u00e1s eficaz si se hacen clases individuales o en grupos reducidos. El curso de [&hellip;]<\/p>\n","protected":false},"author":3,"featured_media":0,"parent":3939,"menu_order":0,"comment_status":"closed","ping_status":"closed","template":"","meta":{"_et_pb_use_builder":"on","_et_pb_old_content":"","_et_gb_content_width":"","inline_featured_image":false,"footnotes":""},"class_list":["post-5187","page","type-page","status-publish","hentry"],"yoast_head":"<!-- This site is optimized with the Yoast SEO plugin v27.1.1 - https:\/\/yoast.com\/product\/yoast-seo-wordpress\/ -->\n<title>Cursos - Kayaking Costa Brava<\/title>\n<meta name=\"robots\" content=\"index, follow, max-snippet:-1, max-image-preview:large, max-video-preview:-1\" \/>\n<link rel=\"canonical\" href=\"https:\/\/kayakingcostabrava.com\/es\/actividades\/cursos\/\" \/>\n<meta property=\"og:locale\" content=\"es_ES\" \/>\n<meta property=\"og:type\" content=\"article\" \/>\n<meta property=\"og:title\" content=\"Cursos - Kayaking Costa Brava\" \/>\n<meta property=\"og:description\" content=\"Si quieres aprender a navegar por tu cuenta y a enfrentarte con \u00e9xito a las cambiantes condiciones del mar, en Kayaking Costa Brava te ense\u00f1amos las t\u00e9cnicas necesarias. Estos cursos se pueden hacer en grupo o individualmente, aunque el aprendizaje es m\u00e1s eficaz si se hacen clases individuales o en grupos reducidos. El curso de [&hellip;]\" \/>\n<meta property=\"og:url\" content=\"https:\/\/kayakingcostabrava.com\/es\/actividades\/cursos\/\" \/>\n<meta property=\"og:site_name\" content=\"Kayaking Costa Brava\" \/>\n<meta property=\"article:publisher\" content=\"https:\/\/www.facebook.com\/kayakingcostabrava\/\" \/>\n<meta property=\"article:modified_time\" content=\"2023-06-27T08:17:54+00:00\" \/>\n<meta name=\"twitter:card\" content=\"summary_large_image\" \/>\n<meta name=\"twitter:label1\" content=\"Tiempo de lectura\" \/>\n\t<meta name=\"twitter:data1\" content=\"2 minutos\" \/>\n<script type=\"application\/ld+json\" class=\"yoast-schema-graph\">{\"@context\":\"https:\/\/schema.org\",\"@graph\":[{\"@type\":\"WebPage\",\"@id\":\"https:\/\/kayakingcostabrava.com\/es\/actividades\/cursos\/\",\"url\":\"https:\/\/kayakingcostabrava.com\/es\/actividades\/cursos\/\",\"name\":\"Cursos - Kayaking Costa Brava\",\"isPartOf\":{\"@id\":\"https:\/\/kayakingcostabrava.com\/#website\"},\"datePublished\":\"2018-12-18T10:59:01+00:00\",\"dateModified\":\"2023-06-27T08:17:54+00:00\",\"breadcrumb\":{\"@id\":\"https:\/\/kayakingcostabrava.com\/es\/actividades\/cursos\/#breadcrumb\"},\"inLanguage\":\"es\",\"potentialAction\":[{\"@type\":\"ReadAction\",\"target\":[\"https:\/\/kayakingcostabrava.com\/es\/actividades\/cursos\/\"]}]},{\"@type\":\"BreadcrumbList\",\"@id\":\"https:\/\/kayakingcostabrava.com\/es\/actividades\/cursos\/#breadcrumb\",\"itemListElement\":[{\"@type\":\"ListItem\",\"position\":1,\"name\":\"Inici\",\"item\":\"https:\/\/kayakingcostabrava.com\/es\/\"},{\"@type\":\"ListItem\",\"position\":2,\"name\":\"Actividades\",\"item\":\"https:\/\/kayakingcostabrava.com\/es\/actividades\/\"},{\"@type\":\"ListItem\",\"position\":3,\"name\":\"Cursos\"}]},{\"@type\":\"WebSite\",\"@id\":\"https:\/\/kayakingcostabrava.com\/#website\",\"url\":\"https:\/\/kayakingcostabrava.com\/\",\"name\":\"Kayaking Costa Brava\",\"description\":\"Lloguer de caiacs, excursions, cursos, tenda online.\",\"potentialAction\":[{\"@type\":\"SearchAction\",\"target\":{\"@type\":\"EntryPoint\",\"urlTemplate\":\"https:\/\/kayakingcostabrava.com\/?s={search_term_string}\"},\"query-input\":{\"@type\":\"PropertyValueSpecification\",\"valueRequired\":true,\"valueName\":\"search_term_string\"}}],\"inLanguage\":\"es\"}]}<\/script>\n<!-- \/ Yoast SEO plugin. -->","yoast_head_json":{"title":"Cursos - Kayaking Costa Brava","robots":{"index":"index","follow":"follow","max-snippet":"max-snippet:-1","max-image-preview":"max-image-preview:large","max-video-preview":"max-video-preview:-1"},"canonical":"https:\/\/kayakingcostabrava.com\/es\/actividades\/cursos\/","og_locale":"es_ES","og_type":"article","og_title":"Cursos - Kayaking Costa Brava","og_description":"Si quieres aprender a navegar por tu cuenta y a enfrentarte con \u00e9xito a las cambiantes condiciones del mar, en Kayaking Costa Brava te ense\u00f1amos las t\u00e9cnicas necesarias. Estos cursos se pueden hacer en grupo o individualmente, aunque el aprendizaje es m\u00e1s eficaz si se hacen clases individuales o en grupos reducidos. El curso de [&hellip;]","og_url":"https:\/\/kayakingcostabrava.com\/es\/actividades\/cursos\/","og_site_name":"Kayaking Costa Brava","article_publisher":"https:\/\/www.facebook.com\/kayakingcostabrava\/","article_modified_time":"2023-06-27T08:17:54+00:00","twitter_card":"summary_large_image","twitter_misc":{"Tiempo de lectura":"2 minutos"},"schema":{"@context":"https:\/\/schema.org","@graph":[{"@type":"WebPage","@id":"https:\/\/kayakingcostabrava.com\/es\/actividades\/cursos\/","url":"https:\/\/kayakingcostabrava.com\/es\/actividades\/cursos\/","name":"Cursos - Kayaking Costa Brava","isPartOf":{"@id":"https:\/\/kayakingcostabrava.com\/#website"},"datePublished":"2018-12-18T10:59:01+00:00","dateModified":"2023-06-27T08:17:54+00:00","breadcrumb":{"@id":"https:\/\/kayakingcostabrava.com\/es\/actividades\/cursos\/#breadcrumb"},"inLanguage":"es","potentialAction":[{"@type":"ReadAction","target":["https:\/\/kayakingcostabrava.com\/es\/actividades\/cursos\/"]}]},{"@type":"BreadcrumbList","@id":"https:\/\/kayakingcostabrava.com\/es\/actividades\/cursos\/#breadcrumb","itemListElement":[{"@type":"ListItem","position":1,"name":"Inici","item":"https:\/\/kayakingcostabrava.com\/es\/"},{"@type":"ListItem","position":2,"name":"Actividades","item":"https:\/\/kayakingcostabrava.com\/es\/actividades\/"},{"@type":"ListItem","position":3,"name":"Cursos"}]},{"@type":"WebSite","@id":"https:\/\/kayakingcostabrava.com\/#website","url":"https:\/\/kayakingcostabrava.com\/","name":"Kayaking Costa Brava","description":"Lloguer de caiacs, excursions, cursos, tenda online.","potentialAction":[{"@type":"SearchAction","target":{"@type":"EntryPoint","urlTemplate":"https:\/\/kayakingcostabrava.com\/?s={search_term_string}"},"query-input":{"@type":"PropertyValueSpecification","valueRequired":true,"valueName":"search_term_string"}}],"inLanguage":"es"}]}},"_links":{"self":[{"href":"https:\/\/kayakingcostabrava.com\/es\/wp-json\/wp\/v2\/pages\/5187","targetHints":{"allow":["GET"]}}],"collection":[{"href":"https:\/\/kayakingcostabrava.com\/es\/wp-json\/wp\/v2\/pages"}],"about":[{"href":"https:\/\/kayakingcostabrava.com\/es\/wp-json\/wp\/v2\/types\/page"}],"author":[{"embeddable":true,"href":"https:\/\/kayakingcostabrava.com\/es\/wp-json\/wp\/v2\/users\/3"}],"replies":[{"embeddable":true,"href":"https:\/\/kayakingcostabrava.com\/es\/wp-json\/wp\/v2\/comments?post=5187"}],"version-history":[{"count":2,"href":"https:\/\/kayakingcostabrava.com\/es\/wp-json\/wp\/v2\/pages\/5187\/revisions"}],"predecessor-version":[{"id":10084,"href":"https:\/\/kayakingcostabrava.com\/es\/wp-json\/wp\/v2\/pages\/5187\/revisions\/10084"}],"up":[{"embeddable":true,"href":"https:\/\/kayakingcostabrava.com\/es\/wp-json\/wp\/v2\/pages\/3939"}],"wp:attachment":[{"href":"https:\/\/kayakingcostabrava.com\/es\/wp-json\/wp\/v2\/media?parent=5187"}],"curies":[{"name":"wp","href":"https:\/\/api.w.org\/{rel}","templated":true}]}}