{"id":5185,"date":"2018-12-18T10:57:47","date_gmt":"2018-12-18T10:57:47","guid":{"rendered":"https:\/\/www.kayakingcostabrava.com\/?page_id=5185"},"modified":"2019-02-11T12:40:51","modified_gmt":"2019-02-11T12:40:51","slug":"programa-educativo","status":"publish","type":"page","link":"https:\/\/kayakingcostabrava.com\/es\/actividades\/programa-educativo\/","title":{"rendered":"Programa educativo"},"content":{"rendered":"<p>[et_pb_section bb_built=\u00bb1&#8243; fullwidth=\u00bbon\u00bb specialty=\u00bboff\u00bb transparent_background=\u00bboff\u00bb allow_player_pause=\u00bboff\u00bb inner_shadow=\u00bboff\u00bb parallax=\u00bboff\u00bb parallax_method=\u00bboff\u00bb padding_mobile=\u00bboff\u00bb make_fullwidth=\u00bboff\u00bb use_custom_width=\u00bboff\u00bb width_unit=\u00bbon\u00bb make_equal=\u00bboff\u00bb use_custom_gutter=\u00bboff\u00bb module_class=\u00bbheader_page\u00bb custom_padding_tablet=\u00bb50px|0|50px|0&#8243; custom_padding_last_edited=\u00bbon|desktop\u00bb next_background_color=\u00bb#69cbc6&#8243; prev_background_color=\u00bb#000000&#8243;][et_pb_fullwidth_header background_layout=\u00bblight\u00bb text_orientation=\u00bbleft\u00bb header_fullscreen=\u00bboff\u00bb header_scroll_down=\u00bboff\u00bb parallax=\u00bboff\u00bb parallax_method=\u00bboff\u00bb content_orientation=\u00bbcenter\u00bb image_orientation=\u00bbcenter\u00bb custom_button_one=\u00bboff\u00bb button_one_letter_spacing=\u00bb0&#8243; button_one_use_icon=\u00bbdefault\u00bb button_one_icon_placement=\u00bbright\u00bb button_one_on_hover=\u00bbon\u00bb button_one_letter_spacing_hover=\u00bb0&#8243; custom_button_two=\u00bboff\u00bb button_two_letter_spacing=\u00bb0&#8243; button_two_use_icon=\u00bbdefault\u00bb button_two_icon_placement=\u00bbright\u00bb button_two_on_hover=\u00bbon\u00bb button_two_letter_spacing_hover=\u00bb0&#8243; subhead=\u00bbActividades\u00bb title=\u00bbPrograma educativo\u00bb content_max_width=\u00bb100%\u00bb background_color=\u00bbrgba(255, 255, 255, 0)\u00bb \/][\/et_pb_section][et_pb_section bb_built=\u00bb1&#8243; admin_label=\u00bbsection\u00bb transparent_background=\u00bboff\u00bb background_color=\u00bb#69cbc6&#8243; allow_player_pause=\u00bboff\u00bb inner_shadow=\u00bboff\u00bb parallax=\u00bboff\u00bb parallax_method=\u00bboff\u00bb padding_mobile=\u00bboff\u00bb make_fullwidth=\u00bboff\u00bb use_custom_width=\u00bboff\u00bb width_unit=\u00bbon\u00bb make_equal=\u00bboff\u00bb use_custom_gutter=\u00bboff\u00bb module_class=\u00bbsub_header_01&#8243; custom_padding=\u00bb0px||0px|\u00bb custom_padding_tablet=\u00bb50px|0|50px|0&#8243; custom_padding_last_edited=\u00bbon|desktop\u00bb prev_background_color=\u00bb#ffffff\u00bb next_background_color=\u00bb#fffcdb\u00bb][et_pb_row admin_label=\u00bbrow\u00bb make_fullwidth=\u00bboff\u00bb use_custom_width=\u00bboff\u00bb width_unit=\u00bbon\u00bb use_custom_gutter=\u00bboff\u00bb padding_mobile=\u00bboff\u00bb allow_player_pause=\u00bboff\u00bb parallax=\u00bboff\u00bb parallax_method=\u00bboff\u00bb make_equal=\u00bboff\u00bb parallax_1=\u00bboff\u00bb parallax_method_1=\u00bboff\u00bb parallax_2=\u00bboff\u00bb parallax_method_2=\u00bboff\u00bb column_padding_mobile=\u00bbon\u00bb background_position=\u00bbtop_left\u00bb background_repeat=\u00bbrepeat\u00bb background_size=\u00bbinitial\u00bb][et_pb_column type=\u00bb4_4&#8243;][et_pb_text admin_label=\u00bbTexto introducci\u00f3n\u00bb use_border_color=\u00bboff\u00bb custom_margin=\u00bb0px|||\u00bb background_position=\u00bbtop_left\u00bb background_repeat=\u00bbrepeat\u00bb background_size=\u00bbinitial\u00bb _builder_version=\u00bb3.6&#8243;]<\/p>\n<p>Descubre el programa que m\u00e1s se ajuste a tus necesidades, todos juntos palearemos, jugaremos, descubriremos, &#8230; disfrutaremos de un taller en el mar!<\/p>\n<p>[\/et_pb_text][\/et_pb_column][\/et_pb_row][\/et_pb_section][et_pb_section bb_built=\u00bb1&#8243; fullwidth=\u00bboff\u00bb specialty=\u00bboff\u00bb transparent_background=\u00bboff\u00bb background_color=\u00bb#fffcdb\u00bb allow_player_pause=\u00bboff\u00bb inner_shadow=\u00bboff\u00bb parallax=\u00bboff\u00bb parallax_method=\u00bboff\u00bb padding_mobile=\u00bboff\u00bb make_fullwidth=\u00bboff\u00bb use_custom_width=\u00bboff\u00bb width_unit=\u00bbon\u00bb make_equal=\u00bboff\u00bb use_custom_gutter=\u00bboff\u00bb module_class=\u00bbbox_activity_02&#8243; custom_padding_tablet=\u00bb50px|0|50px|0&#8243; custom_padding_last_edited=\u00bbon|desktop\u00bb prev_background_color=\u00bb#69cbc6&#8243;][et_pb_row background_position=\u00bbtop_left\u00bb background_repeat=\u00bbrepeat\u00bb background_size=\u00bbinitial\u00bb][et_pb_column type=\u00bb1_2&#8243;][et_pb_blurb admin_label=\u00bbCaiac de mar b\u00e0sic\u00bb animation=\u00bboff\u00bb text_orientation=\u00bbcenter\u00bb use_border_color=\u00bboff\u00bb image=\u00bbhttps:\/\/www.kayakingcostabrava.com\/wp-content\/uploads\/2016\/04\/Edu1_277X277.jpg\u00bb alt=\u00bbKayak de mar b\u00e1sico\u00bb title=\u00bbKayak de mar b\u00e1sico\u00bb url=\u00bbhttps:\/\/www.kayakingcostabrava.com\/es\/actividades\/programa-educativo\/kayak-de-mar-basico\/\u00bb background_position=\u00bbtop_left\u00bb background_repeat=\u00bbrepeat\u00bb background_size=\u00bbinitial\u00bb _builder_version=\u00bb3.6&#8243; max_width_tablet=\u00bb50px\u00bb]<\/p>\n<p>Actividad guiada con el objetivo de realizar un primer contacto con el deporte del kayak de mar mientras nos divertimos y descubrimos el medio que nos rodea<\/p>\n<a href='https:\/\/www.kayakingcostabrava.com\/es\/actividades\/programa-educativo\/kayak-de-mar-basico\/' class='small-button smallblue'>m\u00e1s informaci\u00f3n<\/a>\n<p>[\/et_pb_blurb][\/et_pb_column][et_pb_column type=\u00bb1_2&#8243;][et_pb_blurb admin_label=\u00bbDescoberta del Parc Natural de Cap de Creus\u00bb animation=\u00bboff\u00bb text_orientation=\u00bbcenter\u00bb use_border_color=\u00bboff\u00bb image=\u00bbhttps:\/\/www.kayakingcostabrava.com\/wp-content\/uploads\/2016\/04\/Edu2_mini.jpg\u00bb alt=\u00bbDescubierta del Parque Natural de Cap de Creus\u00bb title=\u00bbDescubierta del entorno natural\u00bb url=\u00bbhttps:\/\/www.kayakingcostabrava.com\/es\/actividades\/programa-educativo\/descubierta-del-entorno-natural\/\u00bb background_position=\u00bbtop_left\u00bb background_repeat=\u00bbrepeat\u00bb background_size=\u00bbinitial\u00bb _builder_version=\u00bb3.6&#8243; max_width_tablet=\u00bb50px\u00bb]<\/p>\n<p>Descubrimiento del Parque Natural del Cap de Creus. A trav\u00e9s de la actividad deportiva del kayak de mar, podremos conocer la fauna, la flora y la geolog\u00eda del litoral del parque; tambi\u00e9n conoceremos el material necesario y las maniobras b\u00e1sicas de la actividad del kayak.<\/p>\n<a href='https:\/\/www.kayakingcostabrava.com\/es\/actividades\/programa-educativo\/descubierta-del-entorno-natural\/' class='small-button smallblue'>m\u00e1s informaci\u00f3n<\/a>\n<p>[\/et_pb_blurb][\/et_pb_column][\/et_pb_row][et_pb_row background_position=\u00bbtop_left\u00bb background_repeat=\u00bbrepeat\u00bb background_size=\u00bbinitial\u00bb][et_pb_column type=\u00bb1_2&#8243;][et_pb_blurb admin_label=\u00bbCaiac de mar t\u00e8cnic\u00bb animation=\u00bboff\u00bb text_orientation=\u00bbcenter\u00bb use_border_color=\u00bboff\u00bb image=\u00bbhttps:\/\/www.kayakingcostabrava.com\/wp-content\/uploads\/2016\/04\/Edu3_mini.jpg\u00bb alt=\u00bbKayak de mar t\u00e9cnico\u00bb title=\u00bbKayak de mar t\u00e9cnico\u00bb url=\u00bbhttps:\/\/www.kayakingcostabrava.com\/es\/actividades\/programa-educativo\/kayak-de-mar-tecnico\/\u00bb background_position=\u00bbtop_left\u00bb background_repeat=\u00bbrepeat\u00bb background_size=\u00bbinitial\u00bb _builder_version=\u00bb3.6&#8243; max_width_tablet=\u00bb50px\u00bb]<\/p>\n<p>Actividad deportiva con kayak de traves\u00eda individual con el objetivo de que aprender sobre el material necesario para la actividad, las t\u00e9cnicas de control y maniobra y de seguridad y rescate, poniendo todo ello en pr\u00e1ctica en un entorno natural de gran inter\u00e9s .<\/p>\n<a href='https:\/\/www.kayakingcostabrava.com\/es\/actividades\/programa-educativo\/kayak-de-mar-tecnico\/' class='small-button smallblue'>m\u00e1s informaci\u00f3n<\/a>\n<p>[\/et_pb_blurb][\/et_pb_column][et_pb_column type=\u00bb1_2&#8243;][et_pb_blurb admin_label=\u00bbCaiac de mar t\u00e8cnic avan\u00e7at\u00bb animation=\u00bboff\u00bb text_orientation=\u00bbcenter\u00bb use_border_color=\u00bboff\u00bb image=\u00bbhttps:\/\/www.kayakingcostabrava.com\/wp-content\/uploads\/2016\/04\/header_caiac_mar_tecnic_avancat.png\u00bb alt=\u00bbKayak de mar t\u00e9cnico avanzado\u00bb title=\u00bbKayak de mar t\u00e9cnico avanzado\u00bb url=\u00bbhttps:\/\/www.kayakingcostabrava.com\/es\/actividades\/programa-educativo\/kayak-de-mar-tecnico-avanzado\/\u00bb background_position=\u00bbtop_left\u00bb background_repeat=\u00bbrepeat\u00bb background_size=\u00bbinitial\u00bb _builder_version=\u00bb3.6&#8243; max_width_tablet=\u00bb50px\u00bb]<\/p>\n<p>Actividad deportiva con kayak de traves\u00eda individual con el objetivo de conocer el material necesario para la actividad, conocer, a nivel avanzado, las t\u00e9cnicas de control y maniobras del kayak, as\u00ed como las de seguridad y rescate, adquirir conocimientos de navegaci\u00f3n, control de grupos y evaluaci\u00f3n de riesgos y poner en pr\u00e1ctica estos conocimientos.<\/p>\n<a href='https:\/\/www.kayakingcostabrava.com\/es\/actividades\/programa-educativo\/kayak-de-mar-tecnico-avanzado\/' class='small-button smallblue'>m\u00e1s informaci\u00f3n<\/a>\n<p>[\/et_pb_blurb][\/et_pb_column][\/et_pb_row][\/et_pb_section]<\/p>\n","protected":false},"excerpt":{"rendered":"<p>Descubre el programa que m\u00e1s se ajuste a tus necesidades, todos juntos palearemos, jugaremos, descubriremos, &#8230; disfrutaremos de un taller en el mar! Actividad guiada con el objetivo de realizar un primer contacto con el deporte del kayak de mar mientras nos divertimos y descubrimos el medio que nos rodea <a href='https:\/\/www.kayakingcostabrava.com\/es\/actividades\/programa-educativo\/kayak-de-mar-basico\/' class='small-button smallblue'>m\u00e1s informaci\u00f3n<\/a> Descubrimiento [&hellip;]<\/p>\n","protected":false},"author":3,"featured_media":0,"parent":3939,"menu_order":0,"comment_status":"closed","ping_status":"closed","template":"","meta":{"_et_pb_use_builder":"on","_et_pb_old_content":"","_et_gb_content_width":"","inline_featured_image":false,"footnotes":""},"class_list":["post-5185","page","type-page","status-publish","hentry"],"yoast_head":"<!-- This site is optimized with the Yoast SEO plugin v27.1.1 - https:\/\/yoast.com\/product\/yoast-seo-wordpress\/ -->\n<title>Programa educativo - Kayaking Costa Brava<\/title>\n<meta name=\"robots\" content=\"index, follow, max-snippet:-1, max-image-preview:large, max-video-preview:-1\" \/>\n<link rel=\"canonical\" href=\"https:\/\/kayakingcostabrava.com\/es\/actividades\/programa-educativo\/\" \/>\n<meta property=\"og:locale\" content=\"es_ES\" \/>\n<meta property=\"og:type\" content=\"article\" \/>\n<meta property=\"og:title\" content=\"Programa educativo - Kayaking Costa Brava\" \/>\n<meta property=\"og:description\" content=\"Descubre el programa que m\u00e1s se ajuste a tus necesidades, todos juntos palearemos, jugaremos, descubriremos, ... disfrutaremos de un taller en el mar! Actividad guiada con el objetivo de realizar un primer contacto con el deporte del kayak de mar mientras nos divertimos y descubrimos el medio que nos rodea Descubrimiento [&hellip;]\" \/>\n<meta property=\"og:url\" content=\"https:\/\/kayakingcostabrava.com\/es\/actividades\/programa-educativo\/\" \/>\n<meta property=\"og:site_name\" content=\"Kayaking Costa Brava\" \/>\n<meta property=\"article:publisher\" content=\"https:\/\/www.facebook.com\/kayakingcostabrava\/\" \/>\n<meta property=\"article:modified_time\" content=\"2019-02-11T12:40:51+00:00\" \/>\n<meta name=\"twitter:card\" content=\"summary_large_image\" \/>\n<meta name=\"twitter:label1\" content=\"Tiempo de lectura\" \/>\n\t<meta name=\"twitter:data1\" content=\"5 minutos\" \/>\n<script type=\"application\/ld+json\" class=\"yoast-schema-graph\">{\"@context\":\"https:\/\/schema.org\",\"@graph\":[{\"@type\":\"WebPage\",\"@id\":\"https:\/\/kayakingcostabrava.com\/es\/actividades\/programa-educativo\/\",\"url\":\"https:\/\/kayakingcostabrava.com\/es\/actividades\/programa-educativo\/\",\"name\":\"Programa educativo - Kayaking Costa Brava\",\"isPartOf\":{\"@id\":\"https:\/\/kayakingcostabrava.com\/#website\"},\"datePublished\":\"2018-12-18T10:57:47+00:00\",\"dateModified\":\"2019-02-11T12:40:51+00:00\",\"breadcrumb\":{\"@id\":\"https:\/\/kayakingcostabrava.com\/es\/actividades\/programa-educativo\/#breadcrumb\"},\"inLanguage\":\"es\",\"potentialAction\":[{\"@type\":\"ReadAction\",\"target\":[\"https:\/\/kayakingcostabrava.com\/es\/actividades\/programa-educativo\/\"]}]},{\"@type\":\"BreadcrumbList\",\"@id\":\"https:\/\/kayakingcostabrava.com\/es\/actividades\/programa-educativo\/#breadcrumb\",\"itemListElement\":[{\"@type\":\"ListItem\",\"position\":1,\"name\":\"Inici\",\"item\":\"https:\/\/kayakingcostabrava.com\/es\/\"},{\"@type\":\"ListItem\",\"position\":2,\"name\":\"Actividades\",\"item\":\"https:\/\/kayakingcostabrava.com\/es\/actividades\/\"},{\"@type\":\"ListItem\",\"position\":3,\"name\":\"Programa educativo\"}]},{\"@type\":\"WebSite\",\"@id\":\"https:\/\/kayakingcostabrava.com\/#website\",\"url\":\"https:\/\/kayakingcostabrava.com\/\",\"name\":\"Kayaking Costa Brava\",\"description\":\"Lloguer de caiacs, excursions, cursos, tenda online.\",\"potentialAction\":[{\"@type\":\"SearchAction\",\"target\":{\"@type\":\"EntryPoint\",\"urlTemplate\":\"https:\/\/kayakingcostabrava.com\/?s={search_term_string}\"},\"query-input\":{\"@type\":\"PropertyValueSpecification\",\"valueRequired\":true,\"valueName\":\"search_term_string\"}}],\"inLanguage\":\"es\"}]}<\/script>\n<!-- \/ Yoast SEO plugin. -->","yoast_head_json":{"title":"Programa educativo - Kayaking Costa Brava","robots":{"index":"index","follow":"follow","max-snippet":"max-snippet:-1","max-image-preview":"max-image-preview:large","max-video-preview":"max-video-preview:-1"},"canonical":"https:\/\/kayakingcostabrava.com\/es\/actividades\/programa-educativo\/","og_locale":"es_ES","og_type":"article","og_title":"Programa educativo - Kayaking Costa Brava","og_description":"Descubre el programa que m\u00e1s se ajuste a tus necesidades, todos juntos palearemos, jugaremos, descubriremos, ... disfrutaremos de un taller en el mar! Actividad guiada con el objetivo de realizar un primer contacto con el deporte del kayak de mar mientras nos divertimos y descubrimos el medio que nos rodea Descubrimiento [&hellip;]","og_url":"https:\/\/kayakingcostabrava.com\/es\/actividades\/programa-educativo\/","og_site_name":"Kayaking Costa Brava","article_publisher":"https:\/\/www.facebook.com\/kayakingcostabrava\/","article_modified_time":"2019-02-11T12:40:51+00:00","twitter_card":"summary_large_image","twitter_misc":{"Tiempo de lectura":"5 minutos"},"schema":{"@context":"https:\/\/schema.org","@graph":[{"@type":"WebPage","@id":"https:\/\/kayakingcostabrava.com\/es\/actividades\/programa-educativo\/","url":"https:\/\/kayakingcostabrava.com\/es\/actividades\/programa-educativo\/","name":"Programa educativo - Kayaking Costa Brava","isPartOf":{"@id":"https:\/\/kayakingcostabrava.com\/#website"},"datePublished":"2018-12-18T10:57:47+00:00","dateModified":"2019-02-11T12:40:51+00:00","breadcrumb":{"@id":"https:\/\/kayakingcostabrava.com\/es\/actividades\/programa-educativo\/#breadcrumb"},"inLanguage":"es","potentialAction":[{"@type":"ReadAction","target":["https:\/\/kayakingcostabrava.com\/es\/actividades\/programa-educativo\/"]}]},{"@type":"BreadcrumbList","@id":"https:\/\/kayakingcostabrava.com\/es\/actividades\/programa-educativo\/#breadcrumb","itemListElement":[{"@type":"ListItem","position":1,"name":"Inici","item":"https:\/\/kayakingcostabrava.com\/es\/"},{"@type":"ListItem","position":2,"name":"Actividades","item":"https:\/\/kayakingcostabrava.com\/es\/actividades\/"},{"@type":"ListItem","position":3,"name":"Programa educativo"}]},{"@type":"WebSite","@id":"https:\/\/kayakingcostabrava.com\/#website","url":"https:\/\/kayakingcostabrava.com\/","name":"Kayaking Costa Brava","description":"Lloguer de caiacs, excursions, cursos, tenda online.","potentialAction":[{"@type":"SearchAction","target":{"@type":"EntryPoint","urlTemplate":"https:\/\/kayakingcostabrava.com\/?s={search_term_string}"},"query-input":{"@type":"PropertyValueSpecification","valueRequired":true,"valueName":"search_term_string"}}],"inLanguage":"es"}]}},"_links":{"self":[{"href":"https:\/\/kayakingcostabrava.com\/es\/wp-json\/wp\/v2\/pages\/5185","targetHints":{"allow":["GET"]}}],"collection":[{"href":"https:\/\/kayakingcostabrava.com\/es\/wp-json\/wp\/v2\/pages"}],"about":[{"href":"https:\/\/kayakingcostabrava.com\/es\/wp-json\/wp\/v2\/types\/page"}],"author":[{"embeddable":true,"href":"https:\/\/kayakingcostabrava.com\/es\/wp-json\/wp\/v2\/users\/3"}],"replies":[{"embeddable":true,"href":"https:\/\/kayakingcostabrava.com\/es\/wp-json\/wp\/v2\/comments?post=5185"}],"version-history":[{"count":0,"href":"https:\/\/kayakingcostabrava.com\/es\/wp-json\/wp\/v2\/pages\/5185\/revisions"}],"up":[{"embeddable":true,"href":"https:\/\/kayakingcostabrava.com\/es\/wp-json\/wp\/v2\/pages\/3939"}],"wp:attachment":[{"href":"https:\/\/kayakingcostabrava.com\/es\/wp-json\/wp\/v2\/media?parent=5185"}],"curies":[{"name":"wp","href":"https:\/\/api.w.org\/{rel}","templated":true}]}}