{"id":5173,"date":"2018-12-18T10:50:34","date_gmt":"2018-12-18T10:50:34","guid":{"rendered":"https:\/\/www.kayakingcostabrava.com\/?page_id=5173"},"modified":"2019-05-17T11:38:01","modified_gmt":"2019-05-17T11:38:01","slug":"ofertas-y-packs","status":"publish","type":"page","link":"https:\/\/kayakingcostabrava.com\/es\/actividades\/ofertas-y-packs\/","title":{"rendered":"Ofertas y packs"},"content":{"rendered":"<p>[et_pb_section bb_built=\u00bb1&#8243; fullwidth=\u00bbon\u00bb specialty=\u00bboff\u00bb transparent_background=\u00bboff\u00bb allow_player_pause=\u00bboff\u00bb inner_shadow=\u00bboff\u00bb parallax=\u00bboff\u00bb parallax_method=\u00bboff\u00bb padding_mobile=\u00bboff\u00bb make_fullwidth=\u00bboff\u00bb use_custom_width=\u00bboff\u00bb width_unit=\u00bbon\u00bb make_equal=\u00bboff\u00bb use_custom_gutter=\u00bboff\u00bb module_class=\u00bbheader_page\u00bb custom_padding_tablet=\u00bb50px|0|50px|0&#8243; custom_padding_last_edited=\u00bbon|desktop\u00bb next_background_color=\u00bb#69cbc6&#8243; prev_background_color=\u00bb#000000&#8243;][et_pb_fullwidth_header admin_label=\u00bbT\u00edtulo cabecera\u00bb title=\u00bbOfertas y packs\u00bb background_layout=\u00bblight\u00bb text_orientation=\u00bbleft\u00bb header_fullscreen=\u00bboff\u00bb header_scroll_down=\u00bboff\u00bb parallax=\u00bboff\u00bb parallax_method=\u00bboff\u00bb content_orientation=\u00bbcenter\u00bb image_orientation=\u00bbcenter\u00bb custom_button_one=\u00bboff\u00bb button_one_letter_spacing=\u00bb0&#8243; button_one_use_icon=\u00bbdefault\u00bb button_one_icon_placement=\u00bbright\u00bb button_one_on_hover=\u00bbon\u00bb button_one_letter_spacing_hover=\u00bb0&#8243; custom_button_two=\u00bboff\u00bb button_two_letter_spacing=\u00bb0&#8243; button_two_use_icon=\u00bbdefault\u00bb button_two_icon_placement=\u00bbright\u00bb button_two_on_hover=\u00bbon\u00bb button_two_letter_spacing_hover=\u00bb0&#8243; subhead=\u00bbActividades\u00bb content_max_width=\u00bb100%\u00bb background_color=\u00bbrgba(255, 255, 255, 0)\u00bb button_one_text_size__hover_enabled=\u00bboff\u00bb button_one_text_size__hover=\u00bbnull\u00bb button_two_text_size__hover_enabled=\u00bboff\u00bb button_two_text_size__hover=\u00bbnull\u00bb button_one_text_color__hover_enabled=\u00bboff\u00bb button_one_text_color__hover=\u00bbnull\u00bb button_two_text_color__hover_enabled=\u00bboff\u00bb button_two_text_color__hover=\u00bbnull\u00bb button_one_border_width__hover_enabled=\u00bboff\u00bb button_one_border_width__hover=\u00bbnull\u00bb button_two_border_width__hover_enabled=\u00bboff\u00bb button_two_border_width__hover=\u00bbnull\u00bb button_one_border_color__hover_enabled=\u00bboff\u00bb button_one_border_color__hover=\u00bbnull\u00bb button_two_border_color__hover_enabled=\u00bboff\u00bb button_two_border_color__hover=\u00bbnull\u00bb button_one_border_radius__hover_enabled=\u00bboff\u00bb button_one_border_radius__hover=\u00bbnull\u00bb button_two_border_radius__hover_enabled=\u00bboff\u00bb button_two_border_radius__hover=\u00bbnull\u00bb button_one_letter_spacing__hover_enabled=\u00bbon\u00bb button_one_letter_spacing__hover=\u00bb0&#8243; button_two_letter_spacing__hover_enabled=\u00bbon\u00bb button_two_letter_spacing__hover=\u00bb0&#8243; button_one_bg_color__hover_enabled=\u00bboff\u00bb button_one_bg_color__hover=\u00bbnull\u00bb button_two_bg_color__hover_enabled=\u00bboff\u00bb button_two_bg_color__hover=\u00bbnull\u00bb \/][\/et_pb_section][et_pb_section bb_built=\u00bb1&#8243; admin_label=\u00bbsection\u00bb transparent_background=\u00bboff\u00bb background_color=\u00bb#69cbc6&#8243; allow_player_pause=\u00bboff\u00bb inner_shadow=\u00bboff\u00bb parallax=\u00bboff\u00bb parallax_method=\u00bboff\u00bb padding_mobile=\u00bboff\u00bb make_fullwidth=\u00bboff\u00bb use_custom_width=\u00bboff\u00bb width_unit=\u00bbon\u00bb make_equal=\u00bboff\u00bb use_custom_gutter=\u00bboff\u00bb module_class=\u00bbsub_header_01&#8243; custom_padding_tablet=\u00bb50px|0|50px|0&#8243; custom_padding_last_edited=\u00bbon|desktop\u00bb prev_background_color=\u00bb#ffffff\u00bb next_background_color=\u00bb#fffcdb\u00bb][et_pb_row admin_label=\u00bbrow\u00bb background_position=\u00bbtop_left\u00bb background_repeat=\u00bbrepeat\u00bb background_size=\u00bbinitial\u00bb][et_pb_column type=\u00bb4_4&#8243;][et_pb_text admin_label=\u00bbIntroducci\u00f3n\u00bb background_layout=\u00bblight\u00bb text_orientation=\u00bbleft\u00bb use_border_color=\u00bboff\u00bb border_color=\u00bb#ffffff\u00bb border_style=\u00bbsolid\u00bb background_position=\u00bbtop_left\u00bb background_repeat=\u00bbrepeat\u00bb background_size=\u00bbinitial\u00bb]<\/p>\n<p>Inf\u00f3rmate y benefic\u00edate de los descuentos y promociones que te ofrecemos<\/p>\n<p>[\/et_pb_text][\/et_pb_column][\/et_pb_row][\/et_pb_section][et_pb_section bb_built=\u00bb1&#8243; fullwidth=\u00bboff\u00bb specialty=\u00bboff\u00bb transparent_background=\u00bboff\u00bb background_color=\u00bb#fffcdb\u00bb allow_player_pause=\u00bboff\u00bb inner_shadow=\u00bboff\u00bb parallax=\u00bboff\u00bb parallax_method=\u00bboff\u00bb padding_mobile=\u00bboff\u00bb make_fullwidth=\u00bboff\u00bb use_custom_width=\u00bboff\u00bb width_unit=\u00bbon\u00bb make_equal=\u00bboff\u00bb use_custom_gutter=\u00bboff\u00bb module_class=\u00bbbox_ficha\u00bb custom_padding_tablet=\u00bb50px|0|50px|0&#8243; custom_padding_last_edited=\u00bbon|desktop\u00bb prev_background_color=\u00bb#69cbc6&#8243;][et_pb_row background_position=\u00bbtop_left\u00bb background_repeat=\u00bbrepeat\u00bb background_size=\u00bbinitial\u00bb][et_pb_column type=\u00bb3_4&#8243;][et_pb_image _builder_version=\u00bb3.6&#8243; src=\u00bbhttps:\/\/www.kayakingcostabrava.com\/wp-content\/uploads\/2016\/04\/header_pack.jpg\u00bb \/][et_pb_text background_layout=\u00bblight\u00bb text_orientation=\u00bbleft\u00bb use_border_color=\u00bboff\u00bb border_color=\u00bb#ffffff\u00bb border_style=\u00bbsolid\u00bb custom_margin=\u00bb64px|||\u00bb background_position=\u00bbtop_left\u00bb background_repeat=\u00bbrepeat\u00bb background_size=\u00bbinitial\u00bb]<\/p>\n<h4>Descuento y promociones para grupos<\/h4>\n<ul>\n<li><strong>Grupos numerosos:<\/strong> Si eres un grupo de 10 personas o m\u00e1s disfruta de un descuento del 10% en cualquier excursi\u00f3n guiada.<\/li>\n<li><strong>Socios del \u00abCentre Excursionista de Catalunya\u00bb:<\/strong> Los socios del CEC disfrutan de un descuento del <strong>15%<\/strong> en cualquier excursi\u00f3n guiada.<\/li>\n<li><strong>Forfait excursiones<\/strong>: Al finalizar cualquier excursi\u00f3n guiada os pondremos un sello en vuestro forfait de excursiones que os daremos la primera vez que veng\u00e1is. Cuando teng\u00e1is tres sellos en el forfait, os beneficiareis de una cuarta excursi\u00f3n gratuita.<\/li>\n<\/ul>\n<p>Descuentos no acumulables.<\/p>\n<p>[\/et_pb_text][\/et_pb_column][et_pb_column type=\u00bb1_4&#8243;][et_pb_text admin_label=\u00bbreserva tel\u00e9fono\u00bb use_border_color=\u00bboff\u00bb module_class=\u00bbbox_sidebar_tfno\u00bb background_position=\u00bbtop_left\u00bb background_repeat=\u00bbrepeat\u00bb background_size=\u00bbinitial\u00bb _builder_version=\u00bb3.6&#8243; saved_tabs=\u00bball\u00bb global_module=\u00bb5106&#8243; button_text_size__hover_enabled=\u00bboff\u00bb button_text_size__hover=\u00bbnull\u00bb button_one_text_size__hover_enabled=\u00bboff\u00bb button_one_text_size__hover=\u00bbnull\u00bb button_two_text_size__hover_enabled=\u00bboff\u00bb button_two_text_size__hover=\u00bbnull\u00bb button_text_color__hover_enabled=\u00bboff\u00bb button_text_color__hover=\u00bbnull\u00bb button_one_text_color__hover_enabled=\u00bboff\u00bb button_one_text_color__hover=\u00bbnull\u00bb button_two_text_color__hover_enabled=\u00bboff\u00bb button_two_text_color__hover=\u00bbnull\u00bb button_border_width__hover_enabled=\u00bboff\u00bb button_border_width__hover=\u00bbnull\u00bb button_one_border_width__hover_enabled=\u00bboff\u00bb button_one_border_width__hover=\u00bbnull\u00bb button_two_border_width__hover_enabled=\u00bboff\u00bb button_two_border_width__hover=\u00bbnull\u00bb button_border_color__hover_enabled=\u00bboff\u00bb button_border_color__hover=\u00bbnull\u00bb button_one_border_color__hover_enabled=\u00bboff\u00bb button_one_border_color__hover=\u00bbnull\u00bb button_two_border_color__hover_enabled=\u00bboff\u00bb button_two_border_color__hover=\u00bbnull\u00bb button_border_radius__hover_enabled=\u00bboff\u00bb button_border_radius__hover=\u00bbnull\u00bb button_one_border_radius__hover_enabled=\u00bboff\u00bb button_one_border_radius__hover=\u00bbnull\u00bb button_two_border_radius__hover_enabled=\u00bboff\u00bb button_two_border_radius__hover=\u00bbnull\u00bb button_letter_spacing__hover_enabled=\u00bboff\u00bb button_letter_spacing__hover=\u00bbnull\u00bb button_one_letter_spacing__hover_enabled=\u00bboff\u00bb button_one_letter_spacing__hover=\u00bbnull\u00bb button_two_letter_spacing__hover_enabled=\u00bboff\u00bb button_two_letter_spacing__hover=\u00bbnull\u00bb button_bg_color__hover_enabled=\u00bboff\u00bb button_bg_color__hover=\u00bbnull\u00bb button_one_bg_color__hover_enabled=\u00bboff\u00bb button_one_bg_color__hover=\u00bbnull\u00bb button_two_bg_color__hover_enabled=\u00bboff\u00bb button_two_bg_color__hover=\u00bbnull\u00bb]<\/p>\n<p>Si quieres reservar esta excursi\u00f3n ll\u00e1manos:<\/p>\n<p><a href=\"tel:+34972773806\">+34 972 773 806<\/a><\/p>\n<p>[\/et_pb_text][et_pb_button admin_label=\u00bbBot\u00f3n escr\u00edbenos\u00bb button_url=\u00bbhttps:\/\/www.kayakingcostabrava.com\/es\/contacto\/\u00bb button_text=\u00bbo escr\u00edbenos\u00bb button_alignment=\u00bbcenter\u00bb module_class=\u00bbbutton_green\u00bb _builder_version=\u00bb3.6&#8243; saved_tabs=\u00bball\u00bb global_module=\u00bb5107&#8243; \/][et_pb_text admin_label=\u00bbCondiciones, enlaces de inter\u00e9s\u00bb use_border_color=\u00bboff\u00bb module_class=\u00bbsidebar_links\u00bb background_position=\u00bbtop_left\u00bb background_repeat=\u00bbrepeat\u00bb background_size=\u00bbinitial\u00bb _builder_version=\u00bb3.6&#8243; saved_tabs=\u00bball\u00bb global_module=\u00bb5110&#8243;]<\/p>\n<ul>\n<li><a title=\"Condicions generals activitats\" href=\"\/kayaks?page_id=332\">Condiciones generales excursiones<\/a><\/li>\n<li><a title=\"Preguntes freq\u00fcents\" href=\"\/kayaks?page_id=129\">Preguntas frecuentes<\/a><\/li>\n<li><a title=\"Enlla\u00e7os d\u2019inter\u00e9s\" href=\"\/kayaks?page_id=131\">Enlazos de inter\u00e9s<\/a><\/li>\n<\/ul>\n<p>[\/et_pb_text][\/et_pb_column][\/et_pb_row][\/et_pb_section]<\/p>\n","protected":false},"excerpt":{"rendered":"<p>Inf\u00f3rmate y benefic\u00edate de los descuentos y promociones que te ofrecemos Descuento y promociones para grupos Grupos numerosos: Si eres un grupo de 10 personas o m\u00e1s disfruta de un descuento del 10% en cualquier excursi\u00f3n guiada. Socios del \u00abCentre Excursionista de Catalunya\u00bb: Los socios del CEC disfrutan de un descuento del 15% en cualquier [&hellip;]<\/p>\n","protected":false},"author":3,"featured_media":0,"parent":3939,"menu_order":0,"comment_status":"closed","ping_status":"closed","template":"","meta":{"_et_pb_use_builder":"on","_et_pb_old_content":"","_et_gb_content_width":"","inline_featured_image":false,"footnotes":""},"class_list":["post-5173","page","type-page","status-publish","hentry"],"yoast_head":"<!-- This site is optimized with the Yoast SEO plugin v27.1.1 - https:\/\/yoast.com\/product\/yoast-seo-wordpress\/ -->\n<title>Ofertas y packs - Kayaking Costa Brava<\/title>\n<meta name=\"robots\" content=\"index, follow, max-snippet:-1, max-image-preview:large, max-video-preview:-1\" \/>\n<link rel=\"canonical\" href=\"https:\/\/kayakingcostabrava.com\/es\/actividades\/ofertas-y-packs\/\" \/>\n<meta property=\"og:locale\" content=\"es_ES\" \/>\n<meta property=\"og:type\" content=\"article\" \/>\n<meta property=\"og:title\" content=\"Ofertas y packs - Kayaking Costa Brava\" \/>\n<meta property=\"og:description\" content=\"Inf\u00f3rmate y benefic\u00edate de los descuentos y promociones que te ofrecemos Descuento y promociones para grupos Grupos numerosos: Si eres un grupo de 10 personas o m\u00e1s disfruta de un descuento del 10% en cualquier excursi\u00f3n guiada. Socios del &quot;Centre Excursionista de Catalunya&quot;: Los socios del CEC disfrutan de un descuento del 15% en cualquier [&hellip;]\" \/>\n<meta property=\"og:url\" content=\"https:\/\/kayakingcostabrava.com\/es\/actividades\/ofertas-y-packs\/\" \/>\n<meta property=\"og:site_name\" content=\"Kayaking Costa Brava\" \/>\n<meta property=\"article:publisher\" content=\"https:\/\/www.facebook.com\/kayakingcostabrava\/\" \/>\n<meta property=\"article:modified_time\" content=\"2019-05-17T11:38:01+00:00\" \/>\n<meta name=\"twitter:card\" content=\"summary_large_image\" \/>\n<meta name=\"twitter:label1\" content=\"Tiempo de lectura\" \/>\n\t<meta name=\"twitter:data1\" content=\"6 minutos\" \/>\n<script type=\"application\/ld+json\" class=\"yoast-schema-graph\">{\"@context\":\"https:\/\/schema.org\",\"@graph\":[{\"@type\":\"WebPage\",\"@id\":\"https:\/\/kayakingcostabrava.com\/es\/actividades\/ofertas-y-packs\/\",\"url\":\"https:\/\/kayakingcostabrava.com\/es\/actividades\/ofertas-y-packs\/\",\"name\":\"Ofertas y packs - Kayaking Costa Brava\",\"isPartOf\":{\"@id\":\"https:\/\/kayakingcostabrava.com\/#website\"},\"datePublished\":\"2018-12-18T10:50:34+00:00\",\"dateModified\":\"2019-05-17T11:38:01+00:00\",\"breadcrumb\":{\"@id\":\"https:\/\/kayakingcostabrava.com\/es\/actividades\/ofertas-y-packs\/#breadcrumb\"},\"inLanguage\":\"es\",\"potentialAction\":[{\"@type\":\"ReadAction\",\"target\":[\"https:\/\/kayakingcostabrava.com\/es\/actividades\/ofertas-y-packs\/\"]}]},{\"@type\":\"BreadcrumbList\",\"@id\":\"https:\/\/kayakingcostabrava.com\/es\/actividades\/ofertas-y-packs\/#breadcrumb\",\"itemListElement\":[{\"@type\":\"ListItem\",\"position\":1,\"name\":\"Inici\",\"item\":\"https:\/\/kayakingcostabrava.com\/es\/\"},{\"@type\":\"ListItem\",\"position\":2,\"name\":\"Actividades\",\"item\":\"https:\/\/kayakingcostabrava.com\/es\/actividades\/\"},{\"@type\":\"ListItem\",\"position\":3,\"name\":\"Ofertas y packs\"}]},{\"@type\":\"WebSite\",\"@id\":\"https:\/\/kayakingcostabrava.com\/#website\",\"url\":\"https:\/\/kayakingcostabrava.com\/\",\"name\":\"Kayaking Costa Brava\",\"description\":\"Lloguer de caiacs, excursions, cursos, tenda online.\",\"potentialAction\":[{\"@type\":\"SearchAction\",\"target\":{\"@type\":\"EntryPoint\",\"urlTemplate\":\"https:\/\/kayakingcostabrava.com\/?s={search_term_string}\"},\"query-input\":{\"@type\":\"PropertyValueSpecification\",\"valueRequired\":true,\"valueName\":\"search_term_string\"}}],\"inLanguage\":\"es\"}]}<\/script>\n<!-- \/ Yoast SEO plugin. -->","yoast_head_json":{"title":"Ofertas y packs - Kayaking Costa Brava","robots":{"index":"index","follow":"follow","max-snippet":"max-snippet:-1","max-image-preview":"max-image-preview:large","max-video-preview":"max-video-preview:-1"},"canonical":"https:\/\/kayakingcostabrava.com\/es\/actividades\/ofertas-y-packs\/","og_locale":"es_ES","og_type":"article","og_title":"Ofertas y packs - Kayaking Costa Brava","og_description":"Inf\u00f3rmate y benefic\u00edate de los descuentos y promociones que te ofrecemos Descuento y promociones para grupos Grupos numerosos: Si eres un grupo de 10 personas o m\u00e1s disfruta de un descuento del 10% en cualquier excursi\u00f3n guiada. Socios del \"Centre Excursionista de Catalunya\": Los socios del CEC disfrutan de un descuento del 15% en cualquier [&hellip;]","og_url":"https:\/\/kayakingcostabrava.com\/es\/actividades\/ofertas-y-packs\/","og_site_name":"Kayaking Costa Brava","article_publisher":"https:\/\/www.facebook.com\/kayakingcostabrava\/","article_modified_time":"2019-05-17T11:38:01+00:00","twitter_card":"summary_large_image","twitter_misc":{"Tiempo de lectura":"6 minutos"},"schema":{"@context":"https:\/\/schema.org","@graph":[{"@type":"WebPage","@id":"https:\/\/kayakingcostabrava.com\/es\/actividades\/ofertas-y-packs\/","url":"https:\/\/kayakingcostabrava.com\/es\/actividades\/ofertas-y-packs\/","name":"Ofertas y packs - Kayaking Costa Brava","isPartOf":{"@id":"https:\/\/kayakingcostabrava.com\/#website"},"datePublished":"2018-12-18T10:50:34+00:00","dateModified":"2019-05-17T11:38:01+00:00","breadcrumb":{"@id":"https:\/\/kayakingcostabrava.com\/es\/actividades\/ofertas-y-packs\/#breadcrumb"},"inLanguage":"es","potentialAction":[{"@type":"ReadAction","target":["https:\/\/kayakingcostabrava.com\/es\/actividades\/ofertas-y-packs\/"]}]},{"@type":"BreadcrumbList","@id":"https:\/\/kayakingcostabrava.com\/es\/actividades\/ofertas-y-packs\/#breadcrumb","itemListElement":[{"@type":"ListItem","position":1,"name":"Inici","item":"https:\/\/kayakingcostabrava.com\/es\/"},{"@type":"ListItem","position":2,"name":"Actividades","item":"https:\/\/kayakingcostabrava.com\/es\/actividades\/"},{"@type":"ListItem","position":3,"name":"Ofertas y packs"}]},{"@type":"WebSite","@id":"https:\/\/kayakingcostabrava.com\/#website","url":"https:\/\/kayakingcostabrava.com\/","name":"Kayaking Costa Brava","description":"Lloguer de caiacs, excursions, cursos, tenda online.","potentialAction":[{"@type":"SearchAction","target":{"@type":"EntryPoint","urlTemplate":"https:\/\/kayakingcostabrava.com\/?s={search_term_string}"},"query-input":{"@type":"PropertyValueSpecification","valueRequired":true,"valueName":"search_term_string"}}],"inLanguage":"es"}]}},"_links":{"self":[{"href":"https:\/\/kayakingcostabrava.com\/es\/wp-json\/wp\/v2\/pages\/5173","targetHints":{"allow":["GET"]}}],"collection":[{"href":"https:\/\/kayakingcostabrava.com\/es\/wp-json\/wp\/v2\/pages"}],"about":[{"href":"https:\/\/kayakingcostabrava.com\/es\/wp-json\/wp\/v2\/types\/page"}],"author":[{"embeddable":true,"href":"https:\/\/kayakingcostabrava.com\/es\/wp-json\/wp\/v2\/users\/3"}],"replies":[{"embeddable":true,"href":"https:\/\/kayakingcostabrava.com\/es\/wp-json\/wp\/v2\/comments?post=5173"}],"version-history":[{"count":3,"href":"https:\/\/kayakingcostabrava.com\/es\/wp-json\/wp\/v2\/pages\/5173\/revisions"}],"predecessor-version":[{"id":5984,"href":"https:\/\/kayakingcostabrava.com\/es\/wp-json\/wp\/v2\/pages\/5173\/revisions\/5984"}],"up":[{"embeddable":true,"href":"https:\/\/kayakingcostabrava.com\/es\/wp-json\/wp\/v2\/pages\/3939"}],"wp:attachment":[{"href":"https:\/\/kayakingcostabrava.com\/es\/wp-json\/wp\/v2\/media?parent=5173"}],"curies":[{"name":"wp","href":"https:\/\/api.w.org\/{rel}","templated":true}]}}