{"id":5168,"date":"2018-12-18T10:48:00","date_gmt":"2018-12-18T10:48:00","guid":{"rendered":"https:\/\/www.kayakingcostabrava.com\/?page_id=5168"},"modified":"2022-08-26T09:07:34","modified_gmt":"2022-08-26T09:07:34","slug":"condiciones-generales-actividades","status":"publish","type":"page","link":"https:\/\/kayakingcostabrava.com\/es\/condiciones-generales-actividades\/","title":{"rendered":"Condiciones generales actividades"},"content":{"rendered":"<p>[et_pb_section bb_built=\u00bb1&#8243; fullwidth=\u00bbon\u00bb specialty=\u00bboff\u00bb transparent_background=\u00bboff\u00bb allow_player_pause=\u00bboff\u00bb inner_shadow=\u00bboff\u00bb parallax=\u00bboff\u00bb parallax_method=\u00bboff\u00bb padding_mobile=\u00bboff\u00bb make_fullwidth=\u00bboff\u00bb use_custom_width=\u00bboff\u00bb width_unit=\u00bbon\u00bb make_equal=\u00bboff\u00bb use_custom_gutter=\u00bboff\u00bb module_class=\u00bbheader_page\u00bb module_id=\u00bbcondicions\u00bb next_background_color=\u00bb#fffcdb\u00bb custom_padding_tablet=\u00bb50px|0|50px|0&#8243; custom_padding_last_edited=\u00bbon|desktop\u00bb prev_background_color=\u00bb#000000&#8243;][et_pb_fullwidth_header admin_label=\u00bbT\u00edtulo cabecera\u00bb title=\u00bbCondiciones generales excursiones\u00bb background_layout=\u00bblight\u00bb text_orientation=\u00bbleft\u00bb header_fullscreen=\u00bboff\u00bb header_scroll_down=\u00bboff\u00bb parallax=\u00bboff\u00bb parallax_method=\u00bboff\u00bb content_orientation=\u00bbcenter\u00bb image_orientation=\u00bbcenter\u00bb custom_button_one=\u00bboff\u00bb button_one_letter_spacing=\u00bb0&#8243; button_one_use_icon=\u00bbdefault\u00bb button_one_icon_placement=\u00bbright\u00bb button_one_on_hover=\u00bbon\u00bb button_one_letter_spacing_hover=\u00bb0&#8243; custom_button_two=\u00bboff\u00bb button_two_letter_spacing=\u00bb0&#8243; button_two_use_icon=\u00bbdefault\u00bb button_two_icon_placement=\u00bbright\u00bb button_two_on_hover=\u00bbon\u00bb button_two_letter_spacing_hover=\u00bb0&#8243; content_font_size=\u00bb10px\u00bb content_max_width=\u00bb100%\u00bb background_color=\u00bbrgba(255, 255, 255, 0)\u00bb button_one_text_size__hover_enabled=\u00bboff\u00bb button_one_text_size__hover=\u00bbnull\u00bb button_two_text_size__hover_enabled=\u00bboff\u00bb button_two_text_size__hover=\u00bbnull\u00bb button_one_text_color__hover_enabled=\u00bboff\u00bb button_one_text_color__hover=\u00bbnull\u00bb button_two_text_color__hover_enabled=\u00bboff\u00bb button_two_text_color__hover=\u00bbnull\u00bb button_one_border_width__hover_enabled=\u00bboff\u00bb button_one_border_width__hover=\u00bbnull\u00bb button_two_border_width__hover_enabled=\u00bboff\u00bb button_two_border_width__hover=\u00bbnull\u00bb button_one_border_color__hover_enabled=\u00bboff\u00bb button_one_border_color__hover=\u00bbnull\u00bb button_two_border_color__hover_enabled=\u00bboff\u00bb button_two_border_color__hover=\u00bbnull\u00bb button_one_border_radius__hover_enabled=\u00bboff\u00bb button_one_border_radius__hover=\u00bbnull\u00bb button_two_border_radius__hover_enabled=\u00bboff\u00bb button_two_border_radius__hover=\u00bbnull\u00bb button_one_letter_spacing__hover_enabled=\u00bbon\u00bb button_one_letter_spacing__hover=\u00bb0&#8243; button_two_letter_spacing__hover_enabled=\u00bbon\u00bb button_two_letter_spacing__hover=\u00bb0&#8243; button_one_bg_color__hover_enabled=\u00bboff\u00bb button_one_bg_color__hover=\u00bbnull\u00bb button_two_bg_color__hover_enabled=\u00bboff\u00bb button_two_bg_color__hover=\u00bbnull\u00bb \/][\/et_pb_section][et_pb_section bb_built=\u00bb1&#8243; fullwidth=\u00bboff\u00bb specialty=\u00bboff\u00bb transparent_background=\u00bboff\u00bb background_color=\u00bb#fffcdb\u00bb allow_player_pause=\u00bboff\u00bb inner_shadow=\u00bboff\u00bb parallax=\u00bboff\u00bb parallax_method=\u00bboff\u00bb padding_mobile=\u00bboff\u00bb make_fullwidth=\u00bboff\u00bb use_custom_width=\u00bboff\u00bb width_unit=\u00bbon\u00bb make_equal=\u00bboff\u00bb use_custom_gutter=\u00bboff\u00bb module_class=\u00bbbox_ficha\u00bb prev_background_color=\u00bb#ffffff\u00bb custom_padding_tablet=\u00bb50px|0|50px|0&#8243; custom_padding_last_edited=\u00bbon|desktop\u00bb][et_pb_row][et_pb_column type=\u00bb3_4&#8243;][et_pb_text use_border_color=\u00bboff\u00bb background_position=\u00bbtop_left\u00bb background_repeat=\u00bbrepeat\u00bb background_size=\u00bbinitial\u00bb _builder_version=\u00bb3.20.1&#8243;]<\/p>\n<p>Organizamos las salidas en <strong>grupos reducidos<\/strong> de un <strong>m\u00ednimo de 6 personas<\/strong> (8 personas durante la temporada baja) y un m\u00e1ximo de 12. <strong>TEMPORALIDAD Y TURNOS:<\/strong><\/p>\n<table width=\"658\">\n<tbody>\n<tr>\n<td><strong>de junio a septiembre<\/strong> <strong>(temporada alta)<\/strong><\/td>\n<td><strong>abril, mayo y octubre<\/strong> <strong>(temporada baja)<\/strong><\/td>\n<\/tr>\n<tr>\n<td>\n<ul>\n<li>Ma\u00f1ana: de 9h. a 13h.<\/li>\n<li>Tarde: de 15h. a 19h.<\/li>\n<\/ul>\n<\/td>\n<td>\n<ul>\n<li>Ma\u00f1ana: de 10h. a 14h.<\/li>\n<li>Tarde: de 16h. a 20h.<\/li>\n<\/ul>\n<\/td>\n<\/tr>\n<\/tbody>\n<\/table>\n<p>Los kayaks que se utilizan son <strong>individuales de traves\u00eda<\/strong>. Opcionalmente disponemos de kayaks dobles de traves\u00eda a petici\u00f3n expresa del cliente en el momento de la reserva de la actividad. Durante todo el recorrido el grupo cuenta con la asistencia de gu\u00edas-instructores titulados y el apoyo de una embarcaci\u00f3n de seguridad. El ejercicio de remar es muy sencillo y l\u00f3gico, sin embargo, antes de salir a la mar se hace una explicaci\u00f3n de la t\u00e9cnica m\u00e1s b\u00e1sica para que cualquier participante pueda hacer todo el itinerario sin dificultades. Durante la excursi\u00f3n se realiza una parada de 30 minutos para descansar. <strong>No se necesitan conocimientos previos ni condici\u00f3n f\u00edsica especial<\/strong> para las excursiones guiadas de:<\/p>\n<ul>\n<li>TAMARIU NORTE O SUR (de medio d\u00eda)<\/li>\n<li>CASTELL (de medio d\u00eda)<\/li>\n<li>PORTLLIGAT (de medio d\u00eda)<\/li>\n<\/ul>\n<p><strong>Hay que tener experiencia m\u00ednima en kayak de traves\u00eda<\/strong> o haber realizado alguna de las excursiones anteriores para:<\/p>\n<ul>\n<li>CALA MONTG\u00d3 (de medio d\u00eda)<\/li>\n<li>CAP DE CREUS (un d\u00eda)<\/li>\n<li>CAP DE CREUS (dos d\u00edas)<\/li>\n<li>OTRAS EXCURSIONES PROGRAMADAS POR UN D\u00cdA<\/li>\n<\/ul>\n<p><strong>CONDICIONES Y REQUISITOS<\/strong>:<\/p>\n<ul>\n<li>Saber nadar.<\/li>\n<li>Edad m\u00ednima de 13 a\u00f1os y 145 cm de estatura. (14 a\u00f1os para la excursi\u00f3n de Cala Montg\u00f3)<\/li>\n<li>Peso inferior a 120 Kg; altura inferior a 2 m (consultar con el centro en caso de tener un peso y\/o altura igual o superior a las indicadas).<\/li>\n<li>Los menores de edad deber\u00e1n ir acompa\u00f1ados por una persona responsable.<\/li>\n<li>Informar a Kayaking Costa Brava (antes de contratar la actividad) en caso de padecer alguna discapacidad, disfunci\u00f3n o patolog\u00eda, i\/o alg\u00fan tipo de alergia o enfermedad que se deba tener en cuenta para hacer dicha actividad; tambi\u00e9n es necesario informar de posibles estados de gestaci\u00f3n antes de contratar cualquier actividad.<\/li>\n<li>Llevar el d\u00eda de la actividad el equipamiento personal y requerido por Kayaking Costa Brava.<\/li>\n<li>Durante la sesi\u00f3n es obligatorio el uso del chaleco de ayuda a la flotabilidad (proporcionada por Kayaking Costa Brava).<\/li>\n<li>Seguir en todo momento las indicaciones de los t\u00e9cnicos \/ instructores de Kayaking tanto en el funcionamiento de la actividad como en el uso del material t\u00e9cnico.<\/li>\n<li>Imprescindible reserva previa. Para confirmar una reserva el cliente deber\u00e1 abonar el 100 % del importe total de la excursi\u00f3n.<\/li>\n<li>Es responsabilidad del cliente desplazarse hasta el lugar de salida de la actividad. Nuestras excursiones guiadas tienen su punto de salida en las playas correspondientes: ruta de Tamariu en la playa de Tamariu (Palafrugell), ruta de Castell en la playa de Castell (Palam\u00f3s), ruta de Cala Montg\u00f3 en la playa de Cala Montg\u00f3 (l\u2019Escala) y ruta de Portlligat en la playa de Portlligat (Cadaqu\u00e9s). No podemos proporcionar una direcci\u00f3n exacta ya que se trata de la misma playa (en la arena). <strong>En caso que el cliente se presente en la oficina de Kayaking en l\u2019Escala, \u00a0Kayaking Costa Brava no va a realizar su desplazamiento al punto de salida, conllevando la posible p\u00e9rdida de la reserva. <\/strong><\/li>\n<li>Nuestras actividades est\u00e1n sujetas a las condiciones meteorol\u00f3gicas cambiantes y al estado del mar, por este motivo a veces nos vemos obligados a comunicar cambios de \u00faltima hora, como cambio del punto de salida o anulaci\u00f3n de la actividad. Kayaking Costa Brava siempre comunica i\/o consulta con el cliente la conformidad de estos cambios mediante llamada telef\u00f3nica, correo electr\u00f3nico o mensaje de voz\/texto al m\u00f3vil, por esta raz\u00f3n recomendamos\u00a0 verificar y consultar posibles mensajes el d\u00eda antes de la actividad. En estas circunstancias Kayaking Costa Brava no se hace responsable del desplazamiento innecesario por parte del cliente.<\/li>\n<\/ul>\n<p>Se recomienda no llevar objetos de valor tanto en el servicio de alquiler como de excursiones guiadas. Kayaking Costa Brava no dispone de las estructuras adecuadas para custodiar el material personal, por este motivo no se responsabiliza de posibles p\u00e9rdidas o da\u00f1os en el material personal custodiado. <strong>CONTRATACI\u00d3N DE LAS EXCURSIONES GUIADAS Y POL\u00cdTICA DE CANCELACI\u00d3N<\/strong> Nuestras tarifas son por persona y con IVA. Este precio tambi\u00e9n incluye el equipamiento t\u00e9cnico y de seguridad (kayak, chaleco, pala y casco), dos gu\u00edas titulados y una embarcaci\u00f3n de seguridad. 1- Imprescindible reserva previa. 2- En el momento de la confirmaci\u00f3n de la reserva, el cliente deber\u00e1 abonar el 100% del importe total. 3- Nuestras actividades est\u00e1n sujetas al cambio de las condiciones meteorol\u00f3gicas y al estado del mar, incluso durante la salida. Por este motivo Kayaking Costa Brava se puede ver obligada a cancelar la actividad; en tal caso el cliente podr\u00e1 escoger entre posponer la actividad o a la devoluci\u00f3n del importe abonado. 4- Si cancela o modifica el cliente se aplicaran los siguientes criterios de penalizaci\u00f3n:<\/p>\n<ul>\n<li>Diez d\u00edas antes est\u00e1 penalizado con el 25% del importe total de la reserva<\/li>\n<li>De nueve a cuatro d\u00edas antes est\u00e1 penalizado con el 50% del importe total de la reserva<\/li>\n<li>Tres d\u00edas antes o menos est\u00e1 penalizado con el 100 % del importe total de la reserva<\/li>\n<\/ul>\n<p>5- Todos nuestros servicios incluyen Seguro de Responsabilidad Civil y Seguro de Accidentes. El seguro de Responsabilidad Civil P\u00f3liza N\u00ba1200050146, seguro de Accidentes P\u00f3liza N\u00ba1300000361, contratadas con la compa\u00f1\u00eda de seguros Berkley. El seguro de Accidentes no cubre a partir de los 65 a\u00f1os. La informaci\u00f3n completa sobre las condiciones y coberturas de los seguros est\u00e1 a disposici\u00f3n del cliente y se enviar\u00e1 a quien lo solicite. 6- El contrato y responsabilidad de Kayaking Costa Brava afecta exclusivamente al trabajo directo de sus t\u00e9cnicos y a la organizaci\u00f3n de la actividad. 7- Desde la confirmaci\u00f3n de la reserva el cliente asume de manera expresa la totalidad de las presentes Condiciones Generales. En el caso que una persona reserve por otra\/s, asume a su\/s nombre\/s todas y cada una de estas Condiciones. \u00a0 <strong>Material recomendado para las excursiones<\/strong> El servicio de excursiones guiadas de Kayaking Costa Brava incluye todo el material t\u00e9cnico necesario: kayak, pala, chaleco, casco (en las salidas que lo requieran), cubreba\u00f1eras, embarcaci\u00f3n de apoyo, neopreno (s\u00f3lo en invierno). A parte, recomendamos llevar una serie de material personal. <strong>Excursiones de \u00bd d\u00eda y 1 d\u00eda<\/strong> <strong>EXCURSIONES EN VERANO<\/strong><\/p>\n<ul>\n<li>ba\u00f1ador<\/li>\n<li>Protecci\u00f3n solar y gorra<\/li>\n<li>Camiseta para mojar<\/li>\n<li>Gafas de sol con dispositivo de sujeci\u00f3n para no perderlas<\/li>\n<li>Calzado cerrado apto para actividades acu\u00e1ticas (atado al pie), tipo escarpines o deportivas viejas que se puedan mojar<\/li>\n<li>Bebida para hidratarse<\/li>\n<li>Algo ligero para comer (opcional)<\/li>\n<li>Chaqueta impermeable y \/ o camiseta manga larga en caso de que el tiempo lo requiera<\/li>\n<li>Comida, s\u00f3lo para la excursi\u00f3n de un d\u00eda<\/li>\n<\/ul>\n<p><strong>EXCURSIONES OTO\u00d1O &#8211; INVIERNO<\/strong><\/p>\n<ul>\n<li>Ba\u00f1ador y camiseta t\u00e9rmica de manga larga<\/li>\n<li>chaqueta impermeable<\/li>\n<li>Protecci\u00f3n solar, gorra y gafas de sol (recomendamos llevar las gafas con un dispositivo de sujeci\u00f3n)<\/li>\n<li>Bebida y algo para comer<\/li>\n<li>Calzado cerrado apto para actividades acu\u00e1ticas (atado al pie), tipo escarpines o deportivas viejas que se puedan mojar<\/li>\n<li>Toalla y abrigo para cambiarse durante la parada<\/li>\n<li>Ropa de recambio<\/li>\n<li>Comida, s\u00f3lo para la excursi\u00f3n de un d\u00eda<\/li>\n<\/ul>\n<p><strong>Excursiones varios d\u00edas<\/strong> En las excursiones de varios d\u00edas es importante llevar el m\u00ednimo de equipaje posible, reduciendo el peso y el volumen. Nuestra recomendaci\u00f3n es: <strong>MATERIAL DE DESCANSO<\/strong><\/p>\n<ul>\n<li>Colchoneta o colch\u00f3n hinchable<\/li>\n<li>Saco de dormir para la \u00e9poca<\/li>\n<li>Ropa de repuesto<\/li>\n<li>Zapatillas deportivas o similar<\/li>\n<li>Linterna o frontal<\/li>\n<li>Forro polar<\/li>\n<li>Neceser b\u00e1sico<\/li>\n<li>Toalla<\/li>\n<li>Repelente mosquitos<\/li>\n<li>Platos, cubiertos y vaso<\/li>\n<li>Bolsas de basura (para poner dentro de los compartimentos estancos del kayak, evitando que el material se moje)<\/li>\n<\/ul>\n<p><strong>MATERIAL PARA REMAR<\/strong><\/p>\n<ul>\n<li>ba\u00f1ador<\/li>\n<li>Escarpines o calzado que se pueda mojar<\/li>\n<li>T\u00e9rmica o camiseta de manga corta y manga larga (en funci\u00f3n del tiempo)<\/li>\n<li>Chaqueta impermeable tipo Goretex o similar<\/li>\n<li>Pantalones o peto de neopreno<\/li>\n<li>Gafas de sol con dispositivo de sujeci\u00f3n<\/li>\n<li>Crema protectora solar y gorra<\/li>\n<li>Gafas de buceo y tubo (opcional)<\/li>\n<li>Bebida y algo para comer<\/li>\n<li>En caso de no disponer de neopreno y \/ o escarpines, nosotros podemos proporcionarle este equipamiento con reserva previa.<\/li>\n<\/ul>\n<p><strong>Avituallamiento<\/strong> <strong>RUTA DEL CAP DE CREUS (DOS D\u00cdAS)<\/strong> Hay que llevar el desayuno y la comida del 1er d\u00eda. Para la cena del primer d\u00eda, el desayuno y el almuerzo del segundo se hace un fondo colectivo.<\/p>\n<p>[\/et_pb_text][\/et_pb_column][et_pb_column type=\u00bb1_4&#8243;][et_pb_text admin_label=\u00bbCalendari\u00bb use_border_color=\u00bboff\u00bb module_class=\u00bbsidebar_calendar\u00bb background_position=\u00bbtop_left\u00bb background_repeat=\u00bbrepeat\u00bb background_size=\u00bbinitial\u00bb _builder_version=\u00bb3.6&#8243; saved_tabs=\u00bball\u00bb global_module=\u00bb5108&#8243;]<\/p>\n<p>\n<a title=\"Consulta el calendari de reserves\" href=\"\/kayaks?page_id=133\">Consulta el calendario de reservas<\/a><\/p>\n<p>[\/et_pb_text][et_pb_text admin_label=\u00bbcheques regalos\u00bb use_border_color=\u00bboff\u00bb border_color=\u00bb#ffffff\u00bb border_style=\u00bbsolid\u00bb module_class=\u00bbsidebar_xec\u00bb background_position=\u00bbtop_left\u00bb background_repeat=\u00bbrepeat\u00bb background_size=\u00bbinitial\u00bb _builder_version=\u00bb3.6&#8243; saved_tabs=\u00bball\u00bb global_module=\u00bb5136&#8243;]<\/p>\n<p>\ndisponemos de<\/p>\n<h3>cheques regalos<\/h3>\n<p><a title=\"cheques regalos de tus excursiones guiadas\" href=\"\/kayaks?page_id=329\">de tus excursiones guiadas<\/a><\/p>\n<p>[\/et_pb_text][et_pb_text admin_label=\u00bbCondiciones, enlaces de inter\u00e9s\u00bb use_border_color=\u00bboff\u00bb module_class=\u00bbsidebar_links\u00bb background_position=\u00bbtop_left\u00bb background_repeat=\u00bbrepeat\u00bb background_size=\u00bbinitial\u00bb _builder_version=\u00bb3.6&#8243; saved_tabs=\u00bball\u00bb global_module=\u00bb5110&#8243;]<\/p>\n<ul>\n<li><a title=\"Condicions generals activitats\" href=\"\/kayaks?page_id=332\">Condiciones generales excursiones<\/a><\/li>\n<li><a title=\"Preguntes freq\u00fcents\" href=\"\/kayaks?page_id=129\">Preguntas frecuentes<\/a><\/li>\n<li><a title=\"Enlla\u00e7os d\u2019inter\u00e9s\" href=\"\/kayaks?page_id=131\">Enlazos de inter\u00e9s<\/a><\/li>\n<\/ul>\n<p>[\/et_pb_text][et_pb_text admin_label=\u00bbOpinion Trip advisor\u00bb background_layout=\u00bblight\u00bb text_orientation=\u00bbleft\u00bb use_border_color=\u00bboff\u00bb border_color=\u00bb#ffffff\u00bb border_style=\u00bbsolid\u00bb background_position=\u00bbtop_left\u00bb background_repeat=\u00bbrepeat\u00bb background_size=\u00bbinitial\u00bb]<\/p>\n<div id=\"TA_cdswritereviewlg711\" class=\"TA_cdswritereviewlg\">\n<ul id=\"8tOfs48w\" class=\"TA_links Y9bpX0T\">\n<li id=\"1HfJIEq\" class=\"Z7DfA6hDPt\"><a href=\"https:\/\/www.tripadvisor.es\/\" target=\"_blank\" rel=\"noopener\"><img decoding=\"async\" src=\"https:\/\/www.tripadvisor.es\/img\/cdsi\/img2\/branding\/medium-logo-12097-2.png\" alt=\"TripAdvisor\" \/><\/a><\/li>\n<\/ul>\n<\/div>\n<p>[\/et_pb_text][\/et_pb_column][\/et_pb_row][\/et_pb_section]<\/p>\n","protected":false},"excerpt":{"rendered":"<p><div class=\"et_pb_row et_pb_row_0 et_pb_row_empty\">\n\t\t\t\t\n\t\t\t\t\n\t\t\t\t\n\t\t\t\t\n\t\t\t\t\n\t\t\t<\/div> Organizamos las salidas en grupos reducidos de un m\u00ednimo de 6 personas (8 personas durante la temporada baja) y un m\u00e1ximo de 12. TEMPORALIDAD Y TURNOS:de junio a septiembre (temporada alta)abril, mayo y octubre (temporada baja)Ma\u00f1ana: de 9h. a 13h.Tarde: de 15h. a 19h.Ma\u00f1ana: de 10h. a 14h.Tarde: de 16h. a 20h.Los kayaks que [&hellip;]<\/p>\n","protected":false},"author":3,"featured_media":0,"parent":0,"menu_order":0,"comment_status":"closed","ping_status":"closed","template":"","meta":{"_et_pb_use_builder":"on","_et_pb_old_content":"","_et_gb_content_width":"","inline_featured_image":false,"footnotes":""},"class_list":["post-5168","page","type-page","status-publish","hentry"],"yoast_head":"<!-- This site is optimized with the Yoast SEO plugin v27.1.1 - https:\/\/yoast.com\/product\/yoast-seo-wordpress\/ -->\n<title>Condiciones generales actividades - Kayaking Costa Brava<\/title>\n<meta name=\"robots\" content=\"index, follow, max-snippet:-1, max-image-preview:large, max-video-preview:-1\" \/>\n<link rel=\"canonical\" href=\"https:\/\/kayakingcostabrava.com\/es\/condiciones-generales-actividades\/\" \/>\n<meta property=\"og:locale\" content=\"es_ES\" \/>\n<meta property=\"og:type\" content=\"article\" \/>\n<meta property=\"og:title\" content=\"Condiciones generales actividades - Kayaking Costa Brava\" \/>\n<meta property=\"og:description\" content=\"Organizamos las salidas en grupos reducidos de un m\u00ednimo de 6 personas (8 personas durante la temporada baja) y un m\u00e1ximo de 12. TEMPORALIDAD Y TURNOS:de junio a septiembre (temporada alta)abril, mayo y octubre (temporada baja)Ma\u00f1ana: de 9h. a 13h.Tarde: de 15h. a 19h.Ma\u00f1ana: de 10h. a 14h.Tarde: de 16h. a 20h.Los kayaks que [&hellip;]\" \/>\n<meta property=\"og:url\" content=\"https:\/\/kayakingcostabrava.com\/es\/condiciones-generales-actividades\/\" \/>\n<meta property=\"og:site_name\" content=\"Kayaking Costa Brava\" \/>\n<meta property=\"article:publisher\" content=\"https:\/\/www.facebook.com\/kayakingcostabrava\/\" \/>\n<meta property=\"article:modified_time\" content=\"2022-08-26T09:07:34+00:00\" \/>\n<meta property=\"og:image\" content=\"https:\/\/www.tripadvisor.es\/img\/cdsi\/img2\/branding\/medium-logo-12097-2.png\" \/>\n<meta name=\"twitter:card\" content=\"summary_large_image\" \/>\n<meta name=\"twitter:label1\" content=\"Tiempo de lectura\" \/>\n\t<meta name=\"twitter:data1\" content=\"10 minutos\" \/>\n<script type=\"application\/ld+json\" class=\"yoast-schema-graph\">{\"@context\":\"https:\/\/schema.org\",\"@graph\":[{\"@type\":\"WebPage\",\"@id\":\"https:\/\/kayakingcostabrava.com\/es\/condiciones-generales-actividades\/\",\"url\":\"https:\/\/kayakingcostabrava.com\/es\/condiciones-generales-actividades\/\",\"name\":\"Condiciones generales actividades - Kayaking Costa Brava\",\"isPartOf\":{\"@id\":\"https:\/\/kayakingcostabrava.com\/#website\"},\"primaryImageOfPage\":{\"@id\":\"https:\/\/kayakingcostabrava.com\/es\/condiciones-generales-actividades\/#primaryimage\"},\"image\":{\"@id\":\"https:\/\/kayakingcostabrava.com\/es\/condiciones-generales-actividades\/#primaryimage\"},\"thumbnailUrl\":\"https:\/\/www.tripadvisor.es\/img\/cdsi\/img2\/branding\/medium-logo-12097-2.png\",\"datePublished\":\"2018-12-18T10:48:00+00:00\",\"dateModified\":\"2022-08-26T09:07:34+00:00\",\"breadcrumb\":{\"@id\":\"https:\/\/kayakingcostabrava.com\/es\/condiciones-generales-actividades\/#breadcrumb\"},\"inLanguage\":\"es\",\"potentialAction\":[{\"@type\":\"ReadAction\",\"target\":[\"https:\/\/kayakingcostabrava.com\/es\/condiciones-generales-actividades\/\"]}]},{\"@type\":\"ImageObject\",\"inLanguage\":\"es\",\"@id\":\"https:\/\/kayakingcostabrava.com\/es\/condiciones-generales-actividades\/#primaryimage\",\"url\":\"https:\/\/www.tripadvisor.es\/img\/cdsi\/img2\/branding\/medium-logo-12097-2.png\",\"contentUrl\":\"https:\/\/www.tripadvisor.es\/img\/cdsi\/img2\/branding\/medium-logo-12097-2.png\"},{\"@type\":\"BreadcrumbList\",\"@id\":\"https:\/\/kayakingcostabrava.com\/es\/condiciones-generales-actividades\/#breadcrumb\",\"itemListElement\":[{\"@type\":\"ListItem\",\"position\":1,\"name\":\"Inici\",\"item\":\"https:\/\/kayakingcostabrava.com\/es\/\"},{\"@type\":\"ListItem\",\"position\":2,\"name\":\"Condiciones generales actividades\"}]},{\"@type\":\"WebSite\",\"@id\":\"https:\/\/kayakingcostabrava.com\/#website\",\"url\":\"https:\/\/kayakingcostabrava.com\/\",\"name\":\"Kayaking Costa Brava\",\"description\":\"Lloguer de caiacs, excursions, cursos, tenda online.\",\"potentialAction\":[{\"@type\":\"SearchAction\",\"target\":{\"@type\":\"EntryPoint\",\"urlTemplate\":\"https:\/\/kayakingcostabrava.com\/?s={search_term_string}\"},\"query-input\":{\"@type\":\"PropertyValueSpecification\",\"valueRequired\":true,\"valueName\":\"search_term_string\"}}],\"inLanguage\":\"es\"}]}<\/script>\n<!-- \/ Yoast SEO plugin. -->","yoast_head_json":{"title":"Condiciones generales actividades - Kayaking Costa Brava","robots":{"index":"index","follow":"follow","max-snippet":"max-snippet:-1","max-image-preview":"max-image-preview:large","max-video-preview":"max-video-preview:-1"},"canonical":"https:\/\/kayakingcostabrava.com\/es\/condiciones-generales-actividades\/","og_locale":"es_ES","og_type":"article","og_title":"Condiciones generales actividades - Kayaking Costa Brava","og_description":"Organizamos las salidas en grupos reducidos de un m\u00ednimo de 6 personas (8 personas durante la temporada baja) y un m\u00e1ximo de 12. TEMPORALIDAD Y TURNOS:de junio a septiembre (temporada alta)abril, mayo y octubre (temporada baja)Ma\u00f1ana: de 9h. a 13h.Tarde: de 15h. a 19h.Ma\u00f1ana: de 10h. a 14h.Tarde: de 16h. a 20h.Los kayaks que [&hellip;]","og_url":"https:\/\/kayakingcostabrava.com\/es\/condiciones-generales-actividades\/","og_site_name":"Kayaking Costa Brava","article_publisher":"https:\/\/www.facebook.com\/kayakingcostabrava\/","article_modified_time":"2022-08-26T09:07:34+00:00","og_image":[{"url":"https:\/\/www.tripadvisor.es\/img\/cdsi\/img2\/branding\/medium-logo-12097-2.png","type":"","width":"","height":""}],"twitter_card":"summary_large_image","twitter_misc":{"Tiempo de lectura":"10 minutos"},"schema":{"@context":"https:\/\/schema.org","@graph":[{"@type":"WebPage","@id":"https:\/\/kayakingcostabrava.com\/es\/condiciones-generales-actividades\/","url":"https:\/\/kayakingcostabrava.com\/es\/condiciones-generales-actividades\/","name":"Condiciones generales actividades - Kayaking Costa Brava","isPartOf":{"@id":"https:\/\/kayakingcostabrava.com\/#website"},"primaryImageOfPage":{"@id":"https:\/\/kayakingcostabrava.com\/es\/condiciones-generales-actividades\/#primaryimage"},"image":{"@id":"https:\/\/kayakingcostabrava.com\/es\/condiciones-generales-actividades\/#primaryimage"},"thumbnailUrl":"https:\/\/www.tripadvisor.es\/img\/cdsi\/img2\/branding\/medium-logo-12097-2.png","datePublished":"2018-12-18T10:48:00+00:00","dateModified":"2022-08-26T09:07:34+00:00","breadcrumb":{"@id":"https:\/\/kayakingcostabrava.com\/es\/condiciones-generales-actividades\/#breadcrumb"},"inLanguage":"es","potentialAction":[{"@type":"ReadAction","target":["https:\/\/kayakingcostabrava.com\/es\/condiciones-generales-actividades\/"]}]},{"@type":"ImageObject","inLanguage":"es","@id":"https:\/\/kayakingcostabrava.com\/es\/condiciones-generales-actividades\/#primaryimage","url":"https:\/\/www.tripadvisor.es\/img\/cdsi\/img2\/branding\/medium-logo-12097-2.png","contentUrl":"https:\/\/www.tripadvisor.es\/img\/cdsi\/img2\/branding\/medium-logo-12097-2.png"},{"@type":"BreadcrumbList","@id":"https:\/\/kayakingcostabrava.com\/es\/condiciones-generales-actividades\/#breadcrumb","itemListElement":[{"@type":"ListItem","position":1,"name":"Inici","item":"https:\/\/kayakingcostabrava.com\/es\/"},{"@type":"ListItem","position":2,"name":"Condiciones generales actividades"}]},{"@type":"WebSite","@id":"https:\/\/kayakingcostabrava.com\/#website","url":"https:\/\/kayakingcostabrava.com\/","name":"Kayaking Costa Brava","description":"Lloguer de caiacs, excursions, cursos, tenda online.","potentialAction":[{"@type":"SearchAction","target":{"@type":"EntryPoint","urlTemplate":"https:\/\/kayakingcostabrava.com\/?s={search_term_string}"},"query-input":{"@type":"PropertyValueSpecification","valueRequired":true,"valueName":"search_term_string"}}],"inLanguage":"es"}]}},"_links":{"self":[{"href":"https:\/\/kayakingcostabrava.com\/es\/wp-json\/wp\/v2\/pages\/5168","targetHints":{"allow":["GET"]}}],"collection":[{"href":"https:\/\/kayakingcostabrava.com\/es\/wp-json\/wp\/v2\/pages"}],"about":[{"href":"https:\/\/kayakingcostabrava.com\/es\/wp-json\/wp\/v2\/types\/page"}],"author":[{"embeddable":true,"href":"https:\/\/kayakingcostabrava.com\/es\/wp-json\/wp\/v2\/users\/3"}],"replies":[{"embeddable":true,"href":"https:\/\/kayakingcostabrava.com\/es\/wp-json\/wp\/v2\/comments?post=5168"}],"version-history":[{"count":1,"href":"https:\/\/kayakingcostabrava.com\/es\/wp-json\/wp\/v2\/pages\/5168\/revisions"}],"predecessor-version":[{"id":9649,"href":"https:\/\/kayakingcostabrava.com\/es\/wp-json\/wp\/v2\/pages\/5168\/revisions\/9649"}],"wp:attachment":[{"href":"https:\/\/kayakingcostabrava.com\/es\/wp-json\/wp\/v2\/media?parent=5168"}],"curies":[{"name":"wp","href":"https:\/\/api.w.org\/{rel}","templated":true}]}}